{"id":1219,"date":"2021-05-12T17:22:33","date_gmt":"2021-05-12T17:22:33","guid":{"rendered":"https:\/\/www.act-grupa.hr\/web\/?page_id=1219"},"modified":"2021-05-14T07:12:28","modified_gmt":"2021-05-14T07:12:28","slug":"polica-privatnosti","status":"publish","type":"page","link":"https:\/\/act-grupa.hr\/en\/polica-privatnosti\/","title":{"rendered":"Polica privatnosti"},"content":{"rendered":"<div data-elementor-type=\"wp-page\" data-elementor-id=\"1219\" class=\"elementor elementor-1219\" data-elementor-post-type=\"page\">\n\t\t\t\t\t\t<section class=\"elementor-section elementor-top-section elementor-element elementor-element-241707f5 elementor-section-boxed elementor-section-height-default elementor-section-height-default\" data-id=\"241707f5\" data-element_type=\"section\" data-e-type=\"section\">\n\t\t\t\t\t\t<div class=\"elementor-container elementor-column-gap-default\">\n\t\t\t\t\t<div class=\"elementor-column elementor-col-100 elementor-top-column elementor-element elementor-element-f2dc265\" data-id=\"f2dc265\" data-element_type=\"column\" data-e-type=\"column\">\n\t\t\t<div class=\"elementor-widget-wrap elementor-element-populated\">\n\t\t\t\t\t\t<div class=\"elementor-element elementor-element-d63a31e elementor-widget elementor-widget-text-editor\" data-id=\"d63a31e\" data-element_type=\"widget\" data-e-type=\"widget\" data-widget_type=\"text-editor.default\">\n\t\t\t\t<div class=\"elementor-widget-container\">\n\t\t\t\t\t\t\t\t\t<div class=\"post-title-wrapper\"><h1 class=\"post-title\">Polica privatnosti<\/h1><\/div><p>Po\u0161tujemo i \u0161titimo va\u0161u privatnost, molimo vas da na\u0161u politiku privatnosti pa\u017eljivo pro\u010ditate kako biste saznali kako prikupljamo, obra\u0111ujemo, \u0161titimo ili na bilo koji drugi na\u010din koristimo va\u0161e osobne podatke.<\/p><h2>Voditelj obrade podataka<\/h2><p><strong>ACT Grupa<\/strong><br \/>Dr. Ivana Novaka 38<br \/>40000 \u010cakovec<br \/>OIB: 17942508126<br \/>Kontakt:\u00a0<a href=\"mailto:zastita.podataka@act-grupa.hr\">zastita.podataka@act-grupa.hr<\/a><\/p><h2>Koje podatke prikupljamo i za\u0161to?<\/h2><p>Svoje osobne podatke na ovoj stranici ostavljate dobrovoljno putem emaila i forme za kontakt. Prilikom slanja svojih osobnih podataka dajete svoju suglasnost na svrhu obrade, na\u010din pohrane i za\u0161titu osobnih podataka opisanim u ovoj politici privatnosti.<\/p><p>Popunjavanjem kontakt forme dajete privolu ACT Grupi za prikupljanje i obradu osobnih podataka navedenih u obrascu u svrhu obrade upita (u skladu s Op\u0107om uredbom o za\u0161titi osobnih podataka). Navedeni osobni podaci koristit \u0107e se najvi\u0161e godinu dana nakon zaprimanja. Podaci \u0107e biti dostupni isklju\u010divo zaposlenicima ACT Grupe. Svaki prigovor na obradu navedenih podataka mo\u017eete poslati na:\u00a0<a href=\"mailto:zastita.podataka@act-grupa.hr\">zastita.podataka@act-grupa.hr<\/a>. Ova privola se mo\u017ee povu\u0107i u svakom trenutku tako\u0111er na navedenu e-mail adresu.<\/p><p>Ne obra\u0111ujemo vi\u0161e osobnih podataka no \u0161to je doista potrebno za pru\u017eanje usluga te da vam mo\u017eemo odgovoriti na postavljeni upit. Svrha i pravni temelj za obradu osobnih podataka je va\u0161a privola, odnosno suglasnost prilikom kori\u0161tenja na\u0161e web stranice ili slanja upita.<\/p><p>Prilikom slanja upita mo\u017eemo obra\u0111ivati sljede\u0107e osobne podatke: va\u0161e ime i prezime, email adresu, naziv poduze\u0107a, broj telefona za kontakt i druge podatke koje ste ostavili u kontakt obrascu ili posalli putem emaila.<\/p><p>Podatke koje nam po\u0161aljete spremamo u elektroni\u010dkom obliku i \u010duvamo u na\u0161oj bazi. Osobne podatke koje ste nam u\u010dinili dostupnim putem kontakt forme ili putem emaila obra\u0111ivati \u0107emo najvi\u0161e godinu dana nakon zaprimanja ili do trenutka dok ne zatra\u017eite njihovo brisanje.<\/p><p>Prikupljene podatke ne prenosimo niti pohranjujemo izvan zemalja Europske unije.<\/p><h2>Pravila za\u0161tite privatnosti drugih web stranica\/tre\u0107ih strana<\/h2><p>Na na\u0161im stranicama prona\u0107i \u0107ete linkove na druge web stranice ili portale. Pravila za\u0161tite privatnosti na tim portalima mogu biti druga\u010dija od pravila za\u0161tite privatnosti na web stranicama\u00a0<a href=\"http:\/\/www.act-grupa.h\/\">www.act-grupa.h<\/a>r. Na na\u0161oj stranici mo\u017eemo vam ponuditi i poveznice na dru\u0161tvene mre\u017ee koje omogu\u0107avaju dijeljenje osobnih podataka. Stoga vas molimo da se upoznate s pravilima za\u0161tite privatnosti koja se primjenjuju na drugim stranicama, portalima ili na dru\u0161tvenim mre\u017eama.<\/p><h2>Koje kola\u010di\u0107e koristimo i za\u0161to?<\/h2><p>Kola\u010di\u0107i su male tekstualne datoteke koje se koriste za pohranjivanje informacija. Kola\u010di\u0107i se pohranjuju na va\u0161em ure\u0111aju kada se web stranica u\u010dita u va\u0161 preglednik. Kola\u010di\u0107i nam poma\u017eu da web stranica funkcionira ispravno, u\u010dini je sigurnijom, pru\u017ei bolje korisni\u010dko iskustvo i prati kako web stranica funkcionira te analizira gdje je potrebno pobolj\u0161anje.<\/p><p>Kao i ve\u0107ina internetskih usluga, na\u0161a web stranica koristi kola\u010di\u0107e prve i tre\u0107e strane za razli\u010dite svrhe. Kola\u010di\u0107i prve strane uglavnom su potrebni kako bi web stranica funkcionirala na ispravan na\u010din, ali pritom ne prikupljaju va\u0161e osobne podatke.<\/p><p>Kola\u010di\u0107i tre\u0107ih strana koji se koriste na na\u0161im web stranicama koriste se za pra\u0107enje kako web stranica funkcionira, na koji na\u010din ostvarujete interakciju s na\u0161om web stranicom, a sve kako bi vam pru\u017eili bolje korisni\u010dko iskustvo i pomogli interakciji s na\u0161om web stranicom<\/p><h3>Vrste kola\u010di\u0107a<\/h3><p><strong>Nu\u017eni:<\/strong>\u00a0Neki kola\u010di\u0107i su neophodni da biste mogli do\u017eivjeti potpunu funkcionalnost na\u0161e web stranice. Oni nam omogu\u0107uju odr\u017eavanje korisni\u010dkih sesija i sprje\u010davanje sigurnosnih prijetnji. Ne prikupljaju i ne pohranjuju nikakve osobne podatke.<\/p><p><strong>Statistika:<\/strong>\u00a0Kola\u010di\u0107i pohranjuju informacije kao \u0161to su broj posjetitelja web stranice, broj jedinstvenih posjetitelja, koje su stranice posjetili, izvor posjeta itd. Ovi podaci nam poma\u017eu razumjeti i analizirati koliko dobro web stranica funkcionira i gdje je potrebno pobolj\u0161anje.<\/p><p><strong>Funkcionalni:<\/strong>\u00a0Kola\u010di\u0107i koji poma\u017eu odre\u0111ene funkcionalnosti koje nisu bitne na na\u0161oj web stranici. Ove funkcionalnosti uklju\u010duju ugra\u0111ivanje sadr\u017eaja kao \u0161to su videozapisi ili dijeljenje sadr\u017eaja na web stranici na platformama dru\u0161tvenih medija.<\/p><h3>Google Analytics<\/h3><p>Na ovoj stranici pratimo statisti\u010dku posje\u0107enost isklju\u010divo radi dobivanja nu\u017enih informacija o privla\u010dnosti i uspje\u0161nosti web stranica te korisni\u010dkoj aktivnosti i pritom koristimo uslugu tre\u0107e strane pod nazivom Google Analytics.<\/p><p>Korisni\u010dka aktivnost se prati radi osiguravanja ispravnog funkcioniranja web stranice te s ciljem unapre\u0111ivanja stranice i pobolj\u0161anja korisni\u010dkog iskustva. Google Analytics ne omogu\u0107uje identifikaciju korisnika, iako obra\u0111uje neke tipove privatnih podataka poput IP adrese. To se posti\u017ee agregiranjem podataka te tehnikama anonimizacije poput maskiranja IP adrese.<\/p><p>Kako bismo vam pru\u017eili bolje korisni\u010dko iskustvo te efikasno planirali budu\u0107e aktivnosti, koristimo alat Google Analytics Advertising Reporting Features koji pru\u017ea uvid u podatke o spolu, dobi i interesima korisnika. Ovi podaci su temeljeni na kola\u010di\u0107ima tre\u0107e strane, tako\u0111er su anonimni te ne mogu poslu\u017eiti za identifikaciju korisnika. Detaljne informacije o ovoj usluzi i kola\u010di\u0107ima koje koristi, kao i o mogu\u0107nostima korisnika da reguliraju pra\u0107enje vlastite aktivnosti, dostupne su na:\u00a0<a href=\"https:\/\/www.google.com\/analytics\/policies\/\">https:\/\/www.google.com\/analytics\/policies\/<\/a><\/p><h2>Koja su va\u0161a prava?<\/h2><p>U svakom trenutku od nas mo\u017eete zatra\u017eiti informaciju o tome kako i koje va\u0161e osobne podatake obra\u0111ujemo te zatra\u017eiti ostvarivanje sljede\u0107ih prava:<\/p><ul><li>pristup va\u0161im osobnim podatcima<\/li><li>ispravak ili dopunu va\u0161ih osobnih podataka<\/li><li>brisanje osobnih podataka<\/li><li>ograni\u010denje obrade osobnih podataka<\/li><li>prijenos podataka<\/li><li>povla\u010denje suglasnosti za obradu podataka<\/li><\/ul><p>Prikupljene osobne podatke obra\u0111ujemo uz obaveznu primjenu odgovaraju\u0107ih tehni\u010dkih i organizacijskih mjera sigurnosti kako bismo sprije\u010dili svaku neovla\u0161tenu obradu podataka. Pristup va\u0161im osobnim podacima dostupan je isklju\u010divo zaposlenicima kojima su te informacije nu\u017ene u pru\u017eanju usluga i informacijama o na\u0161im uslugama. Kontinuirano se educiramo o va\u017enosti povjerljivosti podataka te \u010duvanju privatnosti i za\u0161titi va\u0161ih podataka. Prikupljamo samo one podatke koji su nu\u017eni i ne \u010duvamo ih dulje nego li je to potrebno, odnosno odre\u0111eno zakonskim propisima.<\/p><p>Zahtjev, ostvarenje svojih prava, odnosno za uvid, povla\u010denje privole, brisanje ili izmjenu va\u0161ih podataka iz na\u0161e baze mo\u017eete poslati emailom na adresu\u00a0<a href=\"https:\/\/www.podrska-poduzetnicima.hr\/zastita.podataka@act-grupa.hr\">zastita.podataka@act-grupa.hr<\/a>.<\/p><p>Prema va\u017ee\u0107im zakonskim propisima kojima je regulirana za\u0161tita osobnih podataka svaki va\u0161 zahtjev\/upit bit \u0107e rije\u0161en \u0161to je prije mogu\u0107e, a najkasnije u roku od 30 dana od zaprimanja.<\/p><p>Ukoliko smatrate da je neko od va\u0161ih prava povrije\u0111eno mo\u017eete podnijeti prigovor Agenciji za\u0161titu osobnih podataka na kontakt \u2013 Selska cesta 136 , HR-10 000 Zagreb, email:\u00a0<a href=\"mailto:azop@azop.hr\">azop@azop.hr.<\/a><\/p><h2>Sudjelovanje na webinarima<\/h2><p>ACT Grupa odr\u017eava webinare putem aplikacije Zoom i po potrebi iste snima. To zna\u010di da kada se pridru\u017eite webinaru koji mi odr\u017eavamo, ACT Grupa obra\u0111uje va\u0161e osobne podatke. Detaljnija pravila i uvjete sudjelovanja na webinarima i kako \u0161titimo osobne podatke sudionika\/ica potra\u017eite <a href=\"https:\/\/act-grupa.hr\/web\/wp-content\/uploads\/2021\/05\/AG_GDPR_webinari.pdf\">ovdje<\/a>.\u00a0<\/p>\t\t\t\t\t\t\t\t<\/div>\n\t\t\t\t<\/div>\n\t\t\t\t\t<\/div>\n\t\t<\/div>\n\t\t\t\t\t<\/div>\n\t\t<\/section>\n\t\t\t\t<\/div>","protected":false},"excerpt":{"rendered":"<p>Polica privatnosti Po\u0161tujemo i \u0161titimo va\u0161u privatnost, molimo vas da na\u0161u politiku privatnosti pa\u017eljivo pro\u010ditate kako biste saznali kako prikupljamo, obra\u0111ujemo, \u0161titimo ili na bilo koji drugi na\u010din koristimo va\u0161e osobne podatke. Voditelj obrade podataka ACT GrupaDr. Ivana Novaka 3840000 \u010cakovecOIB: 17942508126Kontakt:\u00a0zastita.podataka@act-grupa.hr Koje podatke prikupljamo i za\u0161to? Svoje osobne podatke na ovoj stranici ostavljate dobrovoljno [&hellip;]<\/p>\n","protected":false},"author":1,"featured_media":0,"parent":0,"menu_order":0,"comment_status":"closed","ping_status":"closed","template":"elementor_header_footer","meta":{"site-sidebar-layout":"default","site-content-layout":"default","ast-site-content-layout":"default","site-content-style":"default","site-sidebar-style":"default","ast-global-header-display":"","ast-banner-title-visibility":"","ast-main-header-display":"","ast-hfb-above-header-display":"","ast-hfb-below-header-display":"","ast-hfb-mobile-header-display":"","site-post-title":"disabled","ast-breadcrumbs-content":"","ast-featured-img":"","footer-sml-layout":"","ast-disable-related-posts":"","theme-transparent-header-meta":"default","adv-header-id-meta":"","stick-header-meta":"default","header-above-stick-meta":"","header-main-stick-meta":"","header-below-stick-meta":"","astra-migrate-meta-layouts":"default","ast-page-background-enabled":"default","ast-page-background-meta":{"desktop":{"background-color":"","background-image":"","background-repeat":"repeat","background-position":"center center","background-size":"auto","background-attachment":"scroll","background-type":"","background-media":"","overlay-type":"","overlay-color":"","overlay-opacity":"","overlay-gradient":""},"tablet":{"background-color":"","background-image":"","background-repeat":"repeat","background-position":"center center","background-size":"auto","background-attachment":"scroll","background-type":"","background-media":"","overlay-type":"","overlay-color":"","overlay-opacity":"","overlay-gradient":""},"mobile":{"background-color":"","background-image":"","background-repeat":"repeat","background-position":"center center","background-size":"auto","background-attachment":"scroll","background-type":"","background-media":"","overlay-type":"","overlay-color":"","overlay-opacity":"","overlay-gradient":""}},"ast-content-background-meta":{"desktop":{"background-color":"var(--ast-global-color-5)","background-image":"","background-repeat":"repeat","background-position":"center center","background-size":"auto","background-attachment":"scroll","background-type":"","background-media":"","overlay-type":"","overlay-color":"","overlay-opacity":"","overlay-gradient":""},"tablet":{"background-color":"var(--ast-global-color-5)","background-image":"","background-repeat":"repeat","background-position":"center center","background-size":"auto","background-attachment":"scroll","background-type":"","background-media":"","overlay-type":"","overlay-color":"","overlay-opacity":"","overlay-gradient":""},"mobile":{"background-color":"var(--ast-global-color-5)","background-image":"","background-repeat":"repeat","background-position":"center center","background-size":"auto","background-attachment":"scroll","background-type":"","background-media":"","overlay-type":"","overlay-color":"","overlay-opacity":"","overlay-gradient":""}},"footnotes":""},"class_list":["post-1219","page","type-page","status-publish","hentry"],"yoast_head":"<!-- This site is optimized with the Yoast SEO plugin v27.4 - https:\/\/yoast.com\/product\/yoast-seo-wordpress\/ -->\n<title>Polica privatnosti - ACT Grupa<\/title>\n<meta name=\"robots\" content=\"index, follow, max-snippet:-1, max-image-preview:large, max-video-preview:-1\" \/>\n<link rel=\"canonical\" href=\"https:\/\/act-grupa.hr\/en\/polica-privatnosti\/\" \/>\n<meta property=\"og:locale\" content=\"en_GB\" \/>\n<meta property=\"og:type\" content=\"article\" \/>\n<meta property=\"og:title\" content=\"Polica privatnosti - ACT Grupa\" \/>\n<meta property=\"og:description\" content=\"Polica privatnosti Po\u0161tujemo i \u0161titimo va\u0161u privatnost, molimo vas da na\u0161u politiku privatnosti pa\u017eljivo pro\u010ditate kako biste saznali kako prikupljamo, obra\u0111ujemo, \u0161titimo ili na bilo koji drugi na\u010din koristimo va\u0161e osobne podatke. Voditelj obrade podataka ACT GrupaDr. Ivana Novaka 3840000 \u010cakovecOIB: 17942508126Kontakt:\u00a0zastita.podataka@act-grupa.hr Koje podatke prikupljamo i za\u0161to? Svoje osobne podatke na ovoj stranici ostavljate dobrovoljno [&hellip;]\" \/>\n<meta property=\"og:url\" content=\"https:\/\/act-grupa.hr\/en\/polica-privatnosti\/\" \/>\n<meta property=\"og:site_name\" content=\"ACT Grupa\" \/>\n<meta property=\"article:publisher\" content=\"https:\/\/www.facebook.com\/ACTGrupa\" \/>\n<meta property=\"article:modified_time\" content=\"2021-05-14T07:12:28+00:00\" \/>\n<meta property=\"og:image\" content=\"https:\/\/act-grupa.hr\/web\/wp-content\/uploads\/2021\/04\/act_grupa.jpg\" \/>\n\t<meta property=\"og:image:width\" content=\"842\" \/>\n\t<meta property=\"og:image:height\" content=\"595\" \/>\n\t<meta property=\"og:image:type\" content=\"image\/jpeg\" \/>\n<meta name=\"twitter:card\" content=\"summary_large_image\" \/>\n<meta name=\"twitter:label1\" content=\"Estimated reading time\" \/>\n\t<meta name=\"twitter:data1\" content=\"6 minutes\" \/>\n<script type=\"application\/ld+json\" class=\"yoast-schema-graph\">{\"@context\":\"https:\\\/\\\/schema.org\",\"@graph\":[{\"@type\":\"WebPage\",\"@id\":\"https:\\\/\\\/act-grupa.hr\\\/polica-privatnosti\\\/\",\"url\":\"https:\\\/\\\/act-grupa.hr\\\/polica-privatnosti\\\/\",\"name\":\"Polica privatnosti - ACT Grupa\",\"isPartOf\":{\"@id\":\"https:\\\/\\\/act-grupa.hr\\\/#website\"},\"datePublished\":\"2021-05-12T17:22:33+00:00\",\"dateModified\":\"2021-05-14T07:12:28+00:00\",\"breadcrumb\":{\"@id\":\"https:\\\/\\\/act-grupa.hr\\\/polica-privatnosti\\\/#breadcrumb\"},\"inLanguage\":\"en-GB\",\"potentialAction\":[{\"@type\":\"ReadAction\",\"target\":[\"https:\\\/\\\/act-grupa.hr\\\/polica-privatnosti\\\/\"]}]},{\"@type\":\"BreadcrumbList\",\"@id\":\"https:\\\/\\\/act-grupa.hr\\\/polica-privatnosti\\\/#breadcrumb\",\"itemListElement\":[{\"@type\":\"ListItem\",\"position\":1,\"name\":\"Home\",\"item\":\"https:\\\/\\\/act-grupa.hr\\\/\"},{\"@type\":\"ListItem\",\"position\":2,\"name\":\"Polica privatnosti\"}]},{\"@type\":\"WebSite\",\"@id\":\"https:\\\/\\\/act-grupa.hr\\\/#website\",\"url\":\"https:\\\/\\\/act-grupa.hr\\\/\",\"name\":\"ACT Grupa\",\"description\":\"Dobri za posao. Dobri za dru\u0161tvo.\",\"publisher\":{\"@id\":\"https:\\\/\\\/act-grupa.hr\\\/#organization\"},\"potentialAction\":[{\"@type\":\"SearchAction\",\"target\":{\"@type\":\"EntryPoint\",\"urlTemplate\":\"https:\\\/\\\/act-grupa.hr\\\/?s={search_term_string}\"},\"query-input\":{\"@type\":\"PropertyValueSpecification\",\"valueRequired\":true,\"valueName\":\"search_term_string\"}}],\"inLanguage\":\"en-GB\"},{\"@type\":\"Organization\",\"@id\":\"https:\\\/\\\/act-grupa.hr\\\/#organization\",\"name\":\"ACT Grupa\",\"url\":\"https:\\\/\\\/act-grupa.hr\\\/\",\"logo\":{\"@type\":\"ImageObject\",\"inLanguage\":\"en-GB\",\"@id\":\"https:\\\/\\\/act-grupa.hr\\\/#\\\/schema\\\/logo\\\/image\\\/\",\"url\":\"https:\\\/\\\/act-grupa.hr\\\/web\\\/wp-content\\\/uploads\\\/2026\\\/01\\\/AG_logo_transparent-scaled.png\",\"contentUrl\":\"https:\\\/\\\/act-grupa.hr\\\/web\\\/wp-content\\\/uploads\\\/2026\\\/01\\\/AG_logo_transparent-scaled.png\",\"width\":2560,\"height\":834,\"caption\":\"ACT Grupa\"},\"image\":{\"@id\":\"https:\\\/\\\/act-grupa.hr\\\/#\\\/schema\\\/logo\\\/image\\\/\"},\"sameAs\":[\"https:\\\/\\\/www.facebook.com\\\/ACTGrupa\",\"https:\\\/\\\/www.instagram.com\\\/actgrupa\\\/\",\"https:\\\/\\\/www.youtube.com\\\/@actgrupa\",\"https:\\\/\\\/www.linkedin.com\\\/company\\\/act-grupa\"]}]}<\/script>\n<!-- \/ Yoast SEO plugin. -->","yoast_head_json":{"title":"Polica privatnosti - ACT Grupa","robots":{"index":"index","follow":"follow","max-snippet":"max-snippet:-1","max-image-preview":"max-image-preview:large","max-video-preview":"max-video-preview:-1"},"canonical":"https:\/\/act-grupa.hr\/en\/polica-privatnosti\/","og_locale":"en_GB","og_type":"article","og_title":"Polica privatnosti - ACT Grupa","og_description":"Polica privatnosti Po\u0161tujemo i \u0161titimo va\u0161u privatnost, molimo vas da na\u0161u politiku privatnosti pa\u017eljivo pro\u010ditate kako biste saznali kako prikupljamo, obra\u0111ujemo, \u0161titimo ili na bilo koji drugi na\u010din koristimo va\u0161e osobne podatke. Voditelj obrade podataka ACT GrupaDr. Ivana Novaka 3840000 \u010cakovecOIB: 17942508126Kontakt:\u00a0zastita.podataka@act-grupa.hr Koje podatke prikupljamo i za\u0161to? Svoje osobne podatke na ovoj stranici ostavljate dobrovoljno [&hellip;]","og_url":"https:\/\/act-grupa.hr\/en\/polica-privatnosti\/","og_site_name":"ACT Grupa","article_publisher":"https:\/\/www.facebook.com\/ACTGrupa","article_modified_time":"2021-05-14T07:12:28+00:00","og_image":[{"width":842,"height":595,"url":"https:\/\/act-grupa.hr\/web\/wp-content\/uploads\/2021\/04\/act_grupa.jpg","type":"image\/jpeg"}],"twitter_card":"summary_large_image","twitter_misc":{"Estimated reading time":"6 minutes"},"schema":{"@context":"https:\/\/schema.org","@graph":[{"@type":"WebPage","@id":"https:\/\/act-grupa.hr\/polica-privatnosti\/","url":"https:\/\/act-grupa.hr\/polica-privatnosti\/","name":"Polica privatnosti - ACT Grupa","isPartOf":{"@id":"https:\/\/act-grupa.hr\/#website"},"datePublished":"2021-05-12T17:22:33+00:00","dateModified":"2021-05-14T07:12:28+00:00","breadcrumb":{"@id":"https:\/\/act-grupa.hr\/polica-privatnosti\/#breadcrumb"},"inLanguage":"en-GB","potentialAction":[{"@type":"ReadAction","target":["https:\/\/act-grupa.hr\/polica-privatnosti\/"]}]},{"@type":"BreadcrumbList","@id":"https:\/\/act-grupa.hr\/polica-privatnosti\/#breadcrumb","itemListElement":[{"@type":"ListItem","position":1,"name":"Home","item":"https:\/\/act-grupa.hr\/"},{"@type":"ListItem","position":2,"name":"Polica privatnosti"}]},{"@type":"WebSite","@id":"https:\/\/act-grupa.hr\/#website","url":"https:\/\/act-grupa.hr\/","name":"ACT Grupa","description":"Dobri za posao. Dobri za dru\u0161tvo.","publisher":{"@id":"https:\/\/act-grupa.hr\/#organization"},"potentialAction":[{"@type":"SearchAction","target":{"@type":"EntryPoint","urlTemplate":"https:\/\/act-grupa.hr\/?s={search_term_string}"},"query-input":{"@type":"PropertyValueSpecification","valueRequired":true,"valueName":"search_term_string"}}],"inLanguage":"en-GB"},{"@type":"Organization","@id":"https:\/\/act-grupa.hr\/#organization","name":"ACT Grupa","url":"https:\/\/act-grupa.hr\/","logo":{"@type":"ImageObject","inLanguage":"en-GB","@id":"https:\/\/act-grupa.hr\/#\/schema\/logo\/image\/","url":"https:\/\/act-grupa.hr\/web\/wp-content\/uploads\/2026\/01\/AG_logo_transparent-scaled.png","contentUrl":"https:\/\/act-grupa.hr\/web\/wp-content\/uploads\/2026\/01\/AG_logo_transparent-scaled.png","width":2560,"height":834,"caption":"ACT Grupa"},"image":{"@id":"https:\/\/act-grupa.hr\/#\/schema\/logo\/image\/"},"sameAs":["https:\/\/www.facebook.com\/ACTGrupa","https:\/\/www.instagram.com\/actgrupa\/","https:\/\/www.youtube.com\/@actgrupa","https:\/\/www.linkedin.com\/company\/act-grupa"]}]}},"_links":{"self":[{"href":"https:\/\/act-grupa.hr\/en\/wp-json\/wp\/v2\/pages\/1219","targetHints":{"allow":["GET"]}}],"collection":[{"href":"https:\/\/act-grupa.hr\/en\/wp-json\/wp\/v2\/pages"}],"about":[{"href":"https:\/\/act-grupa.hr\/en\/wp-json\/wp\/v2\/types\/page"}],"author":[{"embeddable":true,"href":"https:\/\/act-grupa.hr\/en\/wp-json\/wp\/v2\/users\/1"}],"replies":[{"embeddable":true,"href":"https:\/\/act-grupa.hr\/en\/wp-json\/wp\/v2\/comments?post=1219"}],"version-history":[{"count":8,"href":"https:\/\/act-grupa.hr\/en\/wp-json\/wp\/v2\/pages\/1219\/revisions"}],"predecessor-version":[{"id":1441,"href":"https:\/\/act-grupa.hr\/en\/wp-json\/wp\/v2\/pages\/1219\/revisions\/1441"}],"wp:attachment":[{"href":"https:\/\/act-grupa.hr\/en\/wp-json\/wp\/v2\/media?parent=1219"}],"curies":[{"name":"wp","href":"https:\/\/api.w.org\/{rel}","templated":true}]}}