{"id":1664,"date":"2021-06-30T12:35:53","date_gmt":"2021-06-30T12:35:53","guid":{"rendered":"https:\/\/act-grupa.hr\/?page_id=1664"},"modified":"2025-06-17T12:32:14","modified_gmt":"2025-06-17T12:32:14","slug":"izvjestaji","status":"publish","type":"page","link":"https:\/\/act-grupa.hr\/en\/izvjestaji\/","title":{"rendered":"Izvje\u0161taji"},"content":{"rendered":"<p><\/p>\n\n\n\n<p><\/p>\n\n\n\n<p><\/p>\n\n\n\n<p>\/\/ <strong><a href=\"https:\/\/act-grupa.hr\/web\/wp-content\/uploads\/2021\/07\/AG_Izvjestaj2013.pdf\">2013.<\/a><\/strong><\/p>\n\n\n\n<p>\/\/ <strong><a href=\"https:\/\/act-grupa.hr\/web\/wp-content\/uploads\/2021\/07\/AG_Izvjestaj2014.pdf\">2014.<\/a><\/strong><\/p>\n\n\n\n<p>\/\/ <strong><a href=\"https:\/\/act-grupa.hr\/web\/wp-content\/uploads\/2021\/07\/AG_SocialImpactReport2015_HR.pdf\">2015.<\/a><\/strong><\/p>\n\n\n\n<p>\/\/ <strong><a href=\"https:\/\/act-grupa.hr\/web\/wp-content\/uploads\/2021\/07\/AG_ImpactReport2016_HR.pdf\">2016.<\/a><\/strong><\/p>\n\n\n\n<p>\/\/ <strong><a href=\"https:\/\/act-grupa.hr\/web\/wp-content\/uploads\/2021\/07\/AG_ImpactReport2017_EN.pdf\">2017.<\/a><\/strong><\/p>\n\n\n\n<p>\/\/ <strong><a href=\"https:\/\/act-grupa.hr\/web\/wp-content\/uploads\/2021\/07\/infografika-final.pdf\">2018.<\/a><\/strong><\/p>\n\n\n\n<p>\/\/ <strong><a href=\"https:\/\/act-grupa.hr\/web\/wp-content\/uploads\/2021\/07\/AG2019izvjestaj.pdf\">2019.<\/a><\/strong><\/p>\n\n\n\n<p>\/\/ <strong>2020.<\/strong> <a href=\"https:\/\/act-grupa.hr\/web\/wp-content\/uploads\/2022\/05\/Godisnji-izvj-AG-2020.pdf\">Izvje\u0161taj o radu<\/a> | <a href=\"https:\/\/act-grupa.hr\/web\/wp-content\/uploads\/2022\/05\/Financijski-Izvj-AG-2020.pdf\">Financijski izvje\u0161taj<\/a> | <a href=\"https:\/\/act-grupa.hr\/web\/wp-content\/uploads\/2021\/05\/NalazRevizora2020.pdf\">Revizorski izvje\u0161taj<\/a><\/p>\n\n\n\n<p>\/\/ <strong>2021.<\/strong> <a href=\"https:\/\/act-grupa.hr\/web\/wp-content\/uploads\/2022\/03\/AG_GodisnjiIzvjestaj_2021.pdf\">Izvje\u0161taj o radu<\/a> | <a href=\"https:\/\/act-grupa.hr\/web\/wp-content\/uploads\/2022\/05\/FinancijskiIzvjestaj_2021.pdf\">Financijski izvje\u0161taj<\/a> | <a href=\"https:\/\/act-grupa.hr\/web\/wp-content\/uploads\/2022\/03\/RevizijskiUvid_2021.pdf\">Revizorski izvje\u0161taj<\/a><\/p>\n\n\n\n<p>\/\/ <strong>2022<\/strong>. <a href=\"https:\/\/act-grupa.hr\/web\/wp-content\/uploads\/2023\/05\/Izvjestaj-AG-2022-web.pdf\" target=\"_blank\" rel=\"noreferrer noopener\">Izvje\u0161taj o radu<\/a> | <a href=\"https:\/\/act-grupa.hr\/web\/wp-content\/uploads\/2023\/05\/GFI-2022.pdf\" target=\"_blank\" rel=\"noreferrer noopener\">Financijski izvje\u0161taj<\/a><\/p>\n\n\n\n<p><strong>\/\/ 2023.<\/strong> <a href=\"https:\/\/act-grupa.hr\/web\/wp-content\/uploads\/2024\/03\/Izvjestaj-o-radu-AG-2023.pdf\">Izvje\u0161taj o radu<\/a> | <a href=\"https:\/\/act-grupa.hr\/web\/wp-content\/uploads\/2024\/03\/GFI_AG_2023.pdf\">Financijski izvje\u0161taj<\/a> | <a href=\"https:\/\/act-grupa.hr\/web\/wp-content\/uploads\/2025\/06\/Revizorsko-izvjesce-ACT-Grupa-2023_ovjereno_scan-1.pdf\">Revizorski izvje\u0161taj<\/a><\/p>\n\n\n\n<p><strong>\/\/ 2024.<\/strong> <a href=\"https:\/\/act-grupa.hr\/web\/wp-content\/uploads\/2025\/03\/Izvjestaj-rada-AG-2024.-onepager_web.pdf\">Izvje\u0161taj o radu<\/a> | <a href=\"https:\/\/act-grupa.hr\/web\/wp-content\/uploads\/2025\/03\/Financijski-izvjestaj-2024-AG.pdf\">Financijski izvje\u0161taj<\/a> | <a href=\"https:\/\/act-grupa.hr\/web\/wp-content\/uploads\/2025\/06\/Revizorski_izvjestaj___ACT_Grupa_2024.pdf\">Revizorski izvje\u0161taj<\/a><\/p>\n\n\n\n<p><\/p>","protected":false},"excerpt":{"rendered":"<p>\/\/ 2013. \/\/ 2014. \/\/ 2015. \/\/ 2016. \/\/ 2017. \/\/ 2018. \/\/ 2019. \/\/ 2020. Izvje\u0161taj o radu | Financijski izvje\u0161taj | Revizorski izvje\u0161taj \/\/ 2021. Izvje\u0161taj o radu | Financijski izvje\u0161taj | Revizorski izvje\u0161taj \/\/ 2022. Izvje\u0161taj o radu | Financijski izvje\u0161taj \/\/ 2023. Izvje\u0161taj o radu | Financijski izvje\u0161taj | Revizorski izvje\u0161taj [&hellip;]<\/p>\n","protected":false},"author":4,"featured_media":0,"parent":0,"menu_order":0,"comment_status":"closed","ping_status":"closed","template":"","meta":{"site-sidebar-layout":"default","site-content-layout":"default","ast-site-content-layout":"default","site-content-style":"default","site-sidebar-style":"default","ast-global-header-display":"","ast-banner-title-visibility":"","ast-main-header-display":"","ast-hfb-above-header-display":"","ast-hfb-below-header-display":"","ast-hfb-mobile-header-display":"","site-post-title":"","ast-breadcrumbs-content":"","ast-featured-img":"","footer-sml-layout":"","ast-disable-related-posts":"","theme-transparent-header-meta":"default","adv-header-id-meta":"","stick-header-meta":"default","header-above-stick-meta":"","header-main-stick-meta":"","header-below-stick-meta":"","astra-migrate-meta-layouts":"set","ast-page-background-enabled":"default","ast-page-background-meta":{"desktop":{"background-color":"","background-image":"","background-repeat":"repeat","background-position":"center center","background-size":"auto","background-attachment":"scroll","background-type":"","background-media":"","overlay-type":"","overlay-color":"","overlay-opacity":"","overlay-gradient":""},"tablet":{"background-color":"","background-image":"","background-repeat":"repeat","background-position":"center center","background-size":"auto","background-attachment":"scroll","background-type":"","background-media":"","overlay-type":"","overlay-color":"","overlay-opacity":"","overlay-gradient":""},"mobile":{"background-color":"","background-image":"","background-repeat":"repeat","background-position":"center center","background-size":"auto","background-attachment":"scroll","background-type":"","background-media":"","overlay-type":"","overlay-color":"","overlay-opacity":"","overlay-gradient":""}},"ast-content-background-meta":{"desktop":{"background-color":"var(--ast-global-color-5)","background-image":"","background-repeat":"repeat","background-position":"center center","background-size":"auto","background-attachment":"scroll","background-type":"","background-media":"","overlay-type":"","overlay-color":"","overlay-opacity":"","overlay-gradient":""},"tablet":{"background-color":"var(--ast-global-color-5)","background-image":"","background-repeat":"repeat","background-position":"center center","background-size":"auto","background-attachment":"scroll","background-type":"","background-media":"","overlay-type":"","overlay-color":"","overlay-opacity":"","overlay-gradient":""},"mobile":{"background-color":"var(--ast-global-color-5)","background-image":"","background-repeat":"repeat","background-position":"center center","background-size":"auto","background-attachment":"scroll","background-type":"","background-media":"","overlay-type":"","overlay-color":"","overlay-opacity":"","overlay-gradient":""}},"footnotes":""},"class_list":["post-1664","page","type-page","status-publish","hentry"],"yoast_head":"<!-- This site is optimized with the Yoast SEO plugin v27.4 - https:\/\/yoast.com\/product\/yoast-seo-wordpress\/ -->\n<title>Izvje\u0161taji - ACT Grupa<\/title>\n<meta name=\"robots\" content=\"index, follow, max-snippet:-1, max-image-preview:large, max-video-preview:-1\" \/>\n<link rel=\"canonical\" href=\"https:\/\/act-grupa.hr\/en\/izvjestaji\/\" \/>\n<meta property=\"og:locale\" content=\"en_GB\" \/>\n<meta property=\"og:type\" content=\"article\" \/>\n<meta property=\"og:title\" content=\"Izvje\u0161taji - ACT Grupa\" \/>\n<meta property=\"og:description\" content=\"\/\/ 2013. \/\/ 2014. \/\/ 2015. \/\/ 2016. \/\/ 2017. \/\/ 2018. \/\/ 2019. \/\/ 2020. Izvje\u0161taj o radu | Financijski izvje\u0161taj | Revizorski izvje\u0161taj \/\/ 2021. Izvje\u0161taj o radu | Financijski izvje\u0161taj | Revizorski izvje\u0161taj \/\/ 2022. Izvje\u0161taj o radu | Financijski izvje\u0161taj \/\/ 2023. Izvje\u0161taj o radu | Financijski izvje\u0161taj | Revizorski izvje\u0161taj [&hellip;]\" \/>\n<meta property=\"og:url\" content=\"https:\/\/act-grupa.hr\/en\/izvjestaji\/\" \/>\n<meta property=\"og:site_name\" content=\"ACT Grupa\" \/>\n<meta property=\"article:publisher\" content=\"https:\/\/www.facebook.com\/ACTGrupa\" \/>\n<meta property=\"article:modified_time\" content=\"2025-06-17T12:32:14+00:00\" \/>\n<meta property=\"og:image\" content=\"https:\/\/act-grupa.hr\/web\/wp-content\/uploads\/2021\/04\/act_grupa.jpg\" \/>\n\t<meta property=\"og:image:width\" content=\"842\" \/>\n\t<meta property=\"og:image:height\" content=\"595\" \/>\n\t<meta property=\"og:image:type\" content=\"image\/jpeg\" \/>\n<meta name=\"twitter:card\" content=\"summary_large_image\" \/>\n<meta name=\"twitter:label1\" content=\"Estimated reading time\" \/>\n\t<meta name=\"twitter:data1\" content=\"1 minute\" \/>\n<script type=\"application\/ld+json\" class=\"yoast-schema-graph\">{\"@context\":\"https:\\\/\\\/schema.org\",\"@graph\":[{\"@type\":\"WebPage\",\"@id\":\"https:\\\/\\\/act-grupa.hr\\\/izvjestaji\\\/\",\"url\":\"https:\\\/\\\/act-grupa.hr\\\/izvjestaji\\\/\",\"name\":\"Izvje\u0161taji - ACT Grupa\",\"isPartOf\":{\"@id\":\"https:\\\/\\\/act-grupa.hr\\\/#website\"},\"datePublished\":\"2021-06-30T12:35:53+00:00\",\"dateModified\":\"2025-06-17T12:32:14+00:00\",\"breadcrumb\":{\"@id\":\"https:\\\/\\\/act-grupa.hr\\\/izvjestaji\\\/#breadcrumb\"},\"inLanguage\":\"en-GB\",\"potentialAction\":[{\"@type\":\"ReadAction\",\"target\":[\"https:\\\/\\\/act-grupa.hr\\\/izvjestaji\\\/\"]}]},{\"@type\":\"BreadcrumbList\",\"@id\":\"https:\\\/\\\/act-grupa.hr\\\/izvjestaji\\\/#breadcrumb\",\"itemListElement\":[{\"@type\":\"ListItem\",\"position\":1,\"name\":\"Home\",\"item\":\"https:\\\/\\\/act-grupa.hr\\\/\"},{\"@type\":\"ListItem\",\"position\":2,\"name\":\"Izvje\u0161taji\"}]},{\"@type\":\"WebSite\",\"@id\":\"https:\\\/\\\/act-grupa.hr\\\/#website\",\"url\":\"https:\\\/\\\/act-grupa.hr\\\/\",\"name\":\"ACT Grupa\",\"description\":\"Dobri za posao. Dobri za dru\u0161tvo.\",\"publisher\":{\"@id\":\"https:\\\/\\\/act-grupa.hr\\\/#organization\"},\"potentialAction\":[{\"@type\":\"SearchAction\",\"target\":{\"@type\":\"EntryPoint\",\"urlTemplate\":\"https:\\\/\\\/act-grupa.hr\\\/?s={search_term_string}\"},\"query-input\":{\"@type\":\"PropertyValueSpecification\",\"valueRequired\":true,\"valueName\":\"search_term_string\"}}],\"inLanguage\":\"en-GB\"},{\"@type\":\"Organization\",\"@id\":\"https:\\\/\\\/act-grupa.hr\\\/#organization\",\"name\":\"ACT Grupa\",\"url\":\"https:\\\/\\\/act-grupa.hr\\\/\",\"logo\":{\"@type\":\"ImageObject\",\"inLanguage\":\"en-GB\",\"@id\":\"https:\\\/\\\/act-grupa.hr\\\/#\\\/schema\\\/logo\\\/image\\\/\",\"url\":\"https:\\\/\\\/act-grupa.hr\\\/web\\\/wp-content\\\/uploads\\\/2026\\\/01\\\/AG_logo_transparent-scaled.png\",\"contentUrl\":\"https:\\\/\\\/act-grupa.hr\\\/web\\\/wp-content\\\/uploads\\\/2026\\\/01\\\/AG_logo_transparent-scaled.png\",\"width\":2560,\"height\":834,\"caption\":\"ACT Grupa\"},\"image\":{\"@id\":\"https:\\\/\\\/act-grupa.hr\\\/#\\\/schema\\\/logo\\\/image\\\/\"},\"sameAs\":[\"https:\\\/\\\/www.facebook.com\\\/ACTGrupa\",\"https:\\\/\\\/www.instagram.com\\\/actgrupa\\\/\",\"https:\\\/\\\/www.youtube.com\\\/@actgrupa\",\"https:\\\/\\\/www.linkedin.com\\\/company\\\/act-grupa\"]}]}<\/script>\n<!-- \/ Yoast SEO plugin. -->","yoast_head_json":{"title":"Izvje\u0161taji - ACT Grupa","robots":{"index":"index","follow":"follow","max-snippet":"max-snippet:-1","max-image-preview":"max-image-preview:large","max-video-preview":"max-video-preview:-1"},"canonical":"https:\/\/act-grupa.hr\/en\/izvjestaji\/","og_locale":"en_GB","og_type":"article","og_title":"Izvje\u0161taji - ACT Grupa","og_description":"\/\/ 2013. \/\/ 2014. \/\/ 2015. \/\/ 2016. \/\/ 2017. \/\/ 2018. \/\/ 2019. \/\/ 2020. Izvje\u0161taj o radu | Financijski izvje\u0161taj | Revizorski izvje\u0161taj \/\/ 2021. Izvje\u0161taj o radu | Financijski izvje\u0161taj | Revizorski izvje\u0161taj \/\/ 2022. Izvje\u0161taj o radu | Financijski izvje\u0161taj \/\/ 2023. Izvje\u0161taj o radu | Financijski izvje\u0161taj | Revizorski izvje\u0161taj [&hellip;]","og_url":"https:\/\/act-grupa.hr\/en\/izvjestaji\/","og_site_name":"ACT Grupa","article_publisher":"https:\/\/www.facebook.com\/ACTGrupa","article_modified_time":"2025-06-17T12:32:14+00:00","og_image":[{"width":842,"height":595,"url":"https:\/\/act-grupa.hr\/web\/wp-content\/uploads\/2021\/04\/act_grupa.jpg","type":"image\/jpeg"}],"twitter_card":"summary_large_image","twitter_misc":{"Estimated reading time":"1 minute"},"schema":{"@context":"https:\/\/schema.org","@graph":[{"@type":"WebPage","@id":"https:\/\/act-grupa.hr\/izvjestaji\/","url":"https:\/\/act-grupa.hr\/izvjestaji\/","name":"Izvje\u0161taji - ACT Grupa","isPartOf":{"@id":"https:\/\/act-grupa.hr\/#website"},"datePublished":"2021-06-30T12:35:53+00:00","dateModified":"2025-06-17T12:32:14+00:00","breadcrumb":{"@id":"https:\/\/act-grupa.hr\/izvjestaji\/#breadcrumb"},"inLanguage":"en-GB","potentialAction":[{"@type":"ReadAction","target":["https:\/\/act-grupa.hr\/izvjestaji\/"]}]},{"@type":"BreadcrumbList","@id":"https:\/\/act-grupa.hr\/izvjestaji\/#breadcrumb","itemListElement":[{"@type":"ListItem","position":1,"name":"Home","item":"https:\/\/act-grupa.hr\/"},{"@type":"ListItem","position":2,"name":"Izvje\u0161taji"}]},{"@type":"WebSite","@id":"https:\/\/act-grupa.hr\/#website","url":"https:\/\/act-grupa.hr\/","name":"ACT Grupa","description":"Dobri za posao. Dobri za dru\u0161tvo.","publisher":{"@id":"https:\/\/act-grupa.hr\/#organization"},"potentialAction":[{"@type":"SearchAction","target":{"@type":"EntryPoint","urlTemplate":"https:\/\/act-grupa.hr\/?s={search_term_string}"},"query-input":{"@type":"PropertyValueSpecification","valueRequired":true,"valueName":"search_term_string"}}],"inLanguage":"en-GB"},{"@type":"Organization","@id":"https:\/\/act-grupa.hr\/#organization","name":"ACT Grupa","url":"https:\/\/act-grupa.hr\/","logo":{"@type":"ImageObject","inLanguage":"en-GB","@id":"https:\/\/act-grupa.hr\/#\/schema\/logo\/image\/","url":"https:\/\/act-grupa.hr\/web\/wp-content\/uploads\/2026\/01\/AG_logo_transparent-scaled.png","contentUrl":"https:\/\/act-grupa.hr\/web\/wp-content\/uploads\/2026\/01\/AG_logo_transparent-scaled.png","width":2560,"height":834,"caption":"ACT Grupa"},"image":{"@id":"https:\/\/act-grupa.hr\/#\/schema\/logo\/image\/"},"sameAs":["https:\/\/www.facebook.com\/ACTGrupa","https:\/\/www.instagram.com\/actgrupa\/","https:\/\/www.youtube.com\/@actgrupa","https:\/\/www.linkedin.com\/company\/act-grupa"]}]}},"_links":{"self":[{"href":"https:\/\/act-grupa.hr\/en\/wp-json\/wp\/v2\/pages\/1664","targetHints":{"allow":["GET"]}}],"collection":[{"href":"https:\/\/act-grupa.hr\/en\/wp-json\/wp\/v2\/pages"}],"about":[{"href":"https:\/\/act-grupa.hr\/en\/wp-json\/wp\/v2\/types\/page"}],"author":[{"embeddable":true,"href":"https:\/\/act-grupa.hr\/en\/wp-json\/wp\/v2\/users\/4"}],"replies":[{"embeddable":true,"href":"https:\/\/act-grupa.hr\/en\/wp-json\/wp\/v2\/comments?post=1664"}],"version-history":[{"count":19,"href":"https:\/\/act-grupa.hr\/en\/wp-json\/wp\/v2\/pages\/1664\/revisions"}],"predecessor-version":[{"id":3882,"href":"https:\/\/act-grupa.hr\/en\/wp-json\/wp\/v2\/pages\/1664\/revisions\/3882"}],"wp:attachment":[{"href":"https:\/\/act-grupa.hr\/en\/wp-json\/wp\/v2\/media?parent=1664"}],"curies":[{"name":"wp","href":"https:\/\/api.w.org\/{rel}","templated":true}]}}