{"id":257,"date":"2021-04-15T09:26:10","date_gmt":"2021-04-15T09:26:10","guid":{"rendered":"https:\/\/www.act-grupa.hr\/web\/?page_id=257"},"modified":"2021-09-09T12:11:50","modified_gmt":"2021-09-09T12:11:50","slug":"see-me-in","status":"publish","type":"page","link":"https:\/\/act-grupa.hr\/en\/projekti\/see-me-in\/","title":{"rendered":"See Me In"},"content":{"rendered":"<div data-elementor-type=\"wp-page\" data-elementor-id=\"257\" class=\"elementor elementor-257\" data-elementor-post-type=\"page\">\n\t\t\t\t\t\t<section class=\"elementor-section elementor-top-section elementor-element elementor-element-dabb8c8 elementor-reverse-mobile elementor-section-boxed elementor-section-height-default elementor-section-height-default\" data-id=\"dabb8c8\" data-element_type=\"section\" data-e-type=\"section\" data-settings=\"{&quot;background_background&quot;:&quot;classic&quot;}\">\n\t\t\t\t\t\t\t<div class=\"elementor-background-overlay\"><\/div>\n\t\t\t\t\t\t\t<div class=\"elementor-container elementor-column-gap-default\">\n\t\t\t\t\t<div class=\"elementor-column elementor-col-50 elementor-top-column elementor-element elementor-element-0ae65ec\" data-id=\"0ae65ec\" data-element_type=\"column\" data-e-type=\"column\" data-settings=\"{&quot;background_background&quot;:&quot;classic&quot;}\">\n\t\t\t<div class=\"elementor-widget-wrap elementor-element-populated\">\n\t\t\t\t\t\t<div class=\"elementor-element elementor-element-d4a924d elementor-widget elementor-widget-spacer\" data-id=\"d4a924d\" data-element_type=\"widget\" data-e-type=\"widget\" data-widget_type=\"spacer.default\">\n\t\t\t\t<div class=\"elementor-widget-container\">\n\t\t\t\t\t\t\t<div class=\"elementor-spacer\">\n\t\t\t<div class=\"elementor-spacer-inner\"><\/div>\n\t\t<\/div>\n\t\t\t\t\t\t<\/div>\n\t\t\t\t<\/div>\n\t\t\t\t<div class=\"elementor-element elementor-element-1ed05de elementor-widget elementor-widget-image\" data-id=\"1ed05de\" data-element_type=\"widget\" data-e-type=\"widget\" data-widget_type=\"image.default\">\n\t\t\t\t<div class=\"elementor-widget-container\">\n\t\t\t\t\t\t\t\t\t\t\t\t\t\t\t<img fetchpriority=\"high\" decoding=\"async\" width=\"480\" height=\"563\" src=\"https:\/\/act-grupa.hr\/web\/wp-content\/uploads\/2021\/04\/SEE_ME_IN_small-surface_vertical.png\" class=\"attachment-full size-full wp-image-259\" alt=\"\" srcset=\"https:\/\/act-grupa.hr\/web\/wp-content\/uploads\/2021\/04\/SEE_ME_IN_small-surface_vertical.png 480w, https:\/\/act-grupa.hr\/web\/wp-content\/uploads\/2021\/04\/SEE_ME_IN_small-surface_vertical-256x300.png 256w\" sizes=\"(max-width: 480px) 100vw, 480px\" \/>\t\t\t\t\t\t\t\t\t\t\t\t\t\t\t<\/div>\n\t\t\t\t<\/div>\n\t\t\t\t<div class=\"elementor-element elementor-element-f5c6975 elementor-widget elementor-widget-image\" data-id=\"f5c6975\" data-element_type=\"widget\" data-e-type=\"widget\" data-widget_type=\"image.default\">\n\t\t\t\t<div class=\"elementor-widget-container\">\n\t\t\t\t\t\t\t\t\t\t\t\t\t\t\t<img decoding=\"async\" width=\"516\" height=\"341\" src=\"https:\/\/act-grupa.hr\/web\/wp-content\/uploads\/2021\/04\/uzuvrh-logo-uai-516x341-1.png\" class=\"attachment-full size-full wp-image-522\" alt=\"\" srcset=\"https:\/\/act-grupa.hr\/web\/wp-content\/uploads\/2021\/04\/uzuvrh-logo-uai-516x341-1.png 516w, https:\/\/act-grupa.hr\/web\/wp-content\/uploads\/2021\/04\/uzuvrh-logo-uai-516x341-1-300x198.png 300w\" sizes=\"(max-width: 516px) 100vw, 516px\" \/>\t\t\t\t\t\t\t\t\t\t\t\t\t\t\t<\/div>\n\t\t\t\t<\/div>\n\t\t\t\t\t<\/div>\n\t\t<\/div>\n\t\t\t\t<div class=\"elementor-column elementor-col-50 elementor-top-column elementor-element elementor-element-a7170cb\" data-id=\"a7170cb\" data-element_type=\"column\" data-e-type=\"column\" data-settings=\"{&quot;background_background&quot;:&quot;classic&quot;}\">\n\t\t\t<div class=\"elementor-widget-wrap elementor-element-populated\">\n\t\t\t\t\t\t<div class=\"elementor-element elementor-element-fb08c38 elementor-widget elementor-widget-heading\" data-id=\"fb08c38\" data-element_type=\"widget\" data-e-type=\"widget\" data-widget_type=\"heading.default\">\n\t\t\t\t<div class=\"elementor-widget-container\">\n\t\t\t\t\t<h2 class=\"elementor-heading-title elementor-size-default\">See me in<\/h2>\t\t\t\t<\/div>\n\t\t\t\t<\/div>\n\t\t\t\t<div class=\"elementor-element elementor-element-f408169 elementor-widget elementor-widget-heading\" data-id=\"f408169\" data-element_type=\"widget\" data-e-type=\"widget\" data-widget_type=\"heading.default\">\n\t\t\t\t<div class=\"elementor-widget-container\">\n\t\t\t\t\t<h5 class=\"elementor-heading-title elementor-size-default\">Projektom (istra\u017eivanje, digitalno u\u010denje\/digitalni hub i ja\u010danje kompetencija, povezivanje) nastojimo doprinijeti ja\u010danju poduzetni\u0161tva me\u0111u imigrantima u sredi\u0161njoj Europi.  <\/h5>\t\t\t\t<\/div>\n\t\t\t\t<\/div>\n\t\t\t\t<div class=\"elementor-element elementor-element-851e435 elementor-widget-divider--separator-type-pattern elementor-widget-divider--no-spacing elementor-widget-divider--view-line elementor-widget elementor-widget-divider\" data-id=\"851e435\" data-element_type=\"widget\" data-e-type=\"widget\" data-widget_type=\"divider.default\">\n\t\t\t\t<div class=\"elementor-widget-container\">\n\t\t\t\t\t\t\t<div class=\"elementor-divider\" style=\"--divider-pattern-url: url(&quot;data:image\/svg+xml,%3Csvg xmlns=&#039;http:\/\/www.w3.org\/2000\/svg&#039; preserveAspectRatio=&#039;xMidYMid meet&#039; overflow=&#039;visible&#039; height=&#039;100%&#039; viewBox=&#039;0 0 126 26&#039; fill=&#039;black&#039; stroke=&#039;none&#039;%3E%3Cpath d=&#039;M46.8,7.8v11.5L36,18.6V7.8H46.8z M82.4,7.8L84,18.6l-12,0.7L70.4,7.8H82.4z M0,7.8l12,0.9v9.9H1.3L0,7.8z M30,7.8v10.8H19L18,7.8H30z M63.7,7.8L66,18.6H54V9.5L63.7,7.8z M89.8,7L102,7.8v10.8H91.2L89.8,7zM108,7.8l12,0.9v8.9l-12,1V7.8z&#039;\/%3E%3C\/svg%3E&quot;);\">\n\t\t\t<span class=\"elementor-divider-separator\">\n\t\t\t\t\t\t<\/span>\n\t\t<\/div>\n\t\t\t\t\t\t<\/div>\n\t\t\t\t<\/div>\n\t\t\t\t<div class=\"elementor-element elementor-element-875b3ff elementor-widget elementor-widget-text-editor\" data-id=\"875b3ff\" data-element_type=\"widget\" data-e-type=\"widget\" data-widget_type=\"text-editor.default\">\n\t\t\t\t<div class=\"elementor-widget-container\">\n\t\t\t\t\t\t\t\t\t<p><strong>Programme:<\/strong><br \/>INTERREG Central Europe<\/p><p><strong>Sufinanciraju:<\/strong> <br \/>Europska unija putem Europskog fonda za regionalni razvoj te Ured za udruge Vlade RH<\/p><p><strong>Lead partner:<\/strong> <br \/>Fondazione Politecnico Milano<\/p><p><strong>Partners:<\/strong> <br \/>Gruppo Cooperativo CGM; Comune di Milano, Fakulteta za Uporabne Dru\u017ebene \u0160tudije v Novi Gorici, ACT Grupa, Zdru\u017eenje Socialna ekonomija Slovenije so.p, Nyugat-Pann on Ter\u00fclet-\u00e9s Gazdas\u00e1gfejl WPRED eszt\u00e9si Szolg\u00e1ltat\u00f3 K\u00f6zhaszn\u00fa Nonprofit Kft., Mestna Ob\u010dina Nova Gorica, Budapesti Kereskedelm i \u00e9s Iparkamara, Aiforia GmbH<\/p><p><strong>Suradnici:<\/strong> <br \/>Etimos Foundation, European Network of Social Integration BE Enterprises (ENSIE), DIESIS, Nesta Italia<\/p><p><strong>Ukupna vrijednost projekta:<\/strong> <br \/>\u20ac 2.126.052,14<\/p><p><strong>Potpora iz ERDF AG:<\/strong><br \/>\u20ac 161.450,27<\/p><p><strong>Potpora Ureda za udruge Vlade RH:<\/strong> <br \/>\u20ac 19.943,86<\/p><p><strong>Duration:<\/strong> <br \/>01.04.2019. \u2013 31.03.2022.<\/p><p><strong>Glavni rezultat:<\/strong><br \/>zajedni\u010dka regionalna Strategija razvoja poduzetni\u0161tva imigranata, participativna platforma s edukacijskim modulima i alatima za poduzetnike \u2013 digitalni hub, promocija poduzetnika, povezivanje dionika\u2026<\/p><p><strong>Web:<\/strong> <br \/><a href=\"https:\/\/www.interreg-central.eu\/Content.Node\/SEE-ME-IN.html\">https:\/\/www.interreg-central.eu\/Content.Node\/SEE-ME-IN-.html<\/a><\/p>\t\t\t\t\t\t\t\t<\/div>\n\t\t\t\t<\/div>\n\t\t\t\t<div class=\"elementor-element elementor-element-87dbbd2 elementor-widget-divider--separator-type-pattern elementor-widget-divider--no-spacing elementor-widget-divider--view-line elementor-widget elementor-widget-divider\" data-id=\"87dbbd2\" data-element_type=\"widget\" data-e-type=\"widget\" data-widget_type=\"divider.default\">\n\t\t\t\t<div class=\"elementor-widget-container\">\n\t\t\t\t\t\t\t<div class=\"elementor-divider\" style=\"--divider-pattern-url: url(&quot;data:image\/svg+xml,%3Csvg xmlns=&#039;http:\/\/www.w3.org\/2000\/svg&#039; preserveAspectRatio=&#039;xMidYMid meet&#039; overflow=&#039;visible&#039; height=&#039;100%&#039; viewBox=&#039;0 0 126 26&#039; fill=&#039;black&#039; stroke=&#039;none&#039;%3E%3Cpath d=&#039;M46.8,7.8v11.5L36,18.6V7.8H46.8z M82.4,7.8L84,18.6l-12,0.7L70.4,7.8H82.4z M0,7.8l12,0.9v9.9H1.3L0,7.8z M30,7.8v10.8H19L18,7.8H30z M63.7,7.8L66,18.6H54V9.5L63.7,7.8z M89.8,7L102,7.8v10.8H91.2L89.8,7zM108,7.8l12,0.9v8.9l-12,1V7.8z&#039;\/%3E%3C\/svg%3E&quot;);\">\n\t\t\t<span class=\"elementor-divider-separator\">\n\t\t\t\t\t\t<\/span>\n\t\t<\/div>\n\t\t\t\t\t\t<\/div>\n\t\t\t\t<\/div>\n\t\t\t\t<div class=\"elementor-element elementor-element-93d90f1 elementor-widget elementor-widget-heading\" data-id=\"93d90f1\" data-element_type=\"widget\" data-e-type=\"widget\" data-widget_type=\"heading.default\">\n\t\t\t\t<div class=\"elementor-widget-container\">\n\t\t\t\t\t<h5 class=\"elementor-heading-title elementor-size-default\">Glavni rezultat: zajedni\u010dka regionalna Strategija razvoja poduzetni\u0161tva imigranata, participativna platforma s edukacijskim modulima i alatima za poduzetnike \u2013 digitalni hub, promocija poduzetnika, povezivanje dionika\u2026<\/h5>\t\t\t\t<\/div>\n\t\t\t\t<\/div>\n\t\t\t\t\t<\/div>\n\t\t<\/div>\n\t\t\t\t\t<\/div>\n\t\t<\/section>\n\t\t\t\t<\/div>","protected":false},"excerpt":{"rendered":"<p>See me in Projektom (istra\u017eivanje, digitalno u\u010denje\/digitalni hub i ja\u010danje kompetencija, povezivanje) nastojimo doprinijeti ja\u010danju poduzetni\u0161tva me\u0111u imigrantima u sredi\u0161njoj Europi. Program:INTERREG Central Europe Sufinanciraju: Europska unija putem Europskog fonda za regionalni razvoj te Ured za udruge Vlade RH Vode\u0107i partner: Fondazione Politecnico Milano Partneri: Gruppo Cooperativo CGM; Comune di Milano, Fakulteta za Uporabne Dru\u017ebene [&hellip;]<\/p>\n","protected":false},"author":2,"featured_media":0,"parent":157,"menu_order":0,"comment_status":"closed","ping_status":"closed","template":"","meta":{"site-sidebar-layout":"no-sidebar","site-content-layout":"page-builder","ast-site-content-layout":"default","site-content-style":"default","site-sidebar-style":"default","ast-global-header-display":"","ast-banner-title-visibility":"","ast-main-header-display":"","ast-hfb-above-header-display":"","ast-hfb-below-header-display":"","ast-hfb-mobile-header-display":"","site-post-title":"disabled","ast-breadcrumbs-content":"","ast-featured-img":"disabled","footer-sml-layout":"","ast-disable-related-posts":"","theme-transparent-header-meta":"default","adv-header-id-meta":"","stick-header-meta":"default","header-above-stick-meta":"","header-main-stick-meta":"","header-below-stick-meta":"","astra-migrate-meta-layouts":"default","ast-page-background-enabled":"default","ast-page-background-meta":{"desktop":{"background-color":"","background-image":"","background-repeat":"repeat","background-position":"center center","background-size":"auto","background-attachment":"scroll","background-type":"","background-media":"","overlay-type":"","overlay-color":"","overlay-opacity":"","overlay-gradient":""},"tablet":{"background-color":"","background-image":"","background-repeat":"repeat","background-position":"center center","background-size":"auto","background-attachment":"scroll","background-type":"","background-media":"","overlay-type":"","overlay-color":"","overlay-opacity":"","overlay-gradient":""},"mobile":{"background-color":"","background-image":"","background-repeat":"repeat","background-position":"center center","background-size":"auto","background-attachment":"scroll","background-type":"","background-media":"","overlay-type":"","overlay-color":"","overlay-opacity":"","overlay-gradient":""}},"ast-content-background-meta":{"desktop":{"background-color":"var(--ast-global-color-5)","background-image":"","background-repeat":"repeat","background-position":"center center","background-size":"auto","background-attachment":"scroll","background-type":"","background-media":"","overlay-type":"","overlay-color":"","overlay-opacity":"","overlay-gradient":""},"tablet":{"background-color":"var(--ast-global-color-5)","background-image":"","background-repeat":"repeat","background-position":"center center","background-size":"auto","background-attachment":"scroll","background-type":"","background-media":"","overlay-type":"","overlay-color":"","overlay-opacity":"","overlay-gradient":""},"mobile":{"background-color":"var(--ast-global-color-5)","background-image":"","background-repeat":"repeat","background-position":"center center","background-size":"auto","background-attachment":"scroll","background-type":"","background-media":"","overlay-type":"","overlay-color":"","overlay-opacity":"","overlay-gradient":""}},"footnotes":""},"class_list":["post-257","page","type-page","status-publish","hentry"],"yoast_head":"<!-- This site is optimized with the Yoast SEO plugin v27.4 - https:\/\/yoast.com\/product\/yoast-seo-wordpress\/ -->\n<title>See Me In - ACT Grupa<\/title>\n<meta name=\"robots\" content=\"index, follow, max-snippet:-1, max-image-preview:large, max-video-preview:-1\" \/>\n<link rel=\"canonical\" href=\"https:\/\/act-grupa.hr\/en\/projekti\/see-me-in\/\" \/>\n<meta property=\"og:locale\" content=\"en_GB\" \/>\n<meta property=\"og:type\" content=\"article\" \/>\n<meta property=\"og:title\" content=\"See Me In - ACT Grupa\" \/>\n<meta property=\"og:description\" content=\"See me in Projektom (istra\u017eivanje, digitalno u\u010denje\/digitalni hub i ja\u010danje kompetencija, povezivanje) nastojimo doprinijeti ja\u010danju poduzetni\u0161tva me\u0111u imigrantima u sredi\u0161njoj Europi. Program:INTERREG Central Europe Sufinanciraju: Europska unija putem Europskog fonda za regionalni razvoj te Ured za udruge Vlade RH Vode\u0107i partner: Fondazione Politecnico Milano Partneri: Gruppo Cooperativo CGM; Comune di Milano, Fakulteta za Uporabne Dru\u017ebene [&hellip;]\" \/>\n<meta property=\"og:url\" content=\"https:\/\/act-grupa.hr\/en\/projekti\/see-me-in\/\" \/>\n<meta property=\"og:site_name\" content=\"ACT Grupa\" \/>\n<meta property=\"article:publisher\" content=\"https:\/\/www.facebook.com\/ACTGrupa\" \/>\n<meta property=\"article:modified_time\" content=\"2021-09-09T12:11:50+00:00\" \/>\n<meta property=\"og:image\" content=\"https:\/\/act-grupa.hr\/web\/wp-content\/uploads\/2021\/04\/SEE_ME_IN_small-surface_vertical.png\" \/>\n<meta name=\"twitter:card\" content=\"summary_large_image\" \/>\n<meta name=\"twitter:label1\" content=\"Estimated reading time\" \/>\n\t<meta name=\"twitter:data1\" content=\"2 minutes\" \/>\n<script type=\"application\/ld+json\" class=\"yoast-schema-graph\">{\"@context\":\"https:\\\/\\\/schema.org\",\"@graph\":[{\"@type\":\"WebPage\",\"@id\":\"https:\\\/\\\/act-grupa.hr\\\/en\\\/projekti\\\/see-me-in\\\/\",\"url\":\"https:\\\/\\\/act-grupa.hr\\\/en\\\/projekti\\\/see-me-in\\\/\",\"name\":\"See Me In - ACT Grupa\",\"isPartOf\":{\"@id\":\"https:\\\/\\\/act-grupa.hr\\\/#website\"},\"primaryImageOfPage\":{\"@id\":\"https:\\\/\\\/act-grupa.hr\\\/en\\\/projekti\\\/see-me-in\\\/#primaryimage\"},\"image\":{\"@id\":\"https:\\\/\\\/act-grupa.hr\\\/en\\\/projekti\\\/see-me-in\\\/#primaryimage\"},\"thumbnailUrl\":\"https:\\\/\\\/act-grupa.hr\\\/web\\\/wp-content\\\/uploads\\\/2021\\\/04\\\/SEE_ME_IN_small-surface_vertical.png\",\"datePublished\":\"2021-04-15T09:26:10+00:00\",\"dateModified\":\"2021-09-09T12:11:50+00:00\",\"breadcrumb\":{\"@id\":\"https:\\\/\\\/act-grupa.hr\\\/en\\\/projekti\\\/see-me-in\\\/#breadcrumb\"},\"inLanguage\":\"en-GB\",\"potentialAction\":[{\"@type\":\"ReadAction\",\"target\":[\"https:\\\/\\\/act-grupa.hr\\\/en\\\/projekti\\\/see-me-in\\\/\"]}]},{\"@type\":\"ImageObject\",\"inLanguage\":\"en-GB\",\"@id\":\"https:\\\/\\\/act-grupa.hr\\\/en\\\/projekti\\\/see-me-in\\\/#primaryimage\",\"url\":\"https:\\\/\\\/act-grupa.hr\\\/web\\\/wp-content\\\/uploads\\\/2021\\\/04\\\/SEE_ME_IN_small-surface_vertical.png\",\"contentUrl\":\"https:\\\/\\\/act-grupa.hr\\\/web\\\/wp-content\\\/uploads\\\/2021\\\/04\\\/SEE_ME_IN_small-surface_vertical.png\"},{\"@type\":\"BreadcrumbList\",\"@id\":\"https:\\\/\\\/act-grupa.hr\\\/en\\\/projekti\\\/see-me-in\\\/#breadcrumb\",\"itemListElement\":[{\"@type\":\"ListItem\",\"position\":1,\"name\":\"Home\",\"item\":\"https:\\\/\\\/act-grupa.hr\\\/\"},{\"@type\":\"ListItem\",\"position\":2,\"name\":\"Projekti\",\"item\":\"https:\\\/\\\/act-grupa.hr\\\/en\\\/projekti\\\/\"},{\"@type\":\"ListItem\",\"position\":3,\"name\":\"See Me In\"}]},{\"@type\":\"WebSite\",\"@id\":\"https:\\\/\\\/act-grupa.hr\\\/#website\",\"url\":\"https:\\\/\\\/act-grupa.hr\\\/\",\"name\":\"ACT Grupa\",\"description\":\"Dobri za posao. Dobri za dru\u0161tvo.\",\"publisher\":{\"@id\":\"https:\\\/\\\/act-grupa.hr\\\/#organization\"},\"potentialAction\":[{\"@type\":\"SearchAction\",\"target\":{\"@type\":\"EntryPoint\",\"urlTemplate\":\"https:\\\/\\\/act-grupa.hr\\\/?s={search_term_string}\"},\"query-input\":{\"@type\":\"PropertyValueSpecification\",\"valueRequired\":true,\"valueName\":\"search_term_string\"}}],\"inLanguage\":\"en-GB\"},{\"@type\":\"Organization\",\"@id\":\"https:\\\/\\\/act-grupa.hr\\\/#organization\",\"name\":\"ACT Grupa\",\"url\":\"https:\\\/\\\/act-grupa.hr\\\/\",\"logo\":{\"@type\":\"ImageObject\",\"inLanguage\":\"en-GB\",\"@id\":\"https:\\\/\\\/act-grupa.hr\\\/#\\\/schema\\\/logo\\\/image\\\/\",\"url\":\"https:\\\/\\\/act-grupa.hr\\\/web\\\/wp-content\\\/uploads\\\/2026\\\/01\\\/AG_logo_transparent-scaled.png\",\"contentUrl\":\"https:\\\/\\\/act-grupa.hr\\\/web\\\/wp-content\\\/uploads\\\/2026\\\/01\\\/AG_logo_transparent-scaled.png\",\"width\":2560,\"height\":834,\"caption\":\"ACT Grupa\"},\"image\":{\"@id\":\"https:\\\/\\\/act-grupa.hr\\\/#\\\/schema\\\/logo\\\/image\\\/\"},\"sameAs\":[\"https:\\\/\\\/www.facebook.com\\\/ACTGrupa\",\"https:\\\/\\\/www.instagram.com\\\/actgrupa\\\/\",\"https:\\\/\\\/www.youtube.com\\\/@actgrupa\",\"https:\\\/\\\/www.linkedin.com\\\/company\\\/act-grupa\"]}]}<\/script>\n<!-- \/ Yoast SEO plugin. -->","yoast_head_json":{"title":"See Me In - ACT Grupa","robots":{"index":"index","follow":"follow","max-snippet":"max-snippet:-1","max-image-preview":"max-image-preview:large","max-video-preview":"max-video-preview:-1"},"canonical":"https:\/\/act-grupa.hr\/en\/projekti\/see-me-in\/","og_locale":"en_GB","og_type":"article","og_title":"See Me In - ACT Grupa","og_description":"See me in Projektom (istra\u017eivanje, digitalno u\u010denje\/digitalni hub i ja\u010danje kompetencija, povezivanje) nastojimo doprinijeti ja\u010danju poduzetni\u0161tva me\u0111u imigrantima u sredi\u0161njoj Europi. Program:INTERREG Central Europe Sufinanciraju: Europska unija putem Europskog fonda za regionalni razvoj te Ured za udruge Vlade RH Vode\u0107i partner: Fondazione Politecnico Milano Partneri: Gruppo Cooperativo CGM; Comune di Milano, Fakulteta za Uporabne Dru\u017ebene [&hellip;]","og_url":"https:\/\/act-grupa.hr\/en\/projekti\/see-me-in\/","og_site_name":"ACT Grupa","article_publisher":"https:\/\/www.facebook.com\/ACTGrupa","article_modified_time":"2021-09-09T12:11:50+00:00","og_image":[{"url":"https:\/\/act-grupa.hr\/web\/wp-content\/uploads\/2021\/04\/SEE_ME_IN_small-surface_vertical.png","type":"","width":"","height":""}],"twitter_card":"summary_large_image","twitter_misc":{"Estimated reading time":"2 minutes"},"schema":{"@context":"https:\/\/schema.org","@graph":[{"@type":"WebPage","@id":"https:\/\/act-grupa.hr\/en\/projekti\/see-me-in\/","url":"https:\/\/act-grupa.hr\/en\/projekti\/see-me-in\/","name":"See Me In - ACT Grupa","isPartOf":{"@id":"https:\/\/act-grupa.hr\/#website"},"primaryImageOfPage":{"@id":"https:\/\/act-grupa.hr\/en\/projekti\/see-me-in\/#primaryimage"},"image":{"@id":"https:\/\/act-grupa.hr\/en\/projekti\/see-me-in\/#primaryimage"},"thumbnailUrl":"https:\/\/act-grupa.hr\/web\/wp-content\/uploads\/2021\/04\/SEE_ME_IN_small-surface_vertical.png","datePublished":"2021-04-15T09:26:10+00:00","dateModified":"2021-09-09T12:11:50+00:00","breadcrumb":{"@id":"https:\/\/act-grupa.hr\/en\/projekti\/see-me-in\/#breadcrumb"},"inLanguage":"en-GB","potentialAction":[{"@type":"ReadAction","target":["https:\/\/act-grupa.hr\/en\/projekti\/see-me-in\/"]}]},{"@type":"ImageObject","inLanguage":"en-GB","@id":"https:\/\/act-grupa.hr\/en\/projekti\/see-me-in\/#primaryimage","url":"https:\/\/act-grupa.hr\/web\/wp-content\/uploads\/2021\/04\/SEE_ME_IN_small-surface_vertical.png","contentUrl":"https:\/\/act-grupa.hr\/web\/wp-content\/uploads\/2021\/04\/SEE_ME_IN_small-surface_vertical.png"},{"@type":"BreadcrumbList","@id":"https:\/\/act-grupa.hr\/en\/projekti\/see-me-in\/#breadcrumb","itemListElement":[{"@type":"ListItem","position":1,"name":"Home","item":"https:\/\/act-grupa.hr\/"},{"@type":"ListItem","position":2,"name":"Projekti","item":"https:\/\/act-grupa.hr\/en\/projekti\/"},{"@type":"ListItem","position":3,"name":"See Me In"}]},{"@type":"WebSite","@id":"https:\/\/act-grupa.hr\/#website","url":"https:\/\/act-grupa.hr\/","name":"ACT Grupa","description":"Dobri za posao. Dobri za dru\u0161tvo.","publisher":{"@id":"https:\/\/act-grupa.hr\/#organization"},"potentialAction":[{"@type":"SearchAction","target":{"@type":"EntryPoint","urlTemplate":"https:\/\/act-grupa.hr\/?s={search_term_string}"},"query-input":{"@type":"PropertyValueSpecification","valueRequired":true,"valueName":"search_term_string"}}],"inLanguage":"en-GB"},{"@type":"Organization","@id":"https:\/\/act-grupa.hr\/#organization","name":"ACT Grupa","url":"https:\/\/act-grupa.hr\/","logo":{"@type":"ImageObject","inLanguage":"en-GB","@id":"https:\/\/act-grupa.hr\/#\/schema\/logo\/image\/","url":"https:\/\/act-grupa.hr\/web\/wp-content\/uploads\/2026\/01\/AG_logo_transparent-scaled.png","contentUrl":"https:\/\/act-grupa.hr\/web\/wp-content\/uploads\/2026\/01\/AG_logo_transparent-scaled.png","width":2560,"height":834,"caption":"ACT Grupa"},"image":{"@id":"https:\/\/act-grupa.hr\/#\/schema\/logo\/image\/"},"sameAs":["https:\/\/www.facebook.com\/ACTGrupa","https:\/\/www.instagram.com\/actgrupa\/","https:\/\/www.youtube.com\/@actgrupa","https:\/\/www.linkedin.com\/company\/act-grupa"]}]}},"_links":{"self":[{"href":"https:\/\/act-grupa.hr\/en\/wp-json\/wp\/v2\/pages\/257","targetHints":{"allow":["GET"]}}],"collection":[{"href":"https:\/\/act-grupa.hr\/en\/wp-json\/wp\/v2\/pages"}],"about":[{"href":"https:\/\/act-grupa.hr\/en\/wp-json\/wp\/v2\/types\/page"}],"author":[{"embeddable":true,"href":"https:\/\/act-grupa.hr\/en\/wp-json\/wp\/v2\/users\/2"}],"replies":[{"embeddable":true,"href":"https:\/\/act-grupa.hr\/en\/wp-json\/wp\/v2\/comments?post=257"}],"version-history":[{"count":13,"href":"https:\/\/act-grupa.hr\/en\/wp-json\/wp\/v2\/pages\/257\/revisions"}],"predecessor-version":[{"id":2077,"href":"https:\/\/act-grupa.hr\/en\/wp-json\/wp\/v2\/pages\/257\/revisions\/2077"}],"up":[{"embeddable":true,"href":"https:\/\/act-grupa.hr\/en\/wp-json\/wp\/v2\/pages\/157"}],"wp:attachment":[{"href":"https:\/\/act-grupa.hr\/en\/wp-json\/wp\/v2\/media?parent=257"}],"curies":[{"name":"wp","href":"https:\/\/api.w.org\/{rel}","templated":true}]}}