{"id":2572,"date":"2022-09-19T09:26:28","date_gmt":"2022-09-19T09:26:28","guid":{"rendered":"https:\/\/act-grupa.hr\/?page_id=2572"},"modified":"2022-09-19T09:56:28","modified_gmt":"2022-09-19T09:56:28","slug":"wises4youth","status":"publish","type":"page","link":"https:\/\/act-grupa.hr\/en\/projekti\/wises4youth\/","title":{"rendered":"WISEs4Youth"},"content":{"rendered":"<div data-elementor-type=\"wp-page\" data-elementor-id=\"2572\" class=\"elementor elementor-2572\" data-elementor-post-type=\"page\">\n\t\t\t\t\t\t<section class=\"elementor-section elementor-top-section elementor-element elementor-element-dabb8c8 elementor-reverse-mobile elementor-section-boxed elementor-section-height-default elementor-section-height-default\" data-id=\"dabb8c8\" data-element_type=\"section\" data-e-type=\"section\" data-settings=\"{&quot;background_background&quot;:&quot;classic&quot;}\">\n\t\t\t\t\t\t\t<div class=\"elementor-background-overlay\"><\/div>\n\t\t\t\t\t\t\t<div class=\"elementor-container elementor-column-gap-default\">\n\t\t\t\t\t<div class=\"elementor-column elementor-col-50 elementor-top-column elementor-element elementor-element-0ae65ec\" data-id=\"0ae65ec\" data-element_type=\"column\" data-e-type=\"column\" data-settings=\"{&quot;background_background&quot;:&quot;classic&quot;}\">\n\t\t\t<div class=\"elementor-widget-wrap elementor-element-populated\">\n\t\t\t\t\t\t<div class=\"elementor-element elementor-element-d4a924d elementor-widget elementor-widget-spacer\" data-id=\"d4a924d\" data-element_type=\"widget\" data-e-type=\"widget\" data-widget_type=\"spacer.default\">\n\t\t\t\t<div class=\"elementor-widget-container\">\n\t\t\t\t\t\t\t<div class=\"elementor-spacer\">\n\t\t\t<div class=\"elementor-spacer-inner\"><\/div>\n\t\t<\/div>\n\t\t\t\t\t\t<\/div>\n\t\t\t\t<\/div>\n\t\t\t\t<div class=\"elementor-element elementor-element-1ed05de elementor-widget elementor-widget-image\" data-id=\"1ed05de\" data-element_type=\"widget\" data-e-type=\"widget\" data-widget_type=\"image.default\">\n\t\t\t\t<div class=\"elementor-widget-container\">\n\t\t\t\t\t\t\t\t\t\t\t\t\t\t\t<img fetchpriority=\"high\" decoding=\"async\" width=\"637\" height=\"768\" src=\"https:\/\/act-grupa.hr\/web\/wp-content\/uploads\/2022\/09\/w4y.png\" class=\"attachment-full size-full wp-image-2574\" alt=\"WISEs4Youth logo\" srcset=\"https:\/\/act-grupa.hr\/web\/wp-content\/uploads\/2022\/09\/w4y.png 637w, https:\/\/act-grupa.hr\/web\/wp-content\/uploads\/2022\/09\/w4y-249x300.png 249w, https:\/\/act-grupa.hr\/web\/wp-content\/uploads\/2022\/09\/w4y-10x12.png 10w\" sizes=\"(max-width: 637px) 100vw, 637px\" \/>\t\t\t\t\t\t\t\t\t\t\t\t\t\t\t<\/div>\n\t\t\t\t<\/div>\n\t\t\t\t<div class=\"elementor-element elementor-element-dfd3a5d elementor-widget elementor-widget-image\" data-id=\"dfd3a5d\" data-element_type=\"widget\" data-e-type=\"widget\" data-widget_type=\"image.default\">\n\t\t\t\t<div class=\"elementor-widget-container\">\n\t\t\t\t\t\t\t\t\t\t\t\t\t\t\t<img decoding=\"async\" width=\"258\" height=\"74\" src=\"https:\/\/act-grupa.hr\/web\/wp-content\/uploads\/2021\/04\/Erasmus.jpg\" class=\"attachment-full size-full wp-image-266\" alt=\"\" \/>\t\t\t\t\t\t\t\t\t\t\t\t\t\t\t<\/div>\n\t\t\t\t<\/div>\n\t\t\t\t\t<\/div>\n\t\t<\/div>\n\t\t\t\t<div class=\"elementor-column elementor-col-50 elementor-top-column elementor-element elementor-element-a7170cb\" data-id=\"a7170cb\" data-element_type=\"column\" data-e-type=\"column\" data-settings=\"{&quot;background_background&quot;:&quot;classic&quot;}\">\n\t\t\t<div class=\"elementor-widget-wrap elementor-element-populated\">\n\t\t\t\t\t\t<div class=\"elementor-element elementor-element-fb08c38 elementor-widget elementor-widget-heading\" data-id=\"fb08c38\" data-element_type=\"widget\" data-e-type=\"widget\" data-widget_type=\"heading.default\">\n\t\t\t\t<div class=\"elementor-widget-container\">\n\t\t\t\t\t<h2 class=\"elementor-heading-title elementor-size-default\">WISEs4Youth<\/h2>\t\t\t\t<\/div>\n\t\t\t\t<\/div>\n\t\t\t\t<div class=\"elementor-element elementor-element-f408169 elementor-widget elementor-widget-heading\" data-id=\"f408169\" data-element_type=\"widget\" data-e-type=\"widget\" data-widget_type=\"heading.default\">\n\t\t\t\t<div class=\"elementor-widget-container\">\n\t\t\t\t\t<h5 class=\"elementor-heading-title elementor-size-default\">Cilj projekta je promicati dru\u0161tveno poduzetni\u0161tvo mladih u regiji Zapadnog Balkana kroz aktivnosti treninga i mobilnosti (kao \u0161to su studijski posjeti) te time oja\u010dati stvaranje regionalnih WISE-ova (dru\u0161tvenih poduze\u0107a za radnu integraciju) i mre\u017ea dru\u0161tvenih poduze\u0107a u regiji. Tako\u0111er, cilj je promicati dru\u0161tveni utjecaj ovih poduze\u0107a i posti\u0107i zajedni\u010dki rast te potaknuti uklju\u010divanje mladih ljudi u takva poduze\u0107a.<\/h5>\t\t\t\t<\/div>\n\t\t\t\t<\/div>\n\t\t\t\t<div class=\"elementor-element elementor-element-851e435 elementor-widget-divider--separator-type-pattern elementor-widget-divider--no-spacing elementor-widget-divider--view-line elementor-widget elementor-widget-divider\" data-id=\"851e435\" data-element_type=\"widget\" data-e-type=\"widget\" data-widget_type=\"divider.default\">\n\t\t\t\t<div class=\"elementor-widget-container\">\n\t\t\t\t\t\t\t<div class=\"elementor-divider\" style=\"--divider-pattern-url: url(&quot;data:image\/svg+xml,%3Csvg xmlns=&#039;http:\/\/www.w3.org\/2000\/svg&#039; preserveAspectRatio=&#039;xMidYMid meet&#039; overflow=&#039;visible&#039; height=&#039;100%&#039; viewBox=&#039;0 0 126 26&#039; fill=&#039;black&#039; stroke=&#039;none&#039;%3E%3Cpath d=&#039;M46.8,7.8v11.5L36,18.6V7.8H46.8z M82.4,7.8L84,18.6l-12,0.7L70.4,7.8H82.4z M0,7.8l12,0.9v9.9H1.3L0,7.8z M30,7.8v10.8H19L18,7.8H30z M63.7,7.8L66,18.6H54V9.5L63.7,7.8z M89.8,7L102,7.8v10.8H91.2L89.8,7zM108,7.8l12,0.9v8.9l-12,1V7.8z&#039;\/%3E%3C\/svg%3E&quot;);\">\n\t\t\t<span class=\"elementor-divider-separator\">\n\t\t\t\t\t\t<\/span>\n\t\t<\/div>\n\t\t\t\t\t\t<\/div>\n\t\t\t\t<\/div>\n\t\t\t\t<div class=\"elementor-element elementor-element-875b3ff elementor-widget elementor-widget-text-editor\" data-id=\"875b3ff\" data-element_type=\"widget\" data-e-type=\"widget\" data-widget_type=\"text-editor.default\">\n\t\t\t\t<div class=\"elementor-widget-container\">\n\t\t\t\t\t\t\t\t\t<p><strong>Programme:\u00a0<\/strong>\u00a0<\/p><p><span style=\"font-style: inherit;\">Erasmus+<\/span><\/p><p><span style=\"font-style: inherit;\">Action : 101049682 \u2014 WISEs4Youth \u2014 ERASMUS-YOUTH-2021-PCOOP-ENGO<\/span><\/p><p><strong>Co-financed by:<\/strong> <br \/>Europska unija \/ EACEA<\/p><p><strong>Lead partner:<\/strong> <br \/><a href=\"http:\/\/www.ensie.org\" target=\"_blank\" rel=\"noopener\">ENSIE<\/a>\u00a0<\/p><p><strong style=\"font-style: inherit;\">Partners:<\/strong><\/p><p><span style=\"font-style: inherit;\"><a href=\"https:\/\/act-grupa.hr\/en\/\" target=\"_blank\" rel=\"noopener\">ACT Grupa<\/a>,\u00a0<\/span><a href=\"https:\/\/cdi.mk\/\" target=\"_blank\" rel=\"noopener\">CDI Macedonia<\/a><span style=\"font-style: inherit;\">, <a href=\"https:\/\/idcserbia.org\" target=\"_blank\" rel=\"noopener\">IDC Serbia<\/a>, <a href=\"https:\/\/www.sent.si\" target=\"_blank\" rel=\"noopener\">SENT Slovenia<\/a>, <a href=\"https:\/\/partnersalbania.org\/\" target=\"_blank\" rel=\"noopener\">Partners Albania for Change and Development<\/a>\u00a0<\/span><\/p><p><strong style=\"font-style: inherit;\">Total budget:<\/strong><\/p><p>250,000.00\u00a0 \u20ac<\/p><p><strong>Duration:<\/strong> <br \/>Travanj 2022. \u2013 o\u017eujak 2024.<\/p>\t\t\t\t\t\t\t\t<\/div>\n\t\t\t\t<\/div>\n\t\t\t\t<div class=\"elementor-element elementor-element-87dbbd2 elementor-widget-divider--separator-type-pattern elementor-widget-divider--no-spacing elementor-widget-divider--view-line elementor-widget elementor-widget-divider\" data-id=\"87dbbd2\" data-element_type=\"widget\" data-e-type=\"widget\" data-widget_type=\"divider.default\">\n\t\t\t\t<div class=\"elementor-widget-container\">\n\t\t\t\t\t\t\t<div class=\"elementor-divider\" style=\"--divider-pattern-url: url(&quot;data:image\/svg+xml,%3Csvg xmlns=&#039;http:\/\/www.w3.org\/2000\/svg&#039; preserveAspectRatio=&#039;xMidYMid meet&#039; overflow=&#039;visible&#039; height=&#039;100%&#039; viewBox=&#039;0 0 126 26&#039; fill=&#039;black&#039; stroke=&#039;none&#039;%3E%3Cpath d=&#039;M46.8,7.8v11.5L36,18.6V7.8H46.8z M82.4,7.8L84,18.6l-12,0.7L70.4,7.8H82.4z M0,7.8l12,0.9v9.9H1.3L0,7.8z M30,7.8v10.8H19L18,7.8H30z M63.7,7.8L66,18.6H54V9.5L63.7,7.8z M89.8,7L102,7.8v10.8H91.2L89.8,7zM108,7.8l12,0.9v8.9l-12,1V7.8z&#039;\/%3E%3C\/svg%3E&quot;);\">\n\t\t\t<span class=\"elementor-divider-separator\">\n\t\t\t\t\t\t<\/span>\n\t\t<\/div>\n\t\t\t\t\t\t<\/div>\n\t\t\t\t<\/div>\n\t\t\t\t<div class=\"elementor-element elementor-element-93d90f1 elementor-widget elementor-widget-heading\" data-id=\"93d90f1\" data-element_type=\"widget\" data-e-type=\"widget\" data-widget_type=\"heading.default\">\n\t\t\t\t<div class=\"elementor-widget-container\">\n\t\t\t\t\t<h5 class=\"elementor-heading-title elementor-size-default\">Rezultati:\nIzradit \u0107e se kurikulum za unapre\u0111enje znanja i vje\u0161tina mladih za upravljanje dru\u0161tvenim poduze\u0107ima, WISE-ima te mjerenju i upravljanju dru\u0161tvenim utjecajem.\nTemeljem kurikuluma, odr\u017eat \u0107e se trening za mlade uklju\u010dene u WISE-ve i dru\u0161tvena poduze\u0107a u svakoj zemlji partnera.\nOrganizirat \u0107e se studijske posjete uspje\u0161nim WISE-ima i dru\u0161tvenim poduze\u0107ima u zemljama partnera.\nMjerit \u0107e se u\u010dinci i utjecaj projekta te \u0107e se temeljem toga izraditi sveobuhvatno izvje\u0161\u0107e i preporuke za budu\u0107e sli\u010dne inicijative.<br><\/h5>\t\t\t\t<\/div>\n\t\t\t\t<\/div>\n\t\t\t\t\t<\/div>\n\t\t<\/div>\n\t\t\t\t\t<\/div>\n\t\t<\/section>\n\t\t\t\t<\/div>","protected":false},"excerpt":{"rendered":"<p>WISEs4Youth Cilj projekta je promicati dru\u0161tveno poduzetni\u0161tvo mladih u regiji Zapadnog Balkana kroz aktivnosti treninga i mobilnosti (kao \u0161to su studijski posjeti) te time oja\u010dati stvaranje regionalnih WISE-ova (dru\u0161tvenih poduze\u0107a za radnu integraciju) i mre\u017ea dru\u0161tvenih poduze\u0107a u regiji. Tako\u0111er, cilj je promicati dru\u0161tveni utjecaj ovih poduze\u0107a i posti\u0107i zajedni\u010dki rast te potaknuti uklju\u010divanje mladih [&hellip;]<\/p>\n","protected":false},"author":1,"featured_media":2584,"parent":157,"menu_order":0,"comment_status":"closed","ping_status":"closed","template":"","meta":{"site-sidebar-layout":"no-sidebar","site-content-layout":"page-builder","ast-site-content-layout":"default","site-content-style":"default","site-sidebar-style":"default","ast-global-header-display":"","ast-banner-title-visibility":"","ast-main-header-display":"","ast-hfb-above-header-display":"","ast-hfb-below-header-display":"","ast-hfb-mobile-header-display":"","site-post-title":"disabled","ast-breadcrumbs-content":"","ast-featured-img":"disabled","footer-sml-layout":"","ast-disable-related-posts":"","theme-transparent-header-meta":"default","adv-header-id-meta":"","stick-header-meta":"default","header-above-stick-meta":"","header-main-stick-meta":"","header-below-stick-meta":"","astra-migrate-meta-layouts":"default","ast-page-background-enabled":"default","ast-page-background-meta":{"desktop":{"background-color":"","background-image":"","background-repeat":"repeat","background-position":"center center","background-size":"auto","background-attachment":"scroll","background-type":"","background-media":"","overlay-type":"","overlay-color":"","overlay-opacity":"","overlay-gradient":""},"tablet":{"background-color":"","background-image":"","background-repeat":"repeat","background-position":"center center","background-size":"auto","background-attachment":"scroll","background-type":"","background-media":"","overlay-type":"","overlay-color":"","overlay-opacity":"","overlay-gradient":""},"mobile":{"background-color":"","background-image":"","background-repeat":"repeat","background-position":"center center","background-size":"auto","background-attachment":"scroll","background-type":"","background-media":"","overlay-type":"","overlay-color":"","overlay-opacity":"","overlay-gradient":""}},"ast-content-background-meta":{"desktop":{"background-color":"var(--ast-global-color-5)","background-image":"","background-repeat":"repeat","background-position":"center center","background-size":"auto","background-attachment":"scroll","background-type":"","background-media":"","overlay-type":"","overlay-color":"","overlay-opacity":"","overlay-gradient":""},"tablet":{"background-color":"var(--ast-global-color-5)","background-image":"","background-repeat":"repeat","background-position":"center center","background-size":"auto","background-attachment":"scroll","background-type":"","background-media":"","overlay-type":"","overlay-color":"","overlay-opacity":"","overlay-gradient":""},"mobile":{"background-color":"var(--ast-global-color-5)","background-image":"","background-repeat":"repeat","background-position":"center center","background-size":"auto","background-attachment":"scroll","background-type":"","background-media":"","overlay-type":"","overlay-color":"","overlay-opacity":"","overlay-gradient":""}},"footnotes":""},"class_list":["post-2572","page","type-page","status-publish","has-post-thumbnail","hentry"],"yoast_head":"<!-- This site is optimized with the Yoast SEO plugin v27.4 - https:\/\/yoast.com\/product\/yoast-seo-wordpress\/ -->\n<title>WISEs4Youth - ACT Grupa<\/title>\n<meta name=\"description\" content=\"Projekt WISEs4Youth \u0107e unaprijediti znanja i vje\u0161tina mladih za upravljanje dru\u0161tvenim poduze\u0107ima i upravljanje dru\u0161tvenim utjecajem.\" \/>\n<meta name=\"robots\" content=\"index, follow, max-snippet:-1, max-image-preview:large, max-video-preview:-1\" \/>\n<link rel=\"canonical\" href=\"https:\/\/act-grupa.hr\/en\/projekti\/wises4youth\/\" \/>\n<meta property=\"og:locale\" content=\"en_GB\" \/>\n<meta property=\"og:type\" content=\"article\" \/>\n<meta property=\"og:title\" content=\"WISEs4Youth - ACT Grupa\" \/>\n<meta property=\"og:description\" content=\"Projekt WISEs4Youth \u0107e unaprijediti znanja i vje\u0161tina mladih za upravljanje dru\u0161tvenim poduze\u0107ima i upravljanje dru\u0161tvenim utjecajem.\" \/>\n<meta property=\"og:url\" content=\"https:\/\/act-grupa.hr\/en\/projekti\/wises4youth\/\" \/>\n<meta property=\"og:site_name\" content=\"ACT Grupa\" \/>\n<meta property=\"article:publisher\" content=\"https:\/\/www.facebook.com\/ACTGrupa\" \/>\n<meta property=\"article:modified_time\" content=\"2022-09-19T09:56:28+00:00\" \/>\n<meta property=\"og:image\" content=\"https:\/\/act-grupa.hr\/web\/wp-content\/uploads\/2022\/09\/wises4youth.webp\" \/>\n\t<meta property=\"og:image:width\" content=\"700\" \/>\n\t<meta property=\"og:image:height\" content=\"437\" \/>\n\t<meta property=\"og:image:type\" content=\"image\/webp\" \/>\n<meta name=\"twitter:card\" content=\"summary_large_image\" \/>\n<meta name=\"twitter:label1\" content=\"Estimated reading time\" \/>\n\t<meta name=\"twitter:data1\" content=\"2 minutes\" \/>\n<script type=\"application\/ld+json\" class=\"yoast-schema-graph\">{\"@context\":\"https:\\\/\\\/schema.org\",\"@graph\":[{\"@type\":\"WebPage\",\"@id\":\"https:\\\/\\\/act-grupa.hr\\\/projekti\\\/wises4youth\\\/\",\"url\":\"https:\\\/\\\/act-grupa.hr\\\/projekti\\\/wises4youth\\\/\",\"name\":\"WISEs4Youth - ACT Grupa\",\"isPartOf\":{\"@id\":\"https:\\\/\\\/act-grupa.hr\\\/#website\"},\"primaryImageOfPage\":{\"@id\":\"https:\\\/\\\/act-grupa.hr\\\/projekti\\\/wises4youth\\\/#primaryimage\"},\"image\":{\"@id\":\"https:\\\/\\\/act-grupa.hr\\\/projekti\\\/wises4youth\\\/#primaryimage\"},\"thumbnailUrl\":\"https:\\\/\\\/act-grupa.hr\\\/web\\\/wp-content\\\/uploads\\\/2022\\\/09\\\/wises4youth.webp\",\"datePublished\":\"2022-09-19T09:26:28+00:00\",\"dateModified\":\"2022-09-19T09:56:28+00:00\",\"description\":\"Projekt WISEs4Youth \u0107e unaprijediti znanja i vje\u0161tina mladih za upravljanje dru\u0161tvenim poduze\u0107ima i upravljanje dru\u0161tvenim utjecajem.\",\"breadcrumb\":{\"@id\":\"https:\\\/\\\/act-grupa.hr\\\/projekti\\\/wises4youth\\\/#breadcrumb\"},\"inLanguage\":\"en-GB\",\"potentialAction\":[{\"@type\":\"ReadAction\",\"target\":[\"https:\\\/\\\/act-grupa.hr\\\/projekti\\\/wises4youth\\\/\"]}]},{\"@type\":\"ImageObject\",\"inLanguage\":\"en-GB\",\"@id\":\"https:\\\/\\\/act-grupa.hr\\\/projekti\\\/wises4youth\\\/#primaryimage\",\"url\":\"https:\\\/\\\/act-grupa.hr\\\/web\\\/wp-content\\\/uploads\\\/2022\\\/09\\\/wises4youth.webp\",\"contentUrl\":\"https:\\\/\\\/act-grupa.hr\\\/web\\\/wp-content\\\/uploads\\\/2022\\\/09\\\/wises4youth.webp\",\"width\":700,\"height\":437,\"caption\":\"WISEs4Youth logo\"},{\"@type\":\"BreadcrumbList\",\"@id\":\"https:\\\/\\\/act-grupa.hr\\\/projekti\\\/wises4youth\\\/#breadcrumb\",\"itemListElement\":[{\"@type\":\"ListItem\",\"position\":1,\"name\":\"Home\",\"item\":\"https:\\\/\\\/act-grupa.hr\\\/\"},{\"@type\":\"ListItem\",\"position\":2,\"name\":\"Projekti\",\"item\":\"https:\\\/\\\/act-grupa.hr\\\/en\\\/projekti\\\/\"},{\"@type\":\"ListItem\",\"position\":3,\"name\":\"WISEs4Youth\"}]},{\"@type\":\"WebSite\",\"@id\":\"https:\\\/\\\/act-grupa.hr\\\/#website\",\"url\":\"https:\\\/\\\/act-grupa.hr\\\/\",\"name\":\"ACT Grupa\",\"description\":\"Dobri za posao. Dobri za dru\u0161tvo.\",\"publisher\":{\"@id\":\"https:\\\/\\\/act-grupa.hr\\\/#organization\"},\"potentialAction\":[{\"@type\":\"SearchAction\",\"target\":{\"@type\":\"EntryPoint\",\"urlTemplate\":\"https:\\\/\\\/act-grupa.hr\\\/?s={search_term_string}\"},\"query-input\":{\"@type\":\"PropertyValueSpecification\",\"valueRequired\":true,\"valueName\":\"search_term_string\"}}],\"inLanguage\":\"en-GB\"},{\"@type\":\"Organization\",\"@id\":\"https:\\\/\\\/act-grupa.hr\\\/#organization\",\"name\":\"ACT Grupa\",\"url\":\"https:\\\/\\\/act-grupa.hr\\\/\",\"logo\":{\"@type\":\"ImageObject\",\"inLanguage\":\"en-GB\",\"@id\":\"https:\\\/\\\/act-grupa.hr\\\/#\\\/schema\\\/logo\\\/image\\\/\",\"url\":\"https:\\\/\\\/act-grupa.hr\\\/web\\\/wp-content\\\/uploads\\\/2026\\\/01\\\/AG_logo_transparent-scaled.png\",\"contentUrl\":\"https:\\\/\\\/act-grupa.hr\\\/web\\\/wp-content\\\/uploads\\\/2026\\\/01\\\/AG_logo_transparent-scaled.png\",\"width\":2560,\"height\":834,\"caption\":\"ACT Grupa\"},\"image\":{\"@id\":\"https:\\\/\\\/act-grupa.hr\\\/#\\\/schema\\\/logo\\\/image\\\/\"},\"sameAs\":[\"https:\\\/\\\/www.facebook.com\\\/ACTGrupa\",\"https:\\\/\\\/www.instagram.com\\\/actgrupa\\\/\",\"https:\\\/\\\/www.youtube.com\\\/@actgrupa\",\"https:\\\/\\\/www.linkedin.com\\\/company\\\/act-grupa\"]}]}<\/script>\n<!-- \/ Yoast SEO plugin. -->","yoast_head_json":{"title":"WISEs4Youth - ACT Grupa","description":"Projekt WISEs4Youth \u0107e unaprijediti znanja i vje\u0161tina mladih za upravljanje dru\u0161tvenim poduze\u0107ima i upravljanje dru\u0161tvenim utjecajem.","robots":{"index":"index","follow":"follow","max-snippet":"max-snippet:-1","max-image-preview":"max-image-preview:large","max-video-preview":"max-video-preview:-1"},"canonical":"https:\/\/act-grupa.hr\/en\/projekti\/wises4youth\/","og_locale":"en_GB","og_type":"article","og_title":"WISEs4Youth - ACT Grupa","og_description":"Projekt WISEs4Youth \u0107e unaprijediti znanja i vje\u0161tina mladih za upravljanje dru\u0161tvenim poduze\u0107ima i upravljanje dru\u0161tvenim utjecajem.","og_url":"https:\/\/act-grupa.hr\/en\/projekti\/wises4youth\/","og_site_name":"ACT Grupa","article_publisher":"https:\/\/www.facebook.com\/ACTGrupa","article_modified_time":"2022-09-19T09:56:28+00:00","og_image":[{"width":700,"height":437,"url":"https:\/\/act-grupa.hr\/web\/wp-content\/uploads\/2022\/09\/wises4youth.webp","type":"image\/webp"}],"twitter_card":"summary_large_image","twitter_misc":{"Estimated reading time":"2 minutes"},"schema":{"@context":"https:\/\/schema.org","@graph":[{"@type":"WebPage","@id":"https:\/\/act-grupa.hr\/projekti\/wises4youth\/","url":"https:\/\/act-grupa.hr\/projekti\/wises4youth\/","name":"WISEs4Youth - ACT Grupa","isPartOf":{"@id":"https:\/\/act-grupa.hr\/#website"},"primaryImageOfPage":{"@id":"https:\/\/act-grupa.hr\/projekti\/wises4youth\/#primaryimage"},"image":{"@id":"https:\/\/act-grupa.hr\/projekti\/wises4youth\/#primaryimage"},"thumbnailUrl":"https:\/\/act-grupa.hr\/web\/wp-content\/uploads\/2022\/09\/wises4youth.webp","datePublished":"2022-09-19T09:26:28+00:00","dateModified":"2022-09-19T09:56:28+00:00","description":"Projekt WISEs4Youth \u0107e unaprijediti znanja i vje\u0161tina mladih za upravljanje dru\u0161tvenim poduze\u0107ima i upravljanje dru\u0161tvenim utjecajem.","breadcrumb":{"@id":"https:\/\/act-grupa.hr\/projekti\/wises4youth\/#breadcrumb"},"inLanguage":"en-GB","potentialAction":[{"@type":"ReadAction","target":["https:\/\/act-grupa.hr\/projekti\/wises4youth\/"]}]},{"@type":"ImageObject","inLanguage":"en-GB","@id":"https:\/\/act-grupa.hr\/projekti\/wises4youth\/#primaryimage","url":"https:\/\/act-grupa.hr\/web\/wp-content\/uploads\/2022\/09\/wises4youth.webp","contentUrl":"https:\/\/act-grupa.hr\/web\/wp-content\/uploads\/2022\/09\/wises4youth.webp","width":700,"height":437,"caption":"WISEs4Youth logo"},{"@type":"BreadcrumbList","@id":"https:\/\/act-grupa.hr\/projekti\/wises4youth\/#breadcrumb","itemListElement":[{"@type":"ListItem","position":1,"name":"Home","item":"https:\/\/act-grupa.hr\/"},{"@type":"ListItem","position":2,"name":"Projekti","item":"https:\/\/act-grupa.hr\/en\/projekti\/"},{"@type":"ListItem","position":3,"name":"WISEs4Youth"}]},{"@type":"WebSite","@id":"https:\/\/act-grupa.hr\/#website","url":"https:\/\/act-grupa.hr\/","name":"ACT Grupa","description":"Dobri za posao. Dobri za dru\u0161tvo.","publisher":{"@id":"https:\/\/act-grupa.hr\/#organization"},"potentialAction":[{"@type":"SearchAction","target":{"@type":"EntryPoint","urlTemplate":"https:\/\/act-grupa.hr\/?s={search_term_string}"},"query-input":{"@type":"PropertyValueSpecification","valueRequired":true,"valueName":"search_term_string"}}],"inLanguage":"en-GB"},{"@type":"Organization","@id":"https:\/\/act-grupa.hr\/#organization","name":"ACT Grupa","url":"https:\/\/act-grupa.hr\/","logo":{"@type":"ImageObject","inLanguage":"en-GB","@id":"https:\/\/act-grupa.hr\/#\/schema\/logo\/image\/","url":"https:\/\/act-grupa.hr\/web\/wp-content\/uploads\/2026\/01\/AG_logo_transparent-scaled.png","contentUrl":"https:\/\/act-grupa.hr\/web\/wp-content\/uploads\/2026\/01\/AG_logo_transparent-scaled.png","width":2560,"height":834,"caption":"ACT Grupa"},"image":{"@id":"https:\/\/act-grupa.hr\/#\/schema\/logo\/image\/"},"sameAs":["https:\/\/www.facebook.com\/ACTGrupa","https:\/\/www.instagram.com\/actgrupa\/","https:\/\/www.youtube.com\/@actgrupa","https:\/\/www.linkedin.com\/company\/act-grupa"]}]}},"_links":{"self":[{"href":"https:\/\/act-grupa.hr\/en\/wp-json\/wp\/v2\/pages\/2572","targetHints":{"allow":["GET"]}}],"collection":[{"href":"https:\/\/act-grupa.hr\/en\/wp-json\/wp\/v2\/pages"}],"about":[{"href":"https:\/\/act-grupa.hr\/en\/wp-json\/wp\/v2\/types\/page"}],"author":[{"embeddable":true,"href":"https:\/\/act-grupa.hr\/en\/wp-json\/wp\/v2\/users\/1"}],"replies":[{"embeddable":true,"href":"https:\/\/act-grupa.hr\/en\/wp-json\/wp\/v2\/comments?post=2572"}],"version-history":[{"count":9,"href":"https:\/\/act-grupa.hr\/en\/wp-json\/wp\/v2\/pages\/2572\/revisions"}],"predecessor-version":[{"id":2588,"href":"https:\/\/act-grupa.hr\/en\/wp-json\/wp\/v2\/pages\/2572\/revisions\/2588"}],"up":[{"embeddable":true,"href":"https:\/\/act-grupa.hr\/en\/wp-json\/wp\/v2\/pages\/157"}],"wp:featuredmedia":[{"embeddable":true,"href":"https:\/\/act-grupa.hr\/en\/wp-json\/wp\/v2\/media\/2584"}],"wp:attachment":[{"href":"https:\/\/act-grupa.hr\/en\/wp-json\/wp\/v2\/media?parent=2572"}],"curies":[{"name":"wp","href":"https:\/\/api.w.org\/{rel}","templated":true}]}}