{"id":3152,"date":"2023-10-25T08:48:07","date_gmt":"2023-10-25T08:48:07","guid":{"rendered":"https:\/\/act-grupa.hr\/?page_id=3152"},"modified":"2024-09-03T09:51:24","modified_gmt":"2024-09-03T09:51:24","slug":"buysocial","status":"publish","type":"page","link":"https:\/\/act-grupa.hr\/en\/projekti\/buysocial\/","title":{"rendered":"BuySocial Europe B2B gradi nova tr\u017ei\u0161ta za dru\u0161tvena poduze\u0107a"},"content":{"rendered":"<div data-elementor-type=\"wp-page\" data-elementor-id=\"3152\" class=\"elementor elementor-3152\" data-elementor-post-type=\"page\">\n\t\t\t\t\t\t<section class=\"elementor-section elementor-top-section elementor-element elementor-element-dabb8c8 elementor-reverse-mobile elementor-section-boxed elementor-section-height-default elementor-section-height-default\" data-id=\"dabb8c8\" data-element_type=\"section\" data-e-type=\"section\" data-settings=\"{&quot;background_background&quot;:&quot;classic&quot;}\">\n\t\t\t\t\t\t\t<div class=\"elementor-background-overlay\"><\/div>\n\t\t\t\t\t\t\t<div class=\"elementor-container elementor-column-gap-default\">\n\t\t\t\t\t<div class=\"elementor-column elementor-col-50 elementor-top-column elementor-element elementor-element-0ae65ec\" data-id=\"0ae65ec\" data-element_type=\"column\" data-e-type=\"column\" data-settings=\"{&quot;background_background&quot;:&quot;classic&quot;}\">\n\t\t\t<div class=\"elementor-widget-wrap elementor-element-populated\">\n\t\t\t\t\t\t<div class=\"elementor-element elementor-element-d4a924d elementor-widget elementor-widget-spacer\" data-id=\"d4a924d\" data-element_type=\"widget\" data-e-type=\"widget\" data-widget_type=\"spacer.default\">\n\t\t\t\t<div class=\"elementor-widget-container\">\n\t\t\t\t\t\t\t<div class=\"elementor-spacer\">\n\t\t\t<div class=\"elementor-spacer-inner\"><\/div>\n\t\t<\/div>\n\t\t\t\t\t\t<\/div>\n\t\t\t\t<\/div>\n\t\t\t\t<div class=\"elementor-element elementor-element-1ed05de elementor-widget elementor-widget-image\" data-id=\"1ed05de\" data-element_type=\"widget\" data-e-type=\"widget\" data-widget_type=\"image.default\">\n\t\t\t\t<div class=\"elementor-widget-container\">\n\t\t\t\t\t\t\t\t\t\t\t\t\t\t\t<img fetchpriority=\"high\" decoding=\"async\" width=\"1080\" height=\"1080\" src=\"https:\/\/act-grupa.hr\/web\/wp-content\/uploads\/2023\/10\/BuySocialB2B_Logo_.png\" class=\"attachment-full size-full wp-image-3136\" alt=\"\" srcset=\"https:\/\/act-grupa.hr\/web\/wp-content\/uploads\/2023\/10\/BuySocialB2B_Logo_.png 1080w, https:\/\/act-grupa.hr\/web\/wp-content\/uploads\/2023\/10\/BuySocialB2B_Logo_-300x300.png 300w, https:\/\/act-grupa.hr\/web\/wp-content\/uploads\/2023\/10\/BuySocialB2B_Logo_-1024x1024.png 1024w, https:\/\/act-grupa.hr\/web\/wp-content\/uploads\/2023\/10\/BuySocialB2B_Logo_-150x150.png 150w, https:\/\/act-grupa.hr\/web\/wp-content\/uploads\/2023\/10\/BuySocialB2B_Logo_-768x768.png 768w, https:\/\/act-grupa.hr\/web\/wp-content\/uploads\/2023\/10\/BuySocialB2B_Logo_-12x12.png 12w\" sizes=\"(max-width: 1080px) 100vw, 1080px\" \/>\t\t\t\t\t\t\t\t\t\t\t\t\t\t\t<\/div>\n\t\t\t\t<\/div>\n\t\t\t\t<div class=\"elementor-element elementor-element-dfd3a5d elementor-widget elementor-widget-image\" data-id=\"dfd3a5d\" data-element_type=\"widget\" data-e-type=\"widget\" data-widget_type=\"image.default\">\n\t\t\t\t<div class=\"elementor-widget-container\">\n\t\t\t\t\t\t\t\t\t\t\t\t\t\t\t<img decoding=\"async\" width=\"2560\" height=\"571\" src=\"https:\/\/act-grupa.hr\/web\/wp-content\/uploads\/2025\/10\/EN_Co-fundedbytheEU_RGB_POS-scaled.png\" class=\"attachment-full size-full wp-image-3154\" alt=\"Eu sufinanciranje\" srcset=\"https:\/\/act-grupa.hr\/web\/wp-content\/uploads\/2025\/10\/EN_Co-fundedbytheEU_RGB_POS-scaled.png 2560w, https:\/\/act-grupa.hr\/web\/wp-content\/uploads\/2025\/10\/EN_Co-fundedbytheEU_RGB_POS-300x67.png 300w, https:\/\/act-grupa.hr\/web\/wp-content\/uploads\/2025\/10\/EN_Co-fundedbytheEU_RGB_POS-1024x228.png 1024w, https:\/\/act-grupa.hr\/web\/wp-content\/uploads\/2025\/10\/EN_Co-fundedbytheEU_RGB_POS-768x171.png 768w, https:\/\/act-grupa.hr\/web\/wp-content\/uploads\/2025\/10\/EN_Co-fundedbytheEU_RGB_POS-1536x343.png 1536w, https:\/\/act-grupa.hr\/web\/wp-content\/uploads\/2025\/10\/EN_Co-fundedbytheEU_RGB_POS-2048x457.png 2048w, https:\/\/act-grupa.hr\/web\/wp-content\/uploads\/2025\/10\/EN_Co-fundedbytheEU_RGB_POS-18x4.png 18w\" sizes=\"(max-width: 2560px) 100vw, 2560px\" \/>\t\t\t\t\t\t\t\t\t\t\t\t\t\t\t<\/div>\n\t\t\t\t<\/div>\n\t\t\t\t\t<\/div>\n\t\t<\/div>\n\t\t\t\t<div class=\"elementor-column elementor-col-50 elementor-top-column elementor-element elementor-element-a7170cb\" data-id=\"a7170cb\" data-element_type=\"column\" data-e-type=\"column\" data-settings=\"{&quot;background_background&quot;:&quot;classic&quot;}\">\n\t\t\t<div class=\"elementor-widget-wrap elementor-element-populated\">\n\t\t\t\t\t\t<div class=\"elementor-element elementor-element-fb08c38 elementor-widget elementor-widget-heading\" data-id=\"fb08c38\" data-element_type=\"widget\" data-e-type=\"widget\" data-widget_type=\"heading.default\">\n\t\t\t\t<div class=\"elementor-widget-container\">\n\t\t\t\t\t<h2 class=\"elementor-heading-title elementor-size-default\">BuySocial Europe B2B<\/h2>\t\t\t\t<\/div>\n\t\t\t\t<\/div>\n\t\t\t\t<div class=\"elementor-element elementor-element-f408169 elementor-widget elementor-widget-heading\" data-id=\"f408169\" data-element_type=\"widget\" data-e-type=\"widget\" data-widget_type=\"heading.default\">\n\t\t\t\t<div class=\"elementor-widget-container\">\n\t\t\t\t\t<h5 class=\"elementor-heading-title elementor-size-default\">Scaling Up Buy Social B2B Markets across Europe<\/h5>\t\t\t\t<\/div>\n\t\t\t\t<\/div>\n\t\t\t\t<div class=\"elementor-element elementor-element-851e435 elementor-widget-divider--separator-type-pattern elementor-widget-divider--no-spacing elementor-widget-divider--view-line elementor-widget elementor-widget-divider\" data-id=\"851e435\" data-element_type=\"widget\" data-e-type=\"widget\" data-widget_type=\"divider.default\">\n\t\t\t\t<div class=\"elementor-widget-container\">\n\t\t\t\t\t\t\t<div class=\"elementor-divider\" style=\"--divider-pattern-url: url(&quot;data:image\/svg+xml,%3Csvg xmlns=&#039;http:\/\/www.w3.org\/2000\/svg&#039; preserveAspectRatio=&#039;xMidYMid meet&#039; overflow=&#039;visible&#039; height=&#039;100%&#039; viewBox=&#039;0 0 126 26&#039; fill=&#039;black&#039; stroke=&#039;none&#039;%3E%3Cpath d=&#039;M46.8,7.8v11.5L36,18.6V7.8H46.8z M82.4,7.8L84,18.6l-12,0.7L70.4,7.8H82.4z M0,7.8l12,0.9v9.9H1.3L0,7.8z M30,7.8v10.8H19L18,7.8H30z M63.7,7.8L66,18.6H54V9.5L63.7,7.8z M89.8,7L102,7.8v10.8H91.2L89.8,7zM108,7.8l12,0.9v8.9l-12,1V7.8z&#039;\/%3E%3C\/svg%3E&quot;);\">\n\t\t\t<span class=\"elementor-divider-separator\">\n\t\t\t\t\t\t<\/span>\n\t\t<\/div>\n\t\t\t\t\t\t<\/div>\n\t\t\t\t<\/div>\n\t\t\t\t<div class=\"elementor-element elementor-element-875b3ff elementor-widget elementor-widget-text-editor\" data-id=\"875b3ff\" data-element_type=\"widget\" data-e-type=\"widget\" data-widget_type=\"text-editor.default\">\n\t\t\t\t<div class=\"elementor-widget-container\">\n\t\t\t\t\t\t\t\t\t<p><b>Programme<\/b>: <br>SMP\/COSME -Innovation Ecosystems, SMP-Entrepreneurship and Consumers<\/p>\n<p><strong>Financed by:<\/strong> <br>European Union and SAP<\/p>\n<p><strong>Lead partner:<\/strong> <br>Euclid Network<\/p>\n<p><b>Partners:&nbsp;<\/b><br>Euclid Network, AKEP, SEAL, ACT Grupa, HU SE, Lisva, SERI,&nbsp; Fund2740, ESLIDER, BCause, Mouvement Impact France, Stichting Social Enterprise Netherlands, Yanus social business funds,&nbsp; Reach for Change Foundation, SEND, SEUK, SEWF, Social procurement pledge, SENS, Smart Kolektiv, SIF.<\/p>\n<p><strong style=\"font-style: inherit;\">Total support from EU:<\/strong><\/p>\n<p>324.573,37 \u20ac<\/p>\n<p><strong>Duration:<\/strong> <br>1.5.2023. \u2013 31.10.2024.<\/p>\n<p><strong>Project:<\/strong><\/p>\n<p>Social entrepreneurship is a driving force for sustainable business practices. Yet, mainstream enterprises (ME) often face barriers in&nbsp;<span style=\"font-style: inherit; font-weight: inherit;\">sourcing from social enterprises (SE). This project expands the Buy Social movement in order to increase social procurement levels&nbsp;<\/span><span style=\"font-style: inherit; font-weight: inherit;\">across Europe. Our consortium includes the local, regional and national organisations with the highest potential to implement&nbsp;<\/span><span style=\"font-style: inherit; font-weight: inherit;\">successful Buy Social strategies together with, and thanks to, pioneers and leading international best practice players. The project\u2019s&nbsp;<\/span><span style=\"font-style: inherit; font-weight: inherit;\">concept revolves around a strong transnational dimension, on top of an equally strong local\/national focus.This is to ensure high&nbsp;<\/span><span style=\"font-style: inherit; font-weight: inherit;\">scalability of the results in the 16 countries involved: Belgium, Bulgaria, Croatia, France, Germany, Greece, Hungary, Ireland, Latvia,&nbsp;<\/span><span style=\"font-style: inherit; font-weight: inherit;\">Lithuania, Portugal, Serbia, Slovenia, Sweden, Switzerland, and The Netherlands.The consortium\u2019s set-up has been conceived to&nbsp;<\/span><span style=\"font-style: inherit; font-weight: inherit;\">ensure efficiency both in terms of time and costs, and various levels of implementation are therefore envisaged: a core group,&nbsp;<\/span><span style=\"font-style: inherit; font-weight: inherit;\">national SE support organisations (Euclid Network members), best practice partners that are international leaders and dissemination&nbsp;<\/span><span style=\"font-style: inherit; font-weight: inherit;\">multipliers.Our project and consortium will target 1)ME in order to help them engage concretely and durably with SE suppliers, 2)SEs&nbsp;<\/span><span style=\"font-style: inherit; font-weight: inherit;\">in a way that can increase their revenues through trade\/scale their activities through partnerships with MEs, 3)intermediaries so as to&nbsp;<\/span><span style=\"font-style: inherit; font-weight: inherit;\">allow them to better advocate, match-make and build capacity. Partners will also be able to build evidence to convince more policy&nbsp;<\/span><span style=\"font-style: inherit; font-weight: inherit;\">makers, funders and investors to make long-term strategic investments in the arena.Concretely, the project will 1)generate visibility&nbsp;<\/span><span style=\"font-style: inherit; font-weight: inherit;\">and mutual understanding through campaigns and best practice sharing, 2)improve access to funding by de-risking&nbsp;<\/span><span style=\"font-style: inherit; font-weight: inherit;\">investment through supplier identification and match-making, 3)build capacity to support SE\/ME and intermediaries to&nbsp;<\/span><span style=\"font-style: inherit; font-weight: inherit;\">become Buy Social B2B trade-ready.&nbsp;<\/span><a href=\"https:\/\/buysocialeuropeb2b.eu\" target=\"_blank\" style=\"background-color: rgb(255, 255, 255); font-size: 1rem;\">https:\/\/buysocialeuropeb2b.eu<\/a><\/p>\t\t\t\t\t\t\t\t<\/div>\n\t\t\t\t<\/div>\n\t\t\t\t<div class=\"elementor-element elementor-element-87dbbd2 elementor-widget-divider--separator-type-pattern elementor-widget-divider--no-spacing elementor-widget-divider--view-line elementor-widget elementor-widget-divider\" data-id=\"87dbbd2\" data-element_type=\"widget\" data-e-type=\"widget\" data-widget_type=\"divider.default\">\n\t\t\t\t<div class=\"elementor-widget-container\">\n\t\t\t\t\t\t\t<div class=\"elementor-divider\" style=\"--divider-pattern-url: url(&quot;data:image\/svg+xml,%3Csvg xmlns=&#039;http:\/\/www.w3.org\/2000\/svg&#039; preserveAspectRatio=&#039;xMidYMid meet&#039; overflow=&#039;visible&#039; height=&#039;100%&#039; viewBox=&#039;0 0 126 26&#039; fill=&#039;black&#039; stroke=&#039;none&#039;%3E%3Cpath d=&#039;M46.8,7.8v11.5L36,18.6V7.8H46.8z M82.4,7.8L84,18.6l-12,0.7L70.4,7.8H82.4z M0,7.8l12,0.9v9.9H1.3L0,7.8z M30,7.8v10.8H19L18,7.8H30z M63.7,7.8L66,18.6H54V9.5L63.7,7.8z M89.8,7L102,7.8v10.8H91.2L89.8,7zM108,7.8l12,0.9v8.9l-12,1V7.8z&#039;\/%3E%3C\/svg%3E&quot;);\">\n\t\t\t<span class=\"elementor-divider-separator\">\n\t\t\t\t\t\t<\/span>\n\t\t<\/div>\n\t\t\t\t\t\t<\/div>\n\t\t\t\t<\/div>\n\t\t\t\t<div class=\"elementor-element elementor-element-93d90f1 elementor-widget elementor-widget-heading\" data-id=\"93d90f1\" data-element_type=\"widget\" data-e-type=\"widget\" data-widget_type=\"heading.default\">\n\t\t\t\t<div class=\"elementor-widget-container\">\n\t\t\t\t\t<h5 class=\"elementor-heading-title elementor-size-default\"><b><span>Access to B2B markets for Social enterprises across Europe<\/span><\/b><\/h5>\t\t\t\t<\/div>\n\t\t\t\t<\/div>\n\t\t\t\t\t<\/div>\n\t\t<\/div>\n\t\t\t\t\t<\/div>\n\t\t<\/section>\n\t\t\t\t<\/div>","protected":false},"excerpt":{"rendered":"<p>BuySocial Europe B2B Scaling Up Buy Social B2B Markets across Europe Programme: SMP\/COSME -Innovation Ecosystems, SMP-Entrepreneurship and Consumers Financed by: European Union and SAP Lead partner: Euclid Network Partners:&nbsp;Euclid Network, AKEP, SEAL, ACT Grupa, HU SE, Lisva, SERI,&nbsp; Fund2740, ESLIDER, BCause, Mouvement Impact France, Stichting Social Enterprise Netherlands, Yanus social business funds,&nbsp; Reach for Change [&hellip;]<\/p>\n","protected":false},"author":4,"featured_media":0,"parent":157,"menu_order":0,"comment_status":"closed","ping_status":"closed","template":"","meta":{"site-sidebar-layout":"no-sidebar","site-content-layout":null,"ast-site-content-layout":"full-width-container","site-content-style":"unboxed","site-sidebar-style":"unboxed","ast-global-header-display":"","ast-banner-title-visibility":"","ast-main-header-display":"","ast-hfb-above-header-display":"","ast-hfb-below-header-display":"","ast-hfb-mobile-header-display":"","site-post-title":"disabled","ast-breadcrumbs-content":"","ast-featured-img":"disabled","footer-sml-layout":"","ast-disable-related-posts":"","theme-transparent-header-meta":"default","adv-header-id-meta":"","stick-header-meta":"default","header-above-stick-meta":"","header-main-stick-meta":"","header-below-stick-meta":"","astra-migrate-meta-layouts":"set","ast-page-background-enabled":"default","ast-page-background-meta":{"desktop":{"background-color":"","background-image":"","background-repeat":"repeat","background-position":"center center","background-size":"auto","background-attachment":"scroll","background-type":"","background-media":"","overlay-type":"","overlay-color":"","overlay-opacity":"","overlay-gradient":""},"tablet":{"background-color":"","background-image":"","background-repeat":"repeat","background-position":"center center","background-size":"auto","background-attachment":"scroll","background-type":"","background-media":"","overlay-type":"","overlay-color":"","overlay-opacity":"","overlay-gradient":""},"mobile":{"background-color":"","background-image":"","background-repeat":"repeat","background-position":"center center","background-size":"auto","background-attachment":"scroll","background-type":"","background-media":"","overlay-type":"","overlay-color":"","overlay-opacity":"","overlay-gradient":""}},"ast-content-background-meta":{"desktop":{"background-color":"var(--ast-global-color-5)","background-image":"","background-repeat":"repeat","background-position":"center center","background-size":"auto","background-attachment":"scroll","background-type":"","background-media":"","overlay-type":"","overlay-color":"","overlay-opacity":"","overlay-gradient":""},"tablet":{"background-color":"var(--ast-global-color-5)","background-image":"","background-repeat":"repeat","background-position":"center center","background-size":"auto","background-attachment":"scroll","background-type":"","background-media":"","overlay-type":"","overlay-color":"","overlay-opacity":"","overlay-gradient":""},"mobile":{"background-color":"var(--ast-global-color-5)","background-image":"","background-repeat":"repeat","background-position":"center center","background-size":"auto","background-attachment":"scroll","background-type":"","background-media":"","overlay-type":"","overlay-color":"","overlay-opacity":"","overlay-gradient":""}},"footnotes":""},"class_list":["post-3152","page","type-page","status-publish","hentry"],"yoast_head":"<!-- This site is optimized with the Yoast SEO plugin v27.4 - https:\/\/yoast.com\/product\/yoast-seo-wordpress\/ -->\n<title>BuySocial Europe B2B gradi nova tr\u017ei\u0161ta za dru\u0161tvena poduze\u0107a - ACT Grupa<\/title>\n<meta name=\"robots\" content=\"index, follow, max-snippet:-1, max-image-preview:large, max-video-preview:-1\" \/>\n<link rel=\"canonical\" href=\"https:\/\/act-grupa.hr\/en\/projekti\/buysocial\/\" \/>\n<meta property=\"og:locale\" content=\"en_GB\" \/>\n<meta property=\"og:type\" content=\"article\" \/>\n<meta property=\"og:title\" content=\"BuySocial Europe B2B gradi nova tr\u017ei\u0161ta za dru\u0161tvena poduze\u0107a - ACT Grupa\" \/>\n<meta property=\"og:description\" content=\"BuySocial Europe B2B Scaling Up Buy Social B2B Markets across Europe Programme: SMP\/COSME -Innovation Ecosystems, SMP-Entrepreneurship and Consumers Financed by: European Union and SAP Lead partner: Euclid Network Partners:&nbsp;Euclid Network, AKEP, SEAL, ACT Grupa, HU SE, Lisva, SERI,&nbsp; Fund2740, ESLIDER, BCause, Mouvement Impact France, Stichting Social Enterprise Netherlands, Yanus social business funds,&nbsp; Reach for Change [&hellip;]\" \/>\n<meta property=\"og:url\" content=\"https:\/\/act-grupa.hr\/en\/projekti\/buysocial\/\" \/>\n<meta property=\"og:site_name\" content=\"ACT Grupa\" \/>\n<meta property=\"article:publisher\" content=\"https:\/\/www.facebook.com\/ACTGrupa\" \/>\n<meta property=\"article:modified_time\" content=\"2024-09-03T09:51:24+00:00\" \/>\n<meta property=\"og:image\" content=\"https:\/\/act-grupa.hr\/web\/wp-content\/uploads\/2023\/10\/BuySocialB2B_Logo_.png\" \/>\n<meta name=\"twitter:card\" content=\"summary_large_image\" \/>\n<meta name=\"twitter:label1\" content=\"Estimated reading time\" \/>\n\t<meta name=\"twitter:data1\" content=\"2 minutes\" \/>\n<script type=\"application\/ld+json\" class=\"yoast-schema-graph\">{\"@context\":\"https:\\\/\\\/schema.org\",\"@graph\":[{\"@type\":\"WebPage\",\"@id\":\"https:\\\/\\\/act-grupa.hr\\\/projekti\\\/buysocial\\\/\",\"url\":\"https:\\\/\\\/act-grupa.hr\\\/projekti\\\/buysocial\\\/\",\"name\":\"BuySocial Europe B2B gradi nova tr\u017ei\u0161ta za dru\u0161tvena poduze\u0107a - ACT Grupa\",\"isPartOf\":{\"@id\":\"https:\\\/\\\/act-grupa.hr\\\/#website\"},\"primaryImageOfPage\":{\"@id\":\"https:\\\/\\\/act-grupa.hr\\\/projekti\\\/buysocial\\\/#primaryimage\"},\"image\":{\"@id\":\"https:\\\/\\\/act-grupa.hr\\\/projekti\\\/buysocial\\\/#primaryimage\"},\"thumbnailUrl\":\"https:\\\/\\\/act-grupa.hr\\\/web\\\/wp-content\\\/uploads\\\/2023\\\/10\\\/BuySocialB2B_Logo_.png\",\"datePublished\":\"2023-10-25T08:48:07+00:00\",\"dateModified\":\"2024-09-03T09:51:24+00:00\",\"breadcrumb\":{\"@id\":\"https:\\\/\\\/act-grupa.hr\\\/projekti\\\/buysocial\\\/#breadcrumb\"},\"inLanguage\":\"en-GB\",\"potentialAction\":[{\"@type\":\"ReadAction\",\"target\":[\"https:\\\/\\\/act-grupa.hr\\\/projekti\\\/buysocial\\\/\"]}]},{\"@type\":\"ImageObject\",\"inLanguage\":\"en-GB\",\"@id\":\"https:\\\/\\\/act-grupa.hr\\\/projekti\\\/buysocial\\\/#primaryimage\",\"url\":\"https:\\\/\\\/act-grupa.hr\\\/web\\\/wp-content\\\/uploads\\\/2023\\\/10\\\/BuySocialB2B_Logo_.png\",\"contentUrl\":\"https:\\\/\\\/act-grupa.hr\\\/web\\\/wp-content\\\/uploads\\\/2023\\\/10\\\/BuySocialB2B_Logo_.png\"},{\"@type\":\"BreadcrumbList\",\"@id\":\"https:\\\/\\\/act-grupa.hr\\\/projekti\\\/buysocial\\\/#breadcrumb\",\"itemListElement\":[{\"@type\":\"ListItem\",\"position\":1,\"name\":\"Home\",\"item\":\"https:\\\/\\\/act-grupa.hr\\\/\"},{\"@type\":\"ListItem\",\"position\":2,\"name\":\"Projekti\",\"item\":\"https:\\\/\\\/act-grupa.hr\\\/en\\\/projekti\\\/\"},{\"@type\":\"ListItem\",\"position\":3,\"name\":\"BuySocial Europe B2B gradi nova tr\u017ei\u0161ta za dru\u0161tvena poduze\u0107a\"}]},{\"@type\":\"WebSite\",\"@id\":\"https:\\\/\\\/act-grupa.hr\\\/#website\",\"url\":\"https:\\\/\\\/act-grupa.hr\\\/\",\"name\":\"ACT Grupa\",\"description\":\"Dobri za posao. Dobri za dru\u0161tvo.\",\"publisher\":{\"@id\":\"https:\\\/\\\/act-grupa.hr\\\/#organization\"},\"potentialAction\":[{\"@type\":\"SearchAction\",\"target\":{\"@type\":\"EntryPoint\",\"urlTemplate\":\"https:\\\/\\\/act-grupa.hr\\\/?s={search_term_string}\"},\"query-input\":{\"@type\":\"PropertyValueSpecification\",\"valueRequired\":true,\"valueName\":\"search_term_string\"}}],\"inLanguage\":\"en-GB\"},{\"@type\":\"Organization\",\"@id\":\"https:\\\/\\\/act-grupa.hr\\\/#organization\",\"name\":\"ACT Grupa\",\"url\":\"https:\\\/\\\/act-grupa.hr\\\/\",\"logo\":{\"@type\":\"ImageObject\",\"inLanguage\":\"en-GB\",\"@id\":\"https:\\\/\\\/act-grupa.hr\\\/#\\\/schema\\\/logo\\\/image\\\/\",\"url\":\"https:\\\/\\\/act-grupa.hr\\\/web\\\/wp-content\\\/uploads\\\/2026\\\/01\\\/AG_logo_transparent-scaled.png\",\"contentUrl\":\"https:\\\/\\\/act-grupa.hr\\\/web\\\/wp-content\\\/uploads\\\/2026\\\/01\\\/AG_logo_transparent-scaled.png\",\"width\":2560,\"height\":834,\"caption\":\"ACT Grupa\"},\"image\":{\"@id\":\"https:\\\/\\\/act-grupa.hr\\\/#\\\/schema\\\/logo\\\/image\\\/\"},\"sameAs\":[\"https:\\\/\\\/www.facebook.com\\\/ACTGrupa\",\"https:\\\/\\\/www.instagram.com\\\/actgrupa\\\/\",\"https:\\\/\\\/www.youtube.com\\\/@actgrupa\",\"https:\\\/\\\/www.linkedin.com\\\/company\\\/act-grupa\"]}]}<\/script>\n<!-- \/ Yoast SEO plugin. -->","yoast_head_json":{"title":"BuySocial Europe B2B gradi nova tr\u017ei\u0161ta za dru\u0161tvena poduze\u0107a - ACT Grupa","robots":{"index":"index","follow":"follow","max-snippet":"max-snippet:-1","max-image-preview":"max-image-preview:large","max-video-preview":"max-video-preview:-1"},"canonical":"https:\/\/act-grupa.hr\/en\/projekti\/buysocial\/","og_locale":"en_GB","og_type":"article","og_title":"BuySocial Europe B2B gradi nova tr\u017ei\u0161ta za dru\u0161tvena poduze\u0107a - ACT Grupa","og_description":"BuySocial Europe B2B Scaling Up Buy Social B2B Markets across Europe Programme: SMP\/COSME -Innovation Ecosystems, SMP-Entrepreneurship and Consumers Financed by: European Union and SAP Lead partner: Euclid Network Partners:&nbsp;Euclid Network, AKEP, SEAL, ACT Grupa, HU SE, Lisva, SERI,&nbsp; Fund2740, ESLIDER, BCause, Mouvement Impact France, Stichting Social Enterprise Netherlands, Yanus social business funds,&nbsp; Reach for Change [&hellip;]","og_url":"https:\/\/act-grupa.hr\/en\/projekti\/buysocial\/","og_site_name":"ACT Grupa","article_publisher":"https:\/\/www.facebook.com\/ACTGrupa","article_modified_time":"2024-09-03T09:51:24+00:00","og_image":[{"url":"https:\/\/act-grupa.hr\/web\/wp-content\/uploads\/2023\/10\/BuySocialB2B_Logo_.png","type":"","width":"","height":""}],"twitter_card":"summary_large_image","twitter_misc":{"Estimated reading time":"2 minutes"},"schema":{"@context":"https:\/\/schema.org","@graph":[{"@type":"WebPage","@id":"https:\/\/act-grupa.hr\/projekti\/buysocial\/","url":"https:\/\/act-grupa.hr\/projekti\/buysocial\/","name":"BuySocial Europe B2B gradi nova tr\u017ei\u0161ta za dru\u0161tvena poduze\u0107a - ACT Grupa","isPartOf":{"@id":"https:\/\/act-grupa.hr\/#website"},"primaryImageOfPage":{"@id":"https:\/\/act-grupa.hr\/projekti\/buysocial\/#primaryimage"},"image":{"@id":"https:\/\/act-grupa.hr\/projekti\/buysocial\/#primaryimage"},"thumbnailUrl":"https:\/\/act-grupa.hr\/web\/wp-content\/uploads\/2023\/10\/BuySocialB2B_Logo_.png","datePublished":"2023-10-25T08:48:07+00:00","dateModified":"2024-09-03T09:51:24+00:00","breadcrumb":{"@id":"https:\/\/act-grupa.hr\/projekti\/buysocial\/#breadcrumb"},"inLanguage":"en-GB","potentialAction":[{"@type":"ReadAction","target":["https:\/\/act-grupa.hr\/projekti\/buysocial\/"]}]},{"@type":"ImageObject","inLanguage":"en-GB","@id":"https:\/\/act-grupa.hr\/projekti\/buysocial\/#primaryimage","url":"https:\/\/act-grupa.hr\/web\/wp-content\/uploads\/2023\/10\/BuySocialB2B_Logo_.png","contentUrl":"https:\/\/act-grupa.hr\/web\/wp-content\/uploads\/2023\/10\/BuySocialB2B_Logo_.png"},{"@type":"BreadcrumbList","@id":"https:\/\/act-grupa.hr\/projekti\/buysocial\/#breadcrumb","itemListElement":[{"@type":"ListItem","position":1,"name":"Home","item":"https:\/\/act-grupa.hr\/"},{"@type":"ListItem","position":2,"name":"Projekti","item":"https:\/\/act-grupa.hr\/en\/projekti\/"},{"@type":"ListItem","position":3,"name":"BuySocial Europe B2B gradi nova tr\u017ei\u0161ta za dru\u0161tvena poduze\u0107a"}]},{"@type":"WebSite","@id":"https:\/\/act-grupa.hr\/#website","url":"https:\/\/act-grupa.hr\/","name":"ACT Grupa","description":"Dobri za posao. Dobri za dru\u0161tvo.","publisher":{"@id":"https:\/\/act-grupa.hr\/#organization"},"potentialAction":[{"@type":"SearchAction","target":{"@type":"EntryPoint","urlTemplate":"https:\/\/act-grupa.hr\/?s={search_term_string}"},"query-input":{"@type":"PropertyValueSpecification","valueRequired":true,"valueName":"search_term_string"}}],"inLanguage":"en-GB"},{"@type":"Organization","@id":"https:\/\/act-grupa.hr\/#organization","name":"ACT Grupa","url":"https:\/\/act-grupa.hr\/","logo":{"@type":"ImageObject","inLanguage":"en-GB","@id":"https:\/\/act-grupa.hr\/#\/schema\/logo\/image\/","url":"https:\/\/act-grupa.hr\/web\/wp-content\/uploads\/2026\/01\/AG_logo_transparent-scaled.png","contentUrl":"https:\/\/act-grupa.hr\/web\/wp-content\/uploads\/2026\/01\/AG_logo_transparent-scaled.png","width":2560,"height":834,"caption":"ACT Grupa"},"image":{"@id":"https:\/\/act-grupa.hr\/#\/schema\/logo\/image\/"},"sameAs":["https:\/\/www.facebook.com\/ACTGrupa","https:\/\/www.instagram.com\/actgrupa\/","https:\/\/www.youtube.com\/@actgrupa","https:\/\/www.linkedin.com\/company\/act-grupa"]}]}},"_links":{"self":[{"href":"https:\/\/act-grupa.hr\/en\/wp-json\/wp\/v2\/pages\/3152","targetHints":{"allow":["GET"]}}],"collection":[{"href":"https:\/\/act-grupa.hr\/en\/wp-json\/wp\/v2\/pages"}],"about":[{"href":"https:\/\/act-grupa.hr\/en\/wp-json\/wp\/v2\/types\/page"}],"author":[{"embeddable":true,"href":"https:\/\/act-grupa.hr\/en\/wp-json\/wp\/v2\/users\/4"}],"replies":[{"embeddable":true,"href":"https:\/\/act-grupa.hr\/en\/wp-json\/wp\/v2\/comments?post=3152"}],"version-history":[{"count":18,"href":"https:\/\/act-grupa.hr\/en\/wp-json\/wp\/v2\/pages\/3152\/revisions"}],"predecessor-version":[{"id":3455,"href":"https:\/\/act-grupa.hr\/en\/wp-json\/wp\/v2\/pages\/3152\/revisions\/3455"}],"up":[{"embeddable":true,"href":"https:\/\/act-grupa.hr\/en\/wp-json\/wp\/v2\/pages\/157"}],"wp:attachment":[{"href":"https:\/\/act-grupa.hr\/en\/wp-json\/wp\/v2\/media?parent=3152"}],"curies":[{"name":"wp","href":"https:\/\/api.w.org\/{rel}","templated":true}]}}