{"id":3182,"date":"2023-11-20T11:44:39","date_gmt":"2023-11-20T11:44:39","guid":{"rendered":"https:\/\/act-grupa.hr\/?page_id=3182"},"modified":"2024-01-05T11:38:37","modified_gmt":"2024-01-05T11:38:37","slug":"innoclusion-podrska-drustvenim-inovacijama-za-poboljsanje-inkluzije-osoba-s-invaliditetom","status":"publish","type":"page","link":"https:\/\/act-grupa.hr\/en\/projekti\/innoclusion-podrska-drustvenim-inovacijama-za-poboljsanje-inkluzije-osoba-s-invaliditetom\/","title":{"rendered":"INnoClusion"},"content":{"rendered":"<div data-elementor-type=\"wp-page\" data-elementor-id=\"3182\" class=\"elementor elementor-3182\" data-elementor-post-type=\"page\">\n\t\t\t\t\t\t<section class=\"elementor-section elementor-top-section elementor-element elementor-element-5328ba9c elementor-reverse-mobile elementor-section-boxed elementor-section-height-default elementor-section-height-default\" data-id=\"5328ba9c\" data-element_type=\"section\" data-e-type=\"section\" data-settings=\"{&quot;background_background&quot;:&quot;classic&quot;}\">\n\t\t\t\t\t\t\t<div class=\"elementor-background-overlay\"><\/div>\n\t\t\t\t\t\t\t<div class=\"elementor-container elementor-column-gap-default\">\n\t\t\t\t\t<div class=\"elementor-column elementor-col-50 elementor-top-column elementor-element elementor-element-654fb83\" data-id=\"654fb83\" data-element_type=\"column\" data-e-type=\"column\" data-settings=\"{&quot;background_background&quot;:&quot;classic&quot;}\">\n\t\t\t<div class=\"elementor-widget-wrap elementor-element-populated\">\n\t\t\t\t\t\t<div class=\"elementor-element elementor-element-69ad775b elementor-widget elementor-widget-spacer\" data-id=\"69ad775b\" data-element_type=\"widget\" data-e-type=\"widget\" data-widget_type=\"spacer.default\">\n\t\t\t\t<div class=\"elementor-widget-container\">\n\t\t\t\t\t\t\t<div class=\"elementor-spacer\">\n\t\t\t<div class=\"elementor-spacer-inner\"><\/div>\n\t\t<\/div>\n\t\t\t\t\t\t<\/div>\n\t\t\t\t<\/div>\n\t\t\t\t<div class=\"elementor-element elementor-element-15cf7d99 elementor-widget elementor-widget-image\" data-id=\"15cf7d99\" data-element_type=\"widget\" data-e-type=\"widget\" data-widget_type=\"image.default\">\n\t\t\t\t<div class=\"elementor-widget-container\">\n\t\t\t\t\t\t\t\t\t\t\t\t\t\t\t<img fetchpriority=\"high\" decoding=\"async\" width=\"800\" height=\"344\" src=\"https:\/\/act-grupa.hr\/web\/wp-content\/uploads\/2023\/11\/Logo_innoclusion.webp\" class=\"attachment-full size-full wp-image-3185\" alt=\"InnoClusion\" srcset=\"https:\/\/act-grupa.hr\/web\/wp-content\/uploads\/2023\/11\/Logo_innoclusion.webp 800w, https:\/\/act-grupa.hr\/web\/wp-content\/uploads\/2023\/11\/Logo_innoclusion-300x129.webp 300w, https:\/\/act-grupa.hr\/web\/wp-content\/uploads\/2023\/11\/Logo_innoclusion-768x330.webp 768w, https:\/\/act-grupa.hr\/web\/wp-content\/uploads\/2023\/11\/Logo_innoclusion-18x8.webp 18w\" sizes=\"(max-width: 800px) 100vw, 800px\" \/>\t\t\t\t\t\t\t\t\t\t\t\t\t\t\t<\/div>\n\t\t\t\t<\/div>\n\t\t\t\t<div class=\"elementor-element elementor-element-5ce1ab4a elementor-widget elementor-widget-image\" data-id=\"5ce1ab4a\" data-element_type=\"widget\" data-e-type=\"widget\" data-widget_type=\"image.default\">\n\t\t\t\t<div class=\"elementor-widget-container\">\n\t\t\t\t\t\t\t\t\t\t\t\t\t\t\t<img decoding=\"async\" width=\"2560\" height=\"571\" src=\"https:\/\/act-grupa.hr\/web\/wp-content\/uploads\/2025\/10\/EN_Co-fundedbytheEU_RGB_POS-scaled.png\" class=\"attachment-full size-full wp-image-3154\" alt=\"Eu sufinanciranje\" srcset=\"https:\/\/act-grupa.hr\/web\/wp-content\/uploads\/2025\/10\/EN_Co-fundedbytheEU_RGB_POS-scaled.png 2560w, https:\/\/act-grupa.hr\/web\/wp-content\/uploads\/2025\/10\/EN_Co-fundedbytheEU_RGB_POS-300x67.png 300w, https:\/\/act-grupa.hr\/web\/wp-content\/uploads\/2025\/10\/EN_Co-fundedbytheEU_RGB_POS-1024x228.png 1024w, https:\/\/act-grupa.hr\/web\/wp-content\/uploads\/2025\/10\/EN_Co-fundedbytheEU_RGB_POS-768x171.png 768w, https:\/\/act-grupa.hr\/web\/wp-content\/uploads\/2025\/10\/EN_Co-fundedbytheEU_RGB_POS-1536x343.png 1536w, https:\/\/act-grupa.hr\/web\/wp-content\/uploads\/2025\/10\/EN_Co-fundedbytheEU_RGB_POS-2048x457.png 2048w, https:\/\/act-grupa.hr\/web\/wp-content\/uploads\/2025\/10\/EN_Co-fundedbytheEU_RGB_POS-18x4.png 18w\" sizes=\"(max-width: 2560px) 100vw, 2560px\" \/>\t\t\t\t\t\t\t\t\t\t\t\t\t\t\t<\/div>\n\t\t\t\t<\/div>\n\t\t\t\t<div class=\"elementor-element elementor-element-4204248 elementor-widget elementor-widget-image\" data-id=\"4204248\" data-element_type=\"widget\" data-e-type=\"widget\" data-widget_type=\"image.default\">\n\t\t\t\t<div class=\"elementor-widget-container\">\n\t\t\t\t\t\t\t\t\t\t\t\t\t\t\t<img decoding=\"async\" width=\"600\" height=\"142\" src=\"https:\/\/act-grupa.hr\/web\/wp-content\/uploads\/2023\/12\/ured-za-udruge-logo.webp\" class=\"attachment-full size-full wp-image-3237\" alt=\"Ured za udruge\" srcset=\"https:\/\/act-grupa.hr\/web\/wp-content\/uploads\/2023\/12\/ured-za-udruge-logo.webp 600w, https:\/\/act-grupa.hr\/web\/wp-content\/uploads\/2023\/12\/ured-za-udruge-logo-300x71.webp 300w, https:\/\/act-grupa.hr\/web\/wp-content\/uploads\/2023\/12\/ured-za-udruge-logo-18x4.webp 18w\" sizes=\"(max-width: 600px) 100vw, 600px\" \/>\t\t\t\t\t\t\t\t\t\t\t\t\t\t\t<\/div>\n\t\t\t\t<\/div>\n\t\t\t\t\t<\/div>\n\t\t<\/div>\n\t\t\t\t<div class=\"elementor-column elementor-col-50 elementor-top-column elementor-element elementor-element-457508fc\" data-id=\"457508fc\" data-element_type=\"column\" data-e-type=\"column\" data-settings=\"{&quot;background_background&quot;:&quot;classic&quot;}\">\n\t\t\t<div class=\"elementor-widget-wrap elementor-element-populated\">\n\t\t\t\t\t\t<div class=\"elementor-element elementor-element-2d989467 elementor-widget elementor-widget-heading\" data-id=\"2d989467\" data-element_type=\"widget\" data-e-type=\"widget\" data-widget_type=\"heading.default\">\n\t\t\t\t<div class=\"elementor-widget-container\">\n\t\t\t\t\t<h2 class=\"elementor-heading-title elementor-size-default\"><div title=\"Page 2\"><div><div><div><p>INnoClusion<span style=\"font-size: var( --e-global-typography-primary-font-size );font-style: inherit\"><\/span><\/p><\/div><\/div><\/div><\/div><\/h2>\t\t\t\t<\/div>\n\t\t\t\t<\/div>\n\t\t\t\t<div class=\"elementor-element elementor-element-786b2f43 elementor-widget elementor-widget-heading\" data-id=\"786b2f43\" data-element_type=\"widget\" data-e-type=\"widget\" data-widget_type=\"heading.default\">\n\t\t\t\t<div class=\"elementor-widget-container\">\n\t\t\t\t\t<h5 class=\"elementor-heading-title elementor-size-default\">Podr\u0161ka dru\u0161tvenim inovacijama za pobolj\u0161anje inkluzije osoba s invaliditetom i rada organizacija za pru\u017eanje socijalnih usluga.<\/h5>\t\t\t\t<\/div>\n\t\t\t\t<\/div>\n\t\t\t\t<div class=\"elementor-element elementor-element-6d0068c3 elementor-widget-divider--separator-type-pattern elementor-widget-divider--no-spacing elementor-widget-divider--view-line elementor-widget elementor-widget-divider\" data-id=\"6d0068c3\" data-element_type=\"widget\" data-e-type=\"widget\" data-widget_type=\"divider.default\">\n\t\t\t\t<div class=\"elementor-widget-container\">\n\t\t\t\t\t\t\t<div class=\"elementor-divider\" style=\"--divider-pattern-url: url(&quot;data:image\/svg+xml,%3Csvg xmlns=&#039;http:\/\/www.w3.org\/2000\/svg&#039; preserveAspectRatio=&#039;xMidYMid meet&#039; overflow=&#039;visible&#039; height=&#039;100%&#039; viewBox=&#039;0 0 126 26&#039; fill=&#039;black&#039; stroke=&#039;none&#039;%3E%3Cpath d=&#039;M46.8,7.8v11.5L36,18.6V7.8H46.8z M82.4,7.8L84,18.6l-12,0.7L70.4,7.8H82.4z M0,7.8l12,0.9v9.9H1.3L0,7.8z M30,7.8v10.8H19L18,7.8H30z M63.7,7.8L66,18.6H54V9.5L63.7,7.8z M89.8,7L102,7.8v10.8H91.2L89.8,7zM108,7.8l12,0.9v8.9l-12,1V7.8z&#039;\/%3E%3C\/svg%3E&quot;);\">\n\t\t\t<span class=\"elementor-divider-separator\">\n\t\t\t\t\t\t<\/span>\n\t\t<\/div>\n\t\t\t\t\t\t<\/div>\n\t\t\t\t<\/div>\n\t\t\t\t<div class=\"elementor-element elementor-element-2558a810 elementor-widget elementor-widget-text-editor\" data-id=\"2558a810\" data-element_type=\"widget\" data-e-type=\"widget\" data-widget_type=\"text-editor.default\">\n\t\t\t\t<div class=\"elementor-widget-container\">\n\t\t\t\t\t\t\t\t\t<p><strong>Programme:<\/strong><\/p>\n<div title=\"Page 2\">\n<div>\n<div>\n<div>\n<p>ESF-2022-SOC-INNOV &#8211; Dru\u0161tvene inovacije za pravednu zelenu i digitalnu tranziciju<\/p>\n<\/div>\n<\/div>\n<\/div>\n<\/div>\n<p><strong>Sufinancira:<\/strong> <br>Europska unija kroz program ESF+; Ured za udruge Vlade RH<\/p>\n<p><strong>Lead partner:<\/strong> <br>Das Diakonische Werk der Evangelischen Landeskirche in Baden e.V. (Njema\u010dka)<\/p>\n<p><strong style=\"font-style: inherit;\">Partners:<\/strong><\/p>\n<div title=\"Page 4\">\n<div>\n<div>\n<div>\n<p>Ev. Altenhilfe St. Georgen gGmbH (Njema\u010dka), <span style=\"font-size: 16px;\">innoWerft TGZ Walldorf Stiftung GmbH (Njema\u010dka), ACT Grupa, <\/span><span style=\"font-size: 16px;\">Diakonie Kork, Epilepsiezentrum (Njema\u010dka), Udruga &#8220;Val&#8221; Lastovo, Centar za pomo\u0107 u ku\u0107i Me\u0111imurske \u017eupanije.<\/span><\/p>\n<\/div>\n<\/div>\n<\/div>\n<\/div>\n<p style=\"font-size: 15px; font-style: normal;\"><strong>Ukupni tro\u0161ak projekta:<\/strong><\/p>\n<p style=\"font-size: 15px; font-style: normal;\">912.838,40 \u20ac<\/p>\n<p><strong style=\"font-style: inherit;\">Sufinanciranje Europske unije:<\/strong><\/p>\n<p>821.554,57 \u20ac<\/p>\n<p><strong style=\"font-style: inherit;\">Duration:<\/strong><span style=\"font-style: inherit;\"><\/span><br><\/p>\n<p>1.11.2023. \u2013 31.10.2025.<\/p>\n<p><strong>Ciljevi projekta:<\/strong><\/p>\n<p>Projekt je pokrenut iz potrebe za dru\u0161tvenom i ekolo\u0161kom transformacijom kako bi se osobama s invaliditetom omogu\u0107io pravi\u010dan udio u profesionalnom i dru\u0161tvenom \u017eivotu.<\/p>\n<ul>\n<li>Pobolj\u0161anje profesionalnog i dru\u0161tvenog \u017eivota zahvaljuju\u0107i novim digitalnim i zelenim inovacijama<\/li>\n<li>Podr\u0161ka organizacijama za socijalnu skrb<\/li>\n<li>Postavljanje modela razvoja inovacija zajedno s organizacijama socijalne skrbi, korisnicima i IT tvrtkama.<\/li>\n<li>Razvoj rje\u0161enja koja su primjenjiva i u drugim europskim zemljama.<\/li>\n<\/ul>\t\t\t\t\t\t\t\t<\/div>\n\t\t\t\t<\/div>\n\t\t\t\t<div class=\"elementor-element elementor-element-13beeb10 elementor-widget-divider--separator-type-pattern elementor-widget-divider--no-spacing elementor-widget-divider--view-line elementor-widget elementor-widget-divider\" data-id=\"13beeb10\" data-element_type=\"widget\" data-e-type=\"widget\" data-widget_type=\"divider.default\">\n\t\t\t\t<div class=\"elementor-widget-container\">\n\t\t\t\t\t\t\t<div class=\"elementor-divider\" style=\"--divider-pattern-url: url(&quot;data:image\/svg+xml,%3Csvg xmlns=&#039;http:\/\/www.w3.org\/2000\/svg&#039; preserveAspectRatio=&#039;xMidYMid meet&#039; overflow=&#039;visible&#039; height=&#039;100%&#039; viewBox=&#039;0 0 126 26&#039; fill=&#039;black&#039; stroke=&#039;none&#039;%3E%3Cpath d=&#039;M46.8,7.8v11.5L36,18.6V7.8H46.8z M82.4,7.8L84,18.6l-12,0.7L70.4,7.8H82.4z M0,7.8l12,0.9v9.9H1.3L0,7.8z M30,7.8v10.8H19L18,7.8H30z M63.7,7.8L66,18.6H54V9.5L63.7,7.8z M89.8,7L102,7.8v10.8H91.2L89.8,7zM108,7.8l12,0.9v8.9l-12,1V7.8z&#039;\/%3E%3C\/svg%3E&quot;);\">\n\t\t\t<span class=\"elementor-divider-separator\">\n\t\t\t\t\t\t<\/span>\n\t\t<\/div>\n\t\t\t\t\t\t<\/div>\n\t\t\t\t<\/div>\n\t\t\t\t<div class=\"elementor-element elementor-element-3f08e58 elementor-widget elementor-widget-heading\" data-id=\"3f08e58\" data-element_type=\"widget\" data-e-type=\"widget\" data-widget_type=\"heading.default\">\n\t\t\t\t<div class=\"elementor-widget-container\">\n\t\t\t\t\t<h5 class=\"elementor-heading-title elementor-size-default\">Projekt \u0107e razviti po dva testna okru\u017eenja (living labs) u Njema\u010dkoj i Hrvatskoj. Cilj je do kraja 2025. godine na tr\u017ei\u0161te staviti deset inovativnih rje\u0161enja.<\/h5>\t\t\t\t<\/div>\n\t\t\t\t<\/div>\n\t\t\t\t\t<\/div>\n\t\t<\/div>\n\t\t\t\t\t<\/div>\n\t\t<\/section>\n\t\t\t\t<\/div>","protected":false},"excerpt":{"rendered":"<p>INnoClusion Podr\u0161ka dru\u0161tvenim inovacijama za pobolj\u0161anje inkluzije osoba s invaliditetom i rada organizacija za pru\u017eanje socijalnih usluga. Program: ESF-2022-SOC-INNOV &#8211; Dru\u0161tvene inovacije za pravednu zelenu i digitalnu tranziciju Sufinancira: Europska unija kroz program ESF+; Ured za udruge Vlade RH Vode\u0107i partner: Das Diakonische Werk der Evangelischen Landeskirche in Baden e.V. (Njema\u010dka) Partneri: Ev. Altenhilfe St. [&hellip;]<\/p>\n","protected":false},"author":1,"featured_media":0,"parent":157,"menu_order":0,"comment_status":"closed","ping_status":"closed","template":"","meta":{"site-sidebar-layout":"no-sidebar","site-content-layout":"page-builder","ast-site-content-layout":"full-width-container","site-content-style":"default","site-sidebar-style":"default","ast-global-header-display":"","ast-banner-title-visibility":"","ast-main-header-display":"","ast-hfb-above-header-display":"","ast-hfb-below-header-display":"","ast-hfb-mobile-header-display":"","site-post-title":"disabled","ast-breadcrumbs-content":"","ast-featured-img":"disabled","footer-sml-layout":"","ast-disable-related-posts":"","theme-transparent-header-meta":"","adv-header-id-meta":"","stick-header-meta":"","header-above-stick-meta":"","header-main-stick-meta":"","header-below-stick-meta":"","astra-migrate-meta-layouts":"set","ast-page-background-enabled":"default","ast-page-background-meta":{"desktop":{"background-color":"","background-image":"","background-repeat":"repeat","background-position":"center center","background-size":"auto","background-attachment":"scroll","background-type":"","background-media":"","overlay-type":"","overlay-color":"","overlay-opacity":"","overlay-gradient":""},"tablet":{"background-color":"","background-image":"","background-repeat":"repeat","background-position":"center center","background-size":"auto","background-attachment":"scroll","background-type":"","background-media":"","overlay-type":"","overlay-color":"","overlay-opacity":"","overlay-gradient":""},"mobile":{"background-color":"","background-image":"","background-repeat":"repeat","background-position":"center center","background-size":"auto","background-attachment":"scroll","background-type":"","background-media":"","overlay-type":"","overlay-color":"","overlay-opacity":"","overlay-gradient":""}},"ast-content-background-meta":{"desktop":{"background-color":"var(--ast-global-color-5)","background-image":"","background-repeat":"repeat","background-position":"center center","background-size":"auto","background-attachment":"scroll","background-type":"","background-media":"","overlay-type":"","overlay-color":"","overlay-opacity":"","overlay-gradient":""},"tablet":{"background-color":"var(--ast-global-color-5)","background-image":"","background-repeat":"repeat","background-position":"center center","background-size":"auto","background-attachment":"scroll","background-type":"","background-media":"","overlay-type":"","overlay-color":"","overlay-opacity":"","overlay-gradient":""},"mobile":{"background-color":"var(--ast-global-color-5)","background-image":"","background-repeat":"repeat","background-position":"center center","background-size":"auto","background-attachment":"scroll","background-type":"","background-media":"","overlay-type":"","overlay-color":"","overlay-opacity":"","overlay-gradient":""}},"footnotes":""},"class_list":["post-3182","page","type-page","status-publish","hentry"],"yoast_head":"<!-- This site is optimized with the Yoast SEO plugin v27.5 - https:\/\/yoast.com\/product\/yoast-seo-wordpress\/ -->\n<title>INnoClusion - ACT Grupa<\/title>\n<meta name=\"description\" content=\"Podr\u0161ka dru\u0161tvenim inovacijama za pobolj\u0161anje inkluzije osoba s invaliditetom i rada organizacija za pru\u017eanje socijalnih usluga.\" \/>\n<meta name=\"robots\" content=\"index, follow, max-snippet:-1, max-image-preview:large, max-video-preview:-1\" \/>\n<link rel=\"canonical\" href=\"https:\/\/act-grupa.hr\/en\/projekti\/innoclusion-podrska-drustvenim-inovacijama-za-poboljsanje-inkluzije-osoba-s-invaliditetom\/\" \/>\n<meta property=\"og:locale\" content=\"en_GB\" \/>\n<meta property=\"og:type\" content=\"article\" \/>\n<meta property=\"og:title\" content=\"INnoClusion - ACT Grupa\" \/>\n<meta property=\"og:description\" content=\"Podr\u0161ka dru\u0161tvenim inovacijama za pobolj\u0161anje inkluzije osoba s invaliditetom i rada organizacija za pru\u017eanje socijalnih usluga.\" \/>\n<meta property=\"og:url\" content=\"https:\/\/act-grupa.hr\/en\/projekti\/innoclusion-podrska-drustvenim-inovacijama-za-poboljsanje-inkluzije-osoba-s-invaliditetom\/\" \/>\n<meta property=\"og:site_name\" content=\"ACT Grupa\" \/>\n<meta property=\"article:publisher\" content=\"https:\/\/www.facebook.com\/ACTGrupa\" \/>\n<meta property=\"article:modified_time\" content=\"2024-01-05T11:38:37+00:00\" \/>\n<meta property=\"og:image\" content=\"https:\/\/act-grupa.hr\/web\/wp-content\/uploads\/2023\/11\/Logo_innoclusion.webp\" \/>\n<meta name=\"twitter:card\" content=\"summary_large_image\" \/>\n<meta name=\"twitter:label1\" content=\"Estimated reading time\" \/>\n\t<meta name=\"twitter:data1\" content=\"1 minute\" \/>\n<script type=\"application\/ld+json\" class=\"yoast-schema-graph\">{\"@context\":\"https:\\\/\\\/schema.org\",\"@graph\":[{\"@type\":\"WebPage\",\"@id\":\"https:\\\/\\\/act-grupa.hr\\\/projekti\\\/innoclusion-podrska-drustvenim-inovacijama-za-poboljsanje-inkluzije-osoba-s-invaliditetom\\\/\",\"url\":\"https:\\\/\\\/act-grupa.hr\\\/projekti\\\/innoclusion-podrska-drustvenim-inovacijama-za-poboljsanje-inkluzije-osoba-s-invaliditetom\\\/\",\"name\":\"INnoClusion - ACT Grupa\",\"isPartOf\":{\"@id\":\"https:\\\/\\\/act-grupa.hr\\\/#website\"},\"primaryImageOfPage\":{\"@id\":\"https:\\\/\\\/act-grupa.hr\\\/projekti\\\/innoclusion-podrska-drustvenim-inovacijama-za-poboljsanje-inkluzije-osoba-s-invaliditetom\\\/#primaryimage\"},\"image\":{\"@id\":\"https:\\\/\\\/act-grupa.hr\\\/projekti\\\/innoclusion-podrska-drustvenim-inovacijama-za-poboljsanje-inkluzije-osoba-s-invaliditetom\\\/#primaryimage\"},\"thumbnailUrl\":\"https:\\\/\\\/act-grupa.hr\\\/web\\\/wp-content\\\/uploads\\\/2023\\\/11\\\/Logo_innoclusion.webp\",\"datePublished\":\"2023-11-20T11:44:39+00:00\",\"dateModified\":\"2024-01-05T11:38:37+00:00\",\"description\":\"Podr\u0161ka dru\u0161tvenim inovacijama za pobolj\u0161anje inkluzije osoba s invaliditetom i rada organizacija za pru\u017eanje socijalnih usluga.\",\"breadcrumb\":{\"@id\":\"https:\\\/\\\/act-grupa.hr\\\/projekti\\\/innoclusion-podrska-drustvenim-inovacijama-za-poboljsanje-inkluzije-osoba-s-invaliditetom\\\/#breadcrumb\"},\"inLanguage\":\"en-GB\",\"potentialAction\":[{\"@type\":\"ReadAction\",\"target\":[\"https:\\\/\\\/act-grupa.hr\\\/projekti\\\/innoclusion-podrska-drustvenim-inovacijama-za-poboljsanje-inkluzije-osoba-s-invaliditetom\\\/\"]}]},{\"@type\":\"ImageObject\",\"inLanguage\":\"en-GB\",\"@id\":\"https:\\\/\\\/act-grupa.hr\\\/projekti\\\/innoclusion-podrska-drustvenim-inovacijama-za-poboljsanje-inkluzije-osoba-s-invaliditetom\\\/#primaryimage\",\"url\":\"https:\\\/\\\/act-grupa.hr\\\/web\\\/wp-content\\\/uploads\\\/2023\\\/11\\\/Logo_innoclusion.webp\",\"contentUrl\":\"https:\\\/\\\/act-grupa.hr\\\/web\\\/wp-content\\\/uploads\\\/2023\\\/11\\\/Logo_innoclusion.webp\"},{\"@type\":\"BreadcrumbList\",\"@id\":\"https:\\\/\\\/act-grupa.hr\\\/projekti\\\/innoclusion-podrska-drustvenim-inovacijama-za-poboljsanje-inkluzije-osoba-s-invaliditetom\\\/#breadcrumb\",\"itemListElement\":[{\"@type\":\"ListItem\",\"position\":1,\"name\":\"Home\",\"item\":\"https:\\\/\\\/act-grupa.hr\\\/\"},{\"@type\":\"ListItem\",\"position\":2,\"name\":\"Projekti\",\"item\":\"https:\\\/\\\/act-grupa.hr\\\/en\\\/projekti\\\/\"},{\"@type\":\"ListItem\",\"position\":3,\"name\":\"INnoClusion\"}]},{\"@type\":\"WebSite\",\"@id\":\"https:\\\/\\\/act-grupa.hr\\\/#website\",\"url\":\"https:\\\/\\\/act-grupa.hr\\\/\",\"name\":\"ACT Grupa\",\"description\":\"Dobri za posao. Dobri za dru\u0161tvo.\",\"publisher\":{\"@id\":\"https:\\\/\\\/act-grupa.hr\\\/#organization\"},\"potentialAction\":[{\"@type\":\"SearchAction\",\"target\":{\"@type\":\"EntryPoint\",\"urlTemplate\":\"https:\\\/\\\/act-grupa.hr\\\/?s={search_term_string}\"},\"query-input\":{\"@type\":\"PropertyValueSpecification\",\"valueRequired\":true,\"valueName\":\"search_term_string\"}}],\"inLanguage\":\"en-GB\"},{\"@type\":\"Organization\",\"@id\":\"https:\\\/\\\/act-grupa.hr\\\/#organization\",\"name\":\"ACT Grupa\",\"url\":\"https:\\\/\\\/act-grupa.hr\\\/\",\"logo\":{\"@type\":\"ImageObject\",\"inLanguage\":\"en-GB\",\"@id\":\"https:\\\/\\\/act-grupa.hr\\\/#\\\/schema\\\/logo\\\/image\\\/\",\"url\":\"https:\\\/\\\/act-grupa.hr\\\/web\\\/wp-content\\\/uploads\\\/2026\\\/01\\\/AG_logo_transparent-scaled.png\",\"contentUrl\":\"https:\\\/\\\/act-grupa.hr\\\/web\\\/wp-content\\\/uploads\\\/2026\\\/01\\\/AG_logo_transparent-scaled.png\",\"width\":2560,\"height\":834,\"caption\":\"ACT Grupa\"},\"image\":{\"@id\":\"https:\\\/\\\/act-grupa.hr\\\/#\\\/schema\\\/logo\\\/image\\\/\"},\"sameAs\":[\"https:\\\/\\\/www.facebook.com\\\/ACTGrupa\",\"https:\\\/\\\/www.instagram.com\\\/actgrupa\\\/\",\"https:\\\/\\\/www.youtube.com\\\/@actgrupa\",\"https:\\\/\\\/www.linkedin.com\\\/company\\\/act-grupa\"]}]}<\/script>\n<!-- \/ Yoast SEO plugin. -->","yoast_head_json":{"title":"INnoClusion - ACT Grupa","description":"Podr\u0161ka dru\u0161tvenim inovacijama za pobolj\u0161anje inkluzije osoba s invaliditetom i rada organizacija za pru\u017eanje socijalnih usluga.","robots":{"index":"index","follow":"follow","max-snippet":"max-snippet:-1","max-image-preview":"max-image-preview:large","max-video-preview":"max-video-preview:-1"},"canonical":"https:\/\/act-grupa.hr\/en\/projekti\/innoclusion-podrska-drustvenim-inovacijama-za-poboljsanje-inkluzije-osoba-s-invaliditetom\/","og_locale":"en_GB","og_type":"article","og_title":"INnoClusion - ACT Grupa","og_description":"Podr\u0161ka dru\u0161tvenim inovacijama za pobolj\u0161anje inkluzije osoba s invaliditetom i rada organizacija za pru\u017eanje socijalnih usluga.","og_url":"https:\/\/act-grupa.hr\/en\/projekti\/innoclusion-podrska-drustvenim-inovacijama-za-poboljsanje-inkluzije-osoba-s-invaliditetom\/","og_site_name":"ACT Grupa","article_publisher":"https:\/\/www.facebook.com\/ACTGrupa","article_modified_time":"2024-01-05T11:38:37+00:00","og_image":[{"url":"https:\/\/act-grupa.hr\/web\/wp-content\/uploads\/2023\/11\/Logo_innoclusion.webp","type":"","width":"","height":""}],"twitter_card":"summary_large_image","twitter_misc":{"Estimated reading time":"1 minute"},"schema":{"@context":"https:\/\/schema.org","@graph":[{"@type":"WebPage","@id":"https:\/\/act-grupa.hr\/projekti\/innoclusion-podrska-drustvenim-inovacijama-za-poboljsanje-inkluzije-osoba-s-invaliditetom\/","url":"https:\/\/act-grupa.hr\/projekti\/innoclusion-podrska-drustvenim-inovacijama-za-poboljsanje-inkluzije-osoba-s-invaliditetom\/","name":"INnoClusion - ACT Grupa","isPartOf":{"@id":"https:\/\/act-grupa.hr\/#website"},"primaryImageOfPage":{"@id":"https:\/\/act-grupa.hr\/projekti\/innoclusion-podrska-drustvenim-inovacijama-za-poboljsanje-inkluzije-osoba-s-invaliditetom\/#primaryimage"},"image":{"@id":"https:\/\/act-grupa.hr\/projekti\/innoclusion-podrska-drustvenim-inovacijama-za-poboljsanje-inkluzije-osoba-s-invaliditetom\/#primaryimage"},"thumbnailUrl":"https:\/\/act-grupa.hr\/web\/wp-content\/uploads\/2023\/11\/Logo_innoclusion.webp","datePublished":"2023-11-20T11:44:39+00:00","dateModified":"2024-01-05T11:38:37+00:00","description":"Podr\u0161ka dru\u0161tvenim inovacijama za pobolj\u0161anje inkluzije osoba s invaliditetom i rada organizacija za pru\u017eanje socijalnih usluga.","breadcrumb":{"@id":"https:\/\/act-grupa.hr\/projekti\/innoclusion-podrska-drustvenim-inovacijama-za-poboljsanje-inkluzije-osoba-s-invaliditetom\/#breadcrumb"},"inLanguage":"en-GB","potentialAction":[{"@type":"ReadAction","target":["https:\/\/act-grupa.hr\/projekti\/innoclusion-podrska-drustvenim-inovacijama-za-poboljsanje-inkluzije-osoba-s-invaliditetom\/"]}]},{"@type":"ImageObject","inLanguage":"en-GB","@id":"https:\/\/act-grupa.hr\/projekti\/innoclusion-podrska-drustvenim-inovacijama-za-poboljsanje-inkluzije-osoba-s-invaliditetom\/#primaryimage","url":"https:\/\/act-grupa.hr\/web\/wp-content\/uploads\/2023\/11\/Logo_innoclusion.webp","contentUrl":"https:\/\/act-grupa.hr\/web\/wp-content\/uploads\/2023\/11\/Logo_innoclusion.webp"},{"@type":"BreadcrumbList","@id":"https:\/\/act-grupa.hr\/projekti\/innoclusion-podrska-drustvenim-inovacijama-za-poboljsanje-inkluzije-osoba-s-invaliditetom\/#breadcrumb","itemListElement":[{"@type":"ListItem","position":1,"name":"Home","item":"https:\/\/act-grupa.hr\/"},{"@type":"ListItem","position":2,"name":"Projekti","item":"https:\/\/act-grupa.hr\/en\/projekti\/"},{"@type":"ListItem","position":3,"name":"INnoClusion"}]},{"@type":"WebSite","@id":"https:\/\/act-grupa.hr\/#website","url":"https:\/\/act-grupa.hr\/","name":"ACT Grupa","description":"Dobri za posao. Dobri za dru\u0161tvo.","publisher":{"@id":"https:\/\/act-grupa.hr\/#organization"},"potentialAction":[{"@type":"SearchAction","target":{"@type":"EntryPoint","urlTemplate":"https:\/\/act-grupa.hr\/?s={search_term_string}"},"query-input":{"@type":"PropertyValueSpecification","valueRequired":true,"valueName":"search_term_string"}}],"inLanguage":"en-GB"},{"@type":"Organization","@id":"https:\/\/act-grupa.hr\/#organization","name":"ACT Grupa","url":"https:\/\/act-grupa.hr\/","logo":{"@type":"ImageObject","inLanguage":"en-GB","@id":"https:\/\/act-grupa.hr\/#\/schema\/logo\/image\/","url":"https:\/\/act-grupa.hr\/web\/wp-content\/uploads\/2026\/01\/AG_logo_transparent-scaled.png","contentUrl":"https:\/\/act-grupa.hr\/web\/wp-content\/uploads\/2026\/01\/AG_logo_transparent-scaled.png","width":2560,"height":834,"caption":"ACT Grupa"},"image":{"@id":"https:\/\/act-grupa.hr\/#\/schema\/logo\/image\/"},"sameAs":["https:\/\/www.facebook.com\/ACTGrupa","https:\/\/www.instagram.com\/actgrupa\/","https:\/\/www.youtube.com\/@actgrupa","https:\/\/www.linkedin.com\/company\/act-grupa"]}]}},"_links":{"self":[{"href":"https:\/\/act-grupa.hr\/en\/wp-json\/wp\/v2\/pages\/3182","targetHints":{"allow":["GET"]}}],"collection":[{"href":"https:\/\/act-grupa.hr\/en\/wp-json\/wp\/v2\/pages"}],"about":[{"href":"https:\/\/act-grupa.hr\/en\/wp-json\/wp\/v2\/types\/page"}],"author":[{"embeddable":true,"href":"https:\/\/act-grupa.hr\/en\/wp-json\/wp\/v2\/users\/1"}],"replies":[{"embeddable":true,"href":"https:\/\/act-grupa.hr\/en\/wp-json\/wp\/v2\/comments?post=3182"}],"version-history":[{"count":29,"href":"https:\/\/act-grupa.hr\/en\/wp-json\/wp\/v2\/pages\/3182\/revisions"}],"predecessor-version":[{"id":3258,"href":"https:\/\/act-grupa.hr\/en\/wp-json\/wp\/v2\/pages\/3182\/revisions\/3258"}],"up":[{"embeddable":true,"href":"https:\/\/act-grupa.hr\/en\/wp-json\/wp\/v2\/pages\/157"}],"wp:attachment":[{"href":"https:\/\/act-grupa.hr\/en\/wp-json\/wp\/v2\/media?parent=3182"}],"curies":[{"name":"wp","href":"https:\/\/api.w.org\/{rel}","templated":true}]}}