{"id":3748,"date":"2025-01-09T13:25:17","date_gmt":"2025-01-09T13:25:17","guid":{"rendered":"https:\/\/act-grupa.hr\/?page_id=3748"},"modified":"2025-06-12T11:40:23","modified_gmt":"2025-06-12T11:40:23","slug":"scaling-catalyst-projekt","status":"publish","type":"page","link":"https:\/\/act-grupa.hr\/en\/projekti\/scaling-catalyst-projekt\/","title":{"rendered":"Scaling Catalyst projekt"},"content":{"rendered":"<div data-elementor-type=\"wp-page\" data-elementor-id=\"3748\" class=\"elementor elementor-3748\" data-elementor-post-type=\"page\">\n\t\t\t\t\t\t<section class=\"elementor-section elementor-top-section elementor-element elementor-element-51c69af4 elementor-section-boxed elementor-section-height-default elementor-section-height-default\" data-id=\"51c69af4\" data-element_type=\"section\" data-e-type=\"section\">\n\t\t\t\t\t\t<div class=\"elementor-container elementor-column-gap-default\">\n\t\t\t\t\t<div class=\"elementor-column elementor-col-100 elementor-top-column elementor-element elementor-element-69726db2\" data-id=\"69726db2\" data-element_type=\"column\" data-e-type=\"column\">\n\t\t\t<div class=\"elementor-widget-wrap\">\n\t\t\t\t\t\t\t<\/div>\n\t\t<\/div>\n\t\t\t\t\t<\/div>\n\t\t<\/section>\n\t\t\t\t<section class=\"elementor-section elementor-top-section elementor-element elementor-element-359fa891 elementor-reverse-mobile elementor-section-boxed elementor-section-height-default elementor-section-height-default\" data-id=\"359fa891\" data-element_type=\"section\" data-e-type=\"section\" data-settings=\"{&quot;background_background&quot;:&quot;classic&quot;}\">\n\t\t\t\t\t\t\t<div class=\"elementor-background-overlay\"><\/div>\n\t\t\t\t\t\t\t<div class=\"elementor-container elementor-column-gap-default\">\n\t\t\t\t\t<div class=\"elementor-column elementor-col-50 elementor-top-column elementor-element elementor-element-7a70efe0\" data-id=\"7a70efe0\" data-element_type=\"column\" data-e-type=\"column\" data-settings=\"{&quot;background_background&quot;:&quot;classic&quot;}\">\n\t\t\t<div class=\"elementor-widget-wrap elementor-element-populated\">\n\t\t\t\t\t\t<div class=\"elementor-element elementor-element-429b19e7 elementor-widget elementor-widget-spacer\" data-id=\"429b19e7\" data-element_type=\"widget\" data-e-type=\"widget\" data-widget_type=\"spacer.default\">\n\t\t\t\t<div class=\"elementor-widget-container\">\n\t\t\t\t\t\t\t<div class=\"elementor-spacer\">\n\t\t\t<div class=\"elementor-spacer-inner\"><\/div>\n\t\t<\/div>\n\t\t\t\t\t\t<\/div>\n\t\t\t\t<\/div>\n\t\t\t\t<div class=\"elementor-element elementor-element-78fac389 elementor-widget elementor-widget-image\" data-id=\"78fac389\" data-element_type=\"widget\" data-e-type=\"widget\" data-widget_type=\"image.default\">\n\t\t\t\t<div class=\"elementor-widget-container\">\n\t\t\t\t\t\t\t\t\t\t\t\t\t\t\t<img fetchpriority=\"high\" decoding=\"async\" width=\"500\" height=\"133\" src=\"https:\/\/act-grupa.hr\/web\/wp-content\/uploads\/2025\/01\/Scaling-Catalyst-e1749727656921.png\" class=\"attachment-full size-full wp-image-3749\" alt=\"\" srcset=\"https:\/\/act-grupa.hr\/web\/wp-content\/uploads\/2025\/01\/Scaling-Catalyst-e1749727656921.png 500w, https:\/\/act-grupa.hr\/web\/wp-content\/uploads\/2025\/01\/Scaling-Catalyst-e1749727656921-300x80.png 300w, https:\/\/act-grupa.hr\/web\/wp-content\/uploads\/2025\/01\/Scaling-Catalyst-e1749727656921-18x5.png 18w\" sizes=\"(max-width: 500px) 100vw, 500px\" \/>\t\t\t\t\t\t\t\t\t\t\t\t\t\t\t<\/div>\n\t\t\t\t<\/div>\n\t\t\t\t<div class=\"elementor-element elementor-element-2a88e8d elementor-widget elementor-widget-image\" data-id=\"2a88e8d\" data-element_type=\"widget\" data-e-type=\"widget\" data-widget_type=\"image.default\">\n\t\t\t\t<div class=\"elementor-widget-container\">\n\t\t\t\t\t\t\t\t\t\t\t\t\t\t\t<img decoding=\"async\" width=\"258\" height=\"74\" src=\"https:\/\/act-grupa.hr\/web\/wp-content\/uploads\/2021\/04\/Erasmus.jpg\" class=\"attachment-full size-full wp-image-266\" alt=\"\" \/>\t\t\t\t\t\t\t\t\t\t\t\t\t\t\t<\/div>\n\t\t\t\t<\/div>\n\t\t\t\t\t<\/div>\n\t\t<\/div>\n\t\t\t\t<div class=\"elementor-column elementor-col-50 elementor-top-column elementor-element elementor-element-26e45bb7\" data-id=\"26e45bb7\" data-element_type=\"column\" data-e-type=\"column\" data-settings=\"{&quot;background_background&quot;:&quot;classic&quot;}\">\n\t\t\t<div class=\"elementor-widget-wrap elementor-element-populated\">\n\t\t\t\t\t\t<div class=\"elementor-element elementor-element-46a62b20 elementor-widget elementor-widget-heading\" data-id=\"46a62b20\" data-element_type=\"widget\" data-e-type=\"widget\" data-widget_type=\"heading.default\">\n\t\t\t\t<div class=\"elementor-widget-container\">\n\t\t\t\t\t<h2 class=\"elementor-heading-title elementor-size-default\">Scaling Catalyst<\/h2>\t\t\t\t<\/div>\n\t\t\t\t<\/div>\n\t\t\t\t<div class=\"elementor-element elementor-element-4dac47e9 elementor-widget elementor-widget-heading\" data-id=\"4dac47e9\" data-element_type=\"widget\" data-e-type=\"widget\" data-widget_type=\"heading.default\">\n\t\t\t\t<div class=\"elementor-widget-container\">\n\t\t\t\t\t<h5 class=\"elementor-heading-title elementor-size-default\">Cilj projekta je  izgraditi kapacitete organizacija za podr\u0161ku i njihovu sposobnost da podr\u017ee dru\u0161tvene poduzetnike prema u\u010dinku skaliranja. <\/h5>\t\t\t\t<\/div>\n\t\t\t\t<\/div>\n\t\t\t\t<div class=\"elementor-element elementor-element-1bb8b09 elementor-widget-divider--separator-type-pattern elementor-widget-divider--no-spacing elementor-widget-divider--view-line elementor-widget elementor-widget-divider\" data-id=\"1bb8b09\" data-element_type=\"widget\" data-e-type=\"widget\" data-widget_type=\"divider.default\">\n\t\t\t\t<div class=\"elementor-widget-container\">\n\t\t\t\t\t\t\t<div class=\"elementor-divider\" style=\"--divider-pattern-url: url(&quot;data:image\/svg+xml,%3Csvg xmlns=&#039;http:\/\/www.w3.org\/2000\/svg&#039; preserveAspectRatio=&#039;xMidYMid meet&#039; overflow=&#039;visible&#039; height=&#039;100%&#039; viewBox=&#039;0 0 126 26&#039; fill=&#039;black&#039; stroke=&#039;none&#039;%3E%3Cpath d=&#039;M46.8,7.8v11.5L36,18.6V7.8H46.8z M82.4,7.8L84,18.6l-12,0.7L70.4,7.8H82.4z M0,7.8l12,0.9v9.9H1.3L0,7.8z M30,7.8v10.8H19L18,7.8H30z M63.7,7.8L66,18.6H54V9.5L63.7,7.8z M89.8,7L102,7.8v10.8H91.2L89.8,7zM108,7.8l12,0.9v8.9l-12,1V7.8z&#039;\/%3E%3C\/svg%3E&quot;);\">\n\t\t\t<span class=\"elementor-divider-separator\">\n\t\t\t\t\t\t<\/span>\n\t\t<\/div>\n\t\t\t\t\t\t<\/div>\n\t\t\t\t<\/div>\n\t\t\t\t<div class=\"elementor-element elementor-element-180ded5 elementor-widget elementor-widget-text-editor\" data-id=\"180ded5\" data-element_type=\"widget\" data-e-type=\"widget\" data-widget_type=\"text-editor.default\">\n\t\t\t\t<div class=\"elementor-widget-container\">\n\t\t\t\t\t\t\t\t\t<p><strong>Programme:<br \/><\/strong>KA220-VET &#8211; Cooperation partnerships in vocational education and training<\/p>\n<p><strong>Financed by:<\/strong> <br \/>European Union through Program Erasmus+<\/p>\n<p><strong>Lead Partner: <\/strong><a href=\"https:\/\/reachforchange.org\/\">Reach for Change<\/a><\/p>\n<p><!-- \/wp:paragraph --><!-- wp:paragraph --><\/p>\n<p><strong>Partners: <\/strong>\u00a0<a href=\"https:\/\/act-grupa.hr\/en\/\">ACT Grupa<\/a>, <a href=\"https:\/\/www.pulse-group.org\/\">GROUPE SOS Pulse<\/a>, <a href=\"https:\/\/sua.lv\/\">Latvijas Socialas uznemejdarbibas asociacija (SEAL)<\/a>, <a href=\"http:\/\/www.scalechanger.org\">ScaleChanger<\/a>.\u00a0<a href=\"https:\/\/www.google.com\/aclk?sa=l&amp;ai=DChcSEwjGm_np85KJAxU0MgYAHcS9O0wYABAAGgJ3cw&amp;co=1&amp;ase=2&amp;gclid=Cj0KCQjwyL24BhCtARIsALo0fSB2KaGmJT8cTZx-k9vcc6IMq9xFomKcVM74_X5WQJ0bMTWrhdYDxtQaAhLMEALw_wcB&amp;sig=AOD64_382uf_h2Tqj_Sl41uSBttJTQy7gw&amp;q&amp;nis=4&amp;adurl&amp;ved=2ahUKEwip7_Lp85KJAxXUQ_EDHUmfBswQ0Qx6BAgSEAE\">Euclid Network<\/a> is an associated partner.<\/p>\n<p><strong style=\"font-style: inherit;\">Total support from Erasmus+: <\/strong>250.000 \u20ac<\/p>\n<p><strong>Duration:<\/strong> 1. 9. 2024. \u2013 31. 8. 2026.<\/p>\n<p><b>Why<br \/><\/b>Svaki dan milijuni pojedinaca diljem svijeta inoviraju i pronalaze rje\u0161enja za hitna dru\u0161tvena pitanja. Iako svaki sektor ima svoju ulogu, vjerujemo da su dru\u0161tveni poduzetnici u jedinstvenoj poziciji za razvoj novih, u\u010dinkovitijih i tro\u0161kovno u\u010dinkovitijih rje\u0161enja za dru\u0161tvene izazove. U\u010dinkovite inicijative koje vode pametni, lokalni dru\u0161tveni poduzetnici imaju potencijal proizvesti rje\u0161enja koja mijenjaju sustav prema ciljevima odr\u017eivog razvoja 2030.<\/p>\n<p><!-- \/wp:heading --><!-- wp:paragraph --><\/p>\n<p><!-- \/wp:paragraph --><!-- wp:heading --><\/p>\n<p><b>What<br \/><\/b>91% dru\u0161tvenih poduzetnika u Europi \u017eeli pro\u0161iriti svoje poslovanje. Iako se pru\u017eanje strukovnog obrazovanja i osposobljavanja (VET) za ovu ciljanu skupinu pove\u0107alo posljednjih godina, vrlo malo organizacija za podr\u0161ku socijalnoj ekonomiji (SESO) &#8211; npr. inkubatori\/akceleratori\/mre\u017ee &#8211; trenutno pru\u017eaju programe obuke povezane sa skaliranjem. Poma\u017eu\u0107i organizacijama za podr\u0161ku da pove\u0107aju svoje znanje o tome kako uspostaviti program podr\u0161ke za pove\u0107anje, u kona\u010dnici \u0107emo podr\u017eati dru\u0161tvene poduzetnike (SE) na europskom tr\u017ei\u0161tu da pove\u0107aju svoja poduze\u0107a.<\/p>\n<p><!-- \/wp:heading --><!-- wp:paragraph --><\/p>\n<p><!-- \/wp:paragraph --><!-- wp:heading --><\/p>\n<p><b>How<br \/><\/b>Na temelju prikupljanja podataka i potvr\u0111ivanja potreba, partneri \u0107e proizvesti i korisni\u010dki testirati novi alat za samoprocjenu i Vodi\u010d za skaliranje za organizacije za podr\u0161ku socijalnoj ekonomiji (SESO). Oni \u0107e biti proslije\u0111eni \u0161irem sektoru putem niza webinara, slu\u017ebe za pomo\u0107 i online kampanje. Partneri \u0107e tako\u0111er pojedina\u010dno razviti nove interne alate za obuku povezane s temom skaliranja, potpomognute procesom me\u0111usobnog u\u010denja i testiranja korisnika, koji \u0107e omogu\u0107iti \u0161ire usvajanje programa skaliranja za SE. Ovi alati i materijali za obuku koristit \u0107e SE-ovima diljem Europe, \u0161to \u0107e dovesti do \u017eivahnijeg i funkcionalnijeg dru\u0161tvenog gospodarstva.<\/p>\n<p><!-- \/wp:heading --><!-- wp:paragraph --><\/p>\t\t\t\t\t\t\t\t<\/div>\n\t\t\t\t<\/div>\n\t\t\t\t<div class=\"elementor-element elementor-element-528b3e elementor-widget-divider--separator-type-pattern elementor-widget-divider--no-spacing elementor-widget-divider--view-line elementor-widget elementor-widget-divider\" data-id=\"528b3e\" data-element_type=\"widget\" data-e-type=\"widget\" data-widget_type=\"divider.default\">\n\t\t\t\t<div class=\"elementor-widget-container\">\n\t\t\t\t\t\t\t<div class=\"elementor-divider\" style=\"--divider-pattern-url: url(&quot;data:image\/svg+xml,%3Csvg xmlns=&#039;http:\/\/www.w3.org\/2000\/svg&#039; preserveAspectRatio=&#039;xMidYMid meet&#039; overflow=&#039;visible&#039; height=&#039;100%&#039; viewBox=&#039;0 0 126 26&#039; fill=&#039;black&#039; stroke=&#039;none&#039;%3E%3Cpath d=&#039;M46.8,7.8v11.5L36,18.6V7.8H46.8z M82.4,7.8L84,18.6l-12,0.7L70.4,7.8H82.4z M0,7.8l12,0.9v9.9H1.3L0,7.8z M30,7.8v10.8H19L18,7.8H30z M63.7,7.8L66,18.6H54V9.5L63.7,7.8z M89.8,7L102,7.8v10.8H91.2L89.8,7zM108,7.8l12,0.9v8.9l-12,1V7.8z&#039;\/%3E%3C\/svg%3E&quot;);\">\n\t\t\t<span class=\"elementor-divider-separator\">\n\t\t\t\t\t\t<\/span>\n\t\t<\/div>\n\t\t\t\t\t\t<\/div>\n\t\t\t\t<\/div>\n\t\t\t\t\t<\/div>\n\t\t<\/div>\n\t\t\t\t\t<\/div>\n\t\t<\/section>\n\t\t\t\t<\/div>","protected":false},"excerpt":{"rendered":"<p>Scaling Catalyst Cilj projekta je izgraditi kapacitete organizacija za podr\u0161ku i njihovu sposobnost da podr\u017ee dru\u0161tvene poduzetnike prema u\u010dinku skaliranja. Programme:KA220-VET &#8211; Cooperation partnerships in vocational education and training Financed by: European Union through Program Erasmus+ Lead Partner: Reach for Change Partners: \u00a0ACT Grupa, GROUPE SOS Pulse, Latvijas Socialas uznemejdarbibas asociacija (SEAL), ScaleChanger.\u00a0Euclid Network is [&hellip;]<\/p>\n","protected":false},"author":4,"featured_media":0,"parent":157,"menu_order":0,"comment_status":"closed","ping_status":"closed","template":"","meta":{"site-sidebar-layout":"default","site-content-layout":"","ast-site-content-layout":"default","site-content-style":"default","site-sidebar-style":"default","ast-global-header-display":"","ast-banner-title-visibility":"","ast-main-header-display":"","ast-hfb-above-header-display":"","ast-hfb-below-header-display":"","ast-hfb-mobile-header-display":"","site-post-title":"disabled","ast-breadcrumbs-content":"","ast-featured-img":"","footer-sml-layout":"","ast-disable-related-posts":"","theme-transparent-header-meta":"","adv-header-id-meta":"","stick-header-meta":"","header-above-stick-meta":"","header-main-stick-meta":"","header-below-stick-meta":"","astra-migrate-meta-layouts":"set","ast-page-background-enabled":"default","ast-page-background-meta":{"desktop":{"background-color":"","background-image":"","background-repeat":"repeat","background-position":"center center","background-size":"auto","background-attachment":"scroll","background-type":"","background-media":"","overlay-type":"","overlay-color":"","overlay-opacity":"","overlay-gradient":""},"tablet":{"background-color":"","background-image":"","background-repeat":"repeat","background-position":"center center","background-size":"auto","background-attachment":"scroll","background-type":"","background-media":"","overlay-type":"","overlay-color":"","overlay-opacity":"","overlay-gradient":""},"mobile":{"background-color":"","background-image":"","background-repeat":"repeat","background-position":"center center","background-size":"auto","background-attachment":"scroll","background-type":"","background-media":"","overlay-type":"","overlay-color":"","overlay-opacity":"","overlay-gradient":""}},"ast-content-background-meta":{"desktop":{"background-color":"var(--ast-global-color-5)","background-image":"","background-repeat":"repeat","background-position":"center center","background-size":"auto","background-attachment":"scroll","background-type":"","background-media":"","overlay-type":"","overlay-color":"","overlay-opacity":"","overlay-gradient":""},"tablet":{"background-color":"var(--ast-global-color-5)","background-image":"","background-repeat":"repeat","background-position":"center center","background-size":"auto","background-attachment":"scroll","background-type":"","background-media":"","overlay-type":"","overlay-color":"","overlay-opacity":"","overlay-gradient":""},"mobile":{"background-color":"var(--ast-global-color-5)","background-image":"","background-repeat":"repeat","background-position":"center center","background-size":"auto","background-attachment":"scroll","background-type":"","background-media":"","overlay-type":"","overlay-color":"","overlay-opacity":"","overlay-gradient":""}},"footnotes":""},"class_list":["post-3748","page","type-page","status-publish","hentry"],"yoast_head":"<!-- This site is optimized with the Yoast SEO plugin v27.4 - https:\/\/yoast.com\/product\/yoast-seo-wordpress\/ -->\n<title>Scaling Catalyst projekt - ACT Grupa<\/title>\n<meta name=\"robots\" content=\"index, follow, max-snippet:-1, max-image-preview:large, max-video-preview:-1\" \/>\n<link rel=\"canonical\" href=\"https:\/\/act-grupa.hr\/en\/projekti\/scaling-catalyst-projekt\/\" \/>\n<meta property=\"og:locale\" content=\"en_GB\" \/>\n<meta property=\"og:type\" content=\"article\" \/>\n<meta property=\"og:title\" content=\"Scaling Catalyst projekt - ACT Grupa\" \/>\n<meta property=\"og:description\" content=\"Scaling Catalyst Cilj projekta je izgraditi kapacitete organizacija za podr\u0161ku i njihovu sposobnost da podr\u017ee dru\u0161tvene poduzetnike prema u\u010dinku skaliranja. Programme:KA220-VET &#8211; Cooperation partnerships in vocational education and training Financed by: European Union through Program Erasmus+ Lead Partner: Reach for Change Partners: \u00a0ACT Grupa, GROUPE SOS Pulse, Latvijas Socialas uznemejdarbibas asociacija (SEAL), ScaleChanger.\u00a0Euclid Network is [&hellip;]\" \/>\n<meta property=\"og:url\" content=\"https:\/\/act-grupa.hr\/en\/projekti\/scaling-catalyst-projekt\/\" \/>\n<meta property=\"og:site_name\" content=\"ACT Grupa\" \/>\n<meta property=\"article:publisher\" content=\"https:\/\/www.facebook.com\/ACTGrupa\" \/>\n<meta property=\"article:modified_time\" content=\"2025-06-12T11:40:23+00:00\" \/>\n<meta property=\"og:image\" content=\"https:\/\/act-grupa.hr\/web\/wp-content\/uploads\/2025\/01\/Scaling-Catalyst-e1749727656921.png\" \/>\n\t<meta property=\"og:image:width\" content=\"500\" \/>\n\t<meta property=\"og:image:height\" content=\"133\" \/>\n\t<meta property=\"og:image:type\" content=\"image\/png\" \/>\n<meta name=\"twitter:card\" content=\"summary_large_image\" \/>\n<meta name=\"twitter:label1\" content=\"Estimated reading time\" \/>\n\t<meta name=\"twitter:data1\" content=\"2 minutes\" \/>\n<script type=\"application\/ld+json\" class=\"yoast-schema-graph\">{\"@context\":\"https:\\\/\\\/schema.org\",\"@graph\":[{\"@type\":\"WebPage\",\"@id\":\"https:\\\/\\\/act-grupa.hr\\\/projekti\\\/scaling-catalyst-projekt\\\/\",\"url\":\"https:\\\/\\\/act-grupa.hr\\\/projekti\\\/scaling-catalyst-projekt\\\/\",\"name\":\"Scaling Catalyst projekt - ACT Grupa\",\"isPartOf\":{\"@id\":\"https:\\\/\\\/act-grupa.hr\\\/#website\"},\"primaryImageOfPage\":{\"@id\":\"https:\\\/\\\/act-grupa.hr\\\/projekti\\\/scaling-catalyst-projekt\\\/#primaryimage\"},\"image\":{\"@id\":\"https:\\\/\\\/act-grupa.hr\\\/projekti\\\/scaling-catalyst-projekt\\\/#primaryimage\"},\"thumbnailUrl\":\"https:\\\/\\\/act-grupa.hr\\\/web\\\/wp-content\\\/uploads\\\/2025\\\/01\\\/Scaling-Catalyst-e1749727656921.png\",\"datePublished\":\"2025-01-09T13:25:17+00:00\",\"dateModified\":\"2025-06-12T11:40:23+00:00\",\"breadcrumb\":{\"@id\":\"https:\\\/\\\/act-grupa.hr\\\/projekti\\\/scaling-catalyst-projekt\\\/#breadcrumb\"},\"inLanguage\":\"en-GB\",\"potentialAction\":[{\"@type\":\"ReadAction\",\"target\":[\"https:\\\/\\\/act-grupa.hr\\\/projekti\\\/scaling-catalyst-projekt\\\/\"]}]},{\"@type\":\"ImageObject\",\"inLanguage\":\"en-GB\",\"@id\":\"https:\\\/\\\/act-grupa.hr\\\/projekti\\\/scaling-catalyst-projekt\\\/#primaryimage\",\"url\":\"https:\\\/\\\/act-grupa.hr\\\/web\\\/wp-content\\\/uploads\\\/2025\\\/01\\\/Scaling-Catalyst-e1749727656921.png\",\"contentUrl\":\"https:\\\/\\\/act-grupa.hr\\\/web\\\/wp-content\\\/uploads\\\/2025\\\/01\\\/Scaling-Catalyst-e1749727656921.png\"},{\"@type\":\"BreadcrumbList\",\"@id\":\"https:\\\/\\\/act-grupa.hr\\\/projekti\\\/scaling-catalyst-projekt\\\/#breadcrumb\",\"itemListElement\":[{\"@type\":\"ListItem\",\"position\":1,\"name\":\"Home\",\"item\":\"https:\\\/\\\/act-grupa.hr\\\/\"},{\"@type\":\"ListItem\",\"position\":2,\"name\":\"Projekti\",\"item\":\"https:\\\/\\\/act-grupa.hr\\\/en\\\/projekti\\\/\"},{\"@type\":\"ListItem\",\"position\":3,\"name\":\"Scaling Catalyst projekt\"}]},{\"@type\":\"WebSite\",\"@id\":\"https:\\\/\\\/act-grupa.hr\\\/#website\",\"url\":\"https:\\\/\\\/act-grupa.hr\\\/\",\"name\":\"ACT Grupa\",\"description\":\"Dobri za posao. Dobri za dru\u0161tvo.\",\"publisher\":{\"@id\":\"https:\\\/\\\/act-grupa.hr\\\/#organization\"},\"potentialAction\":[{\"@type\":\"SearchAction\",\"target\":{\"@type\":\"EntryPoint\",\"urlTemplate\":\"https:\\\/\\\/act-grupa.hr\\\/?s={search_term_string}\"},\"query-input\":{\"@type\":\"PropertyValueSpecification\",\"valueRequired\":true,\"valueName\":\"search_term_string\"}}],\"inLanguage\":\"en-GB\"},{\"@type\":\"Organization\",\"@id\":\"https:\\\/\\\/act-grupa.hr\\\/#organization\",\"name\":\"ACT Grupa\",\"url\":\"https:\\\/\\\/act-grupa.hr\\\/\",\"logo\":{\"@type\":\"ImageObject\",\"inLanguage\":\"en-GB\",\"@id\":\"https:\\\/\\\/act-grupa.hr\\\/#\\\/schema\\\/logo\\\/image\\\/\",\"url\":\"https:\\\/\\\/act-grupa.hr\\\/web\\\/wp-content\\\/uploads\\\/2026\\\/01\\\/AG_logo_transparent-scaled.png\",\"contentUrl\":\"https:\\\/\\\/act-grupa.hr\\\/web\\\/wp-content\\\/uploads\\\/2026\\\/01\\\/AG_logo_transparent-scaled.png\",\"width\":2560,\"height\":834,\"caption\":\"ACT Grupa\"},\"image\":{\"@id\":\"https:\\\/\\\/act-grupa.hr\\\/#\\\/schema\\\/logo\\\/image\\\/\"},\"sameAs\":[\"https:\\\/\\\/www.facebook.com\\\/ACTGrupa\",\"https:\\\/\\\/www.instagram.com\\\/actgrupa\\\/\",\"https:\\\/\\\/www.youtube.com\\\/@actgrupa\",\"https:\\\/\\\/www.linkedin.com\\\/company\\\/act-grupa\"]}]}<\/script>\n<!-- \/ Yoast SEO plugin. -->","yoast_head_json":{"title":"Scaling Catalyst projekt - ACT Grupa","robots":{"index":"index","follow":"follow","max-snippet":"max-snippet:-1","max-image-preview":"max-image-preview:large","max-video-preview":"max-video-preview:-1"},"canonical":"https:\/\/act-grupa.hr\/en\/projekti\/scaling-catalyst-projekt\/","og_locale":"en_GB","og_type":"article","og_title":"Scaling Catalyst projekt - ACT Grupa","og_description":"Scaling Catalyst Cilj projekta je izgraditi kapacitete organizacija za podr\u0161ku i njihovu sposobnost da podr\u017ee dru\u0161tvene poduzetnike prema u\u010dinku skaliranja. Programme:KA220-VET &#8211; Cooperation partnerships in vocational education and training Financed by: European Union through Program Erasmus+ Lead Partner: Reach for Change Partners: \u00a0ACT Grupa, GROUPE SOS Pulse, Latvijas Socialas uznemejdarbibas asociacija (SEAL), ScaleChanger.\u00a0Euclid Network is [&hellip;]","og_url":"https:\/\/act-grupa.hr\/en\/projekti\/scaling-catalyst-projekt\/","og_site_name":"ACT Grupa","article_publisher":"https:\/\/www.facebook.com\/ACTGrupa","article_modified_time":"2025-06-12T11:40:23+00:00","og_image":[{"width":500,"height":133,"url":"https:\/\/act-grupa.hr\/web\/wp-content\/uploads\/2025\/01\/Scaling-Catalyst-e1749727656921.png","type":"image\/png"}],"twitter_card":"summary_large_image","twitter_misc":{"Estimated reading time":"2 minutes"},"schema":{"@context":"https:\/\/schema.org","@graph":[{"@type":"WebPage","@id":"https:\/\/act-grupa.hr\/projekti\/scaling-catalyst-projekt\/","url":"https:\/\/act-grupa.hr\/projekti\/scaling-catalyst-projekt\/","name":"Scaling Catalyst projekt - ACT Grupa","isPartOf":{"@id":"https:\/\/act-grupa.hr\/#website"},"primaryImageOfPage":{"@id":"https:\/\/act-grupa.hr\/projekti\/scaling-catalyst-projekt\/#primaryimage"},"image":{"@id":"https:\/\/act-grupa.hr\/projekti\/scaling-catalyst-projekt\/#primaryimage"},"thumbnailUrl":"https:\/\/act-grupa.hr\/web\/wp-content\/uploads\/2025\/01\/Scaling-Catalyst-e1749727656921.png","datePublished":"2025-01-09T13:25:17+00:00","dateModified":"2025-06-12T11:40:23+00:00","breadcrumb":{"@id":"https:\/\/act-grupa.hr\/projekti\/scaling-catalyst-projekt\/#breadcrumb"},"inLanguage":"en-GB","potentialAction":[{"@type":"ReadAction","target":["https:\/\/act-grupa.hr\/projekti\/scaling-catalyst-projekt\/"]}]},{"@type":"ImageObject","inLanguage":"en-GB","@id":"https:\/\/act-grupa.hr\/projekti\/scaling-catalyst-projekt\/#primaryimage","url":"https:\/\/act-grupa.hr\/web\/wp-content\/uploads\/2025\/01\/Scaling-Catalyst-e1749727656921.png","contentUrl":"https:\/\/act-grupa.hr\/web\/wp-content\/uploads\/2025\/01\/Scaling-Catalyst-e1749727656921.png"},{"@type":"BreadcrumbList","@id":"https:\/\/act-grupa.hr\/projekti\/scaling-catalyst-projekt\/#breadcrumb","itemListElement":[{"@type":"ListItem","position":1,"name":"Home","item":"https:\/\/act-grupa.hr\/"},{"@type":"ListItem","position":2,"name":"Projekti","item":"https:\/\/act-grupa.hr\/en\/projekti\/"},{"@type":"ListItem","position":3,"name":"Scaling Catalyst projekt"}]},{"@type":"WebSite","@id":"https:\/\/act-grupa.hr\/#website","url":"https:\/\/act-grupa.hr\/","name":"ACT Grupa","description":"Dobri za posao. Dobri za dru\u0161tvo.","publisher":{"@id":"https:\/\/act-grupa.hr\/#organization"},"potentialAction":[{"@type":"SearchAction","target":{"@type":"EntryPoint","urlTemplate":"https:\/\/act-grupa.hr\/?s={search_term_string}"},"query-input":{"@type":"PropertyValueSpecification","valueRequired":true,"valueName":"search_term_string"}}],"inLanguage":"en-GB"},{"@type":"Organization","@id":"https:\/\/act-grupa.hr\/#organization","name":"ACT Grupa","url":"https:\/\/act-grupa.hr\/","logo":{"@type":"ImageObject","inLanguage":"en-GB","@id":"https:\/\/act-grupa.hr\/#\/schema\/logo\/image\/","url":"https:\/\/act-grupa.hr\/web\/wp-content\/uploads\/2026\/01\/AG_logo_transparent-scaled.png","contentUrl":"https:\/\/act-grupa.hr\/web\/wp-content\/uploads\/2026\/01\/AG_logo_transparent-scaled.png","width":2560,"height":834,"caption":"ACT Grupa"},"image":{"@id":"https:\/\/act-grupa.hr\/#\/schema\/logo\/image\/"},"sameAs":["https:\/\/www.facebook.com\/ACTGrupa","https:\/\/www.instagram.com\/actgrupa\/","https:\/\/www.youtube.com\/@actgrupa","https:\/\/www.linkedin.com\/company\/act-grupa"]}]}},"_links":{"self":[{"href":"https:\/\/act-grupa.hr\/en\/wp-json\/wp\/v2\/pages\/3748","targetHints":{"allow":["GET"]}}],"collection":[{"href":"https:\/\/act-grupa.hr\/en\/wp-json\/wp\/v2\/pages"}],"about":[{"href":"https:\/\/act-grupa.hr\/en\/wp-json\/wp\/v2\/types\/page"}],"author":[{"embeddable":true,"href":"https:\/\/act-grupa.hr\/en\/wp-json\/wp\/v2\/users\/4"}],"replies":[{"embeddable":true,"href":"https:\/\/act-grupa.hr\/en\/wp-json\/wp\/v2\/comments?post=3748"}],"version-history":[{"count":16,"href":"https:\/\/act-grupa.hr\/en\/wp-json\/wp\/v2\/pages\/3748\/revisions"}],"predecessor-version":[{"id":3860,"href":"https:\/\/act-grupa.hr\/en\/wp-json\/wp\/v2\/pages\/3748\/revisions\/3860"}],"up":[{"embeddable":true,"href":"https:\/\/act-grupa.hr\/en\/wp-json\/wp\/v2\/pages\/157"}],"wp:attachment":[{"href":"https:\/\/act-grupa.hr\/en\/wp-json\/wp\/v2\/media?parent=3748"}],"curies":[{"name":"wp","href":"https:\/\/api.w.org\/{rel}","templated":true}]}}