{"id":3778,"date":"2025-02-04T12:08:12","date_gmt":"2025-02-04T12:08:12","guid":{"rendered":"https:\/\/act-grupa.hr\/?page_id=3778"},"modified":"2025-09-09T13:20:30","modified_gmt":"2025-09-09T13:20:30","slug":"seed2scale-seeding-competences-to-scale-up-social-innovation-ecosystems","status":"publish","type":"page","link":"https:\/\/act-grupa.hr\/en\/projekti\/seed2scale-seeding-competences-to-scale-up-social-innovation-ecosystems\/","title":{"rendered":"SEED2Scale"},"content":{"rendered":"<div data-elementor-type=\"wp-page\" data-elementor-id=\"3778\" class=\"elementor elementor-3778\" data-elementor-post-type=\"page\">\n\t\t\t\t\t\t<section class=\"elementor-section elementor-top-section elementor-element elementor-element-678d731d elementor-section-boxed elementor-section-height-default elementor-section-height-default\" data-id=\"678d731d\" data-element_type=\"section\" data-e-type=\"section\">\n\t\t\t\t\t\t<div class=\"elementor-container elementor-column-gap-default\">\n\t\t\t\t\t<div class=\"elementor-column elementor-col-100 elementor-top-column elementor-element elementor-element-56ca77fb\" data-id=\"56ca77fb\" data-element_type=\"column\" data-e-type=\"column\">\n\t\t\t<div class=\"elementor-widget-wrap\">\n\t\t\t\t\t\t\t<\/div>\n\t\t<\/div>\n\t\t\t\t\t<\/div>\n\t\t<\/section>\n\t\t\t\t<section class=\"elementor-section elementor-top-section elementor-element elementor-element-43d372eb elementor-reverse-mobile elementor-section-boxed elementor-section-height-default elementor-section-height-default\" data-id=\"43d372eb\" data-element_type=\"section\" data-e-type=\"section\" data-settings=\"{&quot;background_background&quot;:&quot;classic&quot;}\">\n\t\t\t\t\t\t\t<div class=\"elementor-background-overlay\"><\/div>\n\t\t\t\t\t\t\t<div class=\"elementor-container elementor-column-gap-default\">\n\t\t\t\t\t<div class=\"elementor-column elementor-col-50 elementor-top-column elementor-element elementor-element-6446645b\" data-id=\"6446645b\" data-element_type=\"column\" data-e-type=\"column\" data-settings=\"{&quot;background_background&quot;:&quot;classic&quot;}\">\n\t\t\t<div class=\"elementor-widget-wrap elementor-element-populated\">\n\t\t\t\t\t\t<div class=\"elementor-element elementor-element-6e61c361 elementor-widget elementor-widget-spacer\" data-id=\"6e61c361\" data-element_type=\"widget\" data-e-type=\"widget\" data-widget_type=\"spacer.default\">\n\t\t\t\t<div class=\"elementor-widget-container\">\n\t\t\t\t\t\t\t<div class=\"elementor-spacer\">\n\t\t\t<div class=\"elementor-spacer-inner\"><\/div>\n\t\t<\/div>\n\t\t\t\t\t\t<\/div>\n\t\t\t\t<\/div>\n\t\t\t\t<div class=\"elementor-element elementor-element-5128a6a6 elementor-widget elementor-widget-image\" data-id=\"5128a6a6\" data-element_type=\"widget\" data-e-type=\"widget\" data-widget_type=\"image.default\">\n\t\t\t\t<div class=\"elementor-widget-container\">\n\t\t\t\t\t\t\t\t\t\t\t\t\t\t\t<img fetchpriority=\"high\" decoding=\"async\" width=\"1569\" height=\"289\" src=\"https:\/\/act-grupa.hr\/web\/wp-content\/uploads\/2025\/02\/SEED-2-scale.png\" class=\"attachment-full size-full wp-image-3775\" alt=\"SEED 2 Scale\" srcset=\"https:\/\/act-grupa.hr\/web\/wp-content\/uploads\/2025\/02\/SEED-2-scale.png 1569w, https:\/\/act-grupa.hr\/web\/wp-content\/uploads\/2025\/02\/SEED-2-scale-300x55.png 300w, https:\/\/act-grupa.hr\/web\/wp-content\/uploads\/2025\/02\/SEED-2-scale-1024x189.png 1024w, https:\/\/act-grupa.hr\/web\/wp-content\/uploads\/2025\/02\/SEED-2-scale-768x141.png 768w, https:\/\/act-grupa.hr\/web\/wp-content\/uploads\/2025\/02\/SEED-2-scale-1536x283.png 1536w, https:\/\/act-grupa.hr\/web\/wp-content\/uploads\/2025\/02\/SEED-2-scale-18x3.png 18w\" sizes=\"(max-width: 1569px) 100vw, 1569px\" \/>\t\t\t\t\t\t\t\t\t\t\t\t\t\t\t<\/div>\n\t\t\t\t<\/div>\n\t\t\t\t<div class=\"elementor-element elementor-element-490363c1 elementor-widget elementor-widget-image\" data-id=\"490363c1\" data-element_type=\"widget\" data-e-type=\"widget\" data-widget_type=\"image.default\">\n\t\t\t\t<div class=\"elementor-widget-container\">\n\t\t\t\t\t\t\t\t\t\t\t\t\t\t\t<img decoding=\"async\" width=\"2560\" height=\"571\" src=\"https:\/\/act-grupa.hr\/web\/wp-content\/uploads\/2025\/10\/EN_Co-fundedbytheEU_RGB_POS-scaled.png\" class=\"attachment-full size-full wp-image-3154\" alt=\"Eu sufinanciranje\" srcset=\"https:\/\/act-grupa.hr\/web\/wp-content\/uploads\/2025\/10\/EN_Co-fundedbytheEU_RGB_POS-scaled.png 2560w, https:\/\/act-grupa.hr\/web\/wp-content\/uploads\/2025\/10\/EN_Co-fundedbytheEU_RGB_POS-300x67.png 300w, https:\/\/act-grupa.hr\/web\/wp-content\/uploads\/2025\/10\/EN_Co-fundedbytheEU_RGB_POS-1024x228.png 1024w, https:\/\/act-grupa.hr\/web\/wp-content\/uploads\/2025\/10\/EN_Co-fundedbytheEU_RGB_POS-768x171.png 768w, https:\/\/act-grupa.hr\/web\/wp-content\/uploads\/2025\/10\/EN_Co-fundedbytheEU_RGB_POS-1536x343.png 1536w, https:\/\/act-grupa.hr\/web\/wp-content\/uploads\/2025\/10\/EN_Co-fundedbytheEU_RGB_POS-2048x457.png 2048w, https:\/\/act-grupa.hr\/web\/wp-content\/uploads\/2025\/10\/EN_Co-fundedbytheEU_RGB_POS-18x4.png 18w\" sizes=\"(max-width: 2560px) 100vw, 2560px\" \/>\t\t\t\t\t\t\t\t\t\t\t\t\t\t\t<\/div>\n\t\t\t\t<\/div>\n\t\t\t\t<div class=\"elementor-element elementor-element-71bcfd9 elementor-widget elementor-widget-image\" data-id=\"71bcfd9\" data-element_type=\"widget\" data-e-type=\"widget\" data-widget_type=\"image.default\">\n\t\t\t\t<div class=\"elementor-widget-container\">\n\t\t\t\t\t\t\t\t\t\t\t\t\t\t\t<img decoding=\"async\" width=\"1502\" height=\"654\" src=\"https:\/\/act-grupa.hr\/web\/wp-content\/uploads\/2025\/06\/SI-initiative.png\" class=\"attachment-full size-full wp-image-3829\" alt=\"Social Innovation + Initiative\" srcset=\"https:\/\/act-grupa.hr\/web\/wp-content\/uploads\/2025\/06\/SI-initiative.png 1502w, https:\/\/act-grupa.hr\/web\/wp-content\/uploads\/2025\/06\/SI-initiative-300x131.png 300w, https:\/\/act-grupa.hr\/web\/wp-content\/uploads\/2025\/06\/SI-initiative-1024x446.png 1024w, https:\/\/act-grupa.hr\/web\/wp-content\/uploads\/2025\/06\/SI-initiative-768x334.png 768w, https:\/\/act-grupa.hr\/web\/wp-content\/uploads\/2025\/06\/SI-initiative-18x8.png 18w\" sizes=\"(max-width: 1502px) 100vw, 1502px\" \/>\t\t\t\t\t\t\t\t\t\t\t\t\t\t\t<\/div>\n\t\t\t\t<\/div>\n\t\t\t\t<div class=\"elementor-element elementor-element-6484bd9 elementor-widget elementor-widget-image\" data-id=\"6484bd9\" data-element_type=\"widget\" data-e-type=\"widget\" data-widget_type=\"image.default\">\n\t\t\t\t<div class=\"elementor-widget-container\">\n\t\t\t\t\t\t\t\t\t\t\t\t\t\t\t<img loading=\"lazy\" decoding=\"async\" width=\"600\" height=\"142\" src=\"https:\/\/act-grupa.hr\/web\/wp-content\/uploads\/2023\/12\/ured-za-udruge-logo.webp\" class=\"attachment-full size-full wp-image-3237\" alt=\"Ured za udruge\" srcset=\"https:\/\/act-grupa.hr\/web\/wp-content\/uploads\/2023\/12\/ured-za-udruge-logo.webp 600w, https:\/\/act-grupa.hr\/web\/wp-content\/uploads\/2023\/12\/ured-za-udruge-logo-300x71.webp 300w, https:\/\/act-grupa.hr\/web\/wp-content\/uploads\/2023\/12\/ured-za-udruge-logo-18x4.webp 18w\" sizes=\"(max-width: 600px) 100vw, 600px\" \/>\t\t\t\t\t\t\t\t\t\t\t\t\t\t\t<\/div>\n\t\t\t\t<\/div>\n\t\t\t\t\t<\/div>\n\t\t<\/div>\n\t\t\t\t<div class=\"elementor-column elementor-col-50 elementor-top-column elementor-element elementor-element-5569cbf3\" data-id=\"5569cbf3\" data-element_type=\"column\" data-e-type=\"column\" data-settings=\"{&quot;background_background&quot;:&quot;classic&quot;}\">\n\t\t\t<div class=\"elementor-widget-wrap elementor-element-populated\">\n\t\t\t\t\t\t<div class=\"elementor-element elementor-element-2493edae elementor-widget elementor-widget-heading\" data-id=\"2493edae\" data-element_type=\"widget\" data-e-type=\"widget\" data-widget_type=\"heading.default\">\n\t\t\t\t<div class=\"elementor-widget-container\">\n\t\t\t\t\t<h2 class=\"elementor-heading-title elementor-size-default\">SEED2SCALE: seeding competences to scale up social innovation ecosystems<\/h2>\t\t\t\t<\/div>\n\t\t\t\t<\/div>\n\t\t\t\t<div class=\"elementor-element elementor-element-4ab7bd08 elementor-widget elementor-widget-heading\" data-id=\"4ab7bd08\" data-element_type=\"widget\" data-e-type=\"widget\" data-widget_type=\"heading.default\">\n\t\t\t\t<div class=\"elementor-widget-container\">\n\t\t\t\t\t<h5 class=\"elementor-heading-title elementor-size-default\">Cjelokupni cilj projekta je uspostava Nacionalnog centra kompetencija za dru\u0161tvene inovacije u Hrvatskoj kako bi se podr\u017eao razvoj inovativnih dru\u0161tvenih rje\u0161enja. Projekt ima za cilj definirati pravni okvir i modele upravljanja Nacionalnim centrima kompetencija, osigurati profesionalne resurse i alate za potporu dru\u0161tvenim inovacijama, te podizati svijest o va\u017enosti dru\u0161tvenih inovacija u razvoju politika i zajednica.<\/h5>\t\t\t\t<\/div>\n\t\t\t\t<\/div>\n\t\t\t\t<div class=\"elementor-element elementor-element-1d07ab7b elementor-widget-divider--separator-type-pattern elementor-widget-divider--no-spacing elementor-widget-divider--view-line elementor-widget elementor-widget-divider\" data-id=\"1d07ab7b\" data-element_type=\"widget\" data-e-type=\"widget\" data-widget_type=\"divider.default\">\n\t\t\t\t<div class=\"elementor-widget-container\">\n\t\t\t\t\t\t\t<div class=\"elementor-divider\" style=\"--divider-pattern-url: url(&quot;data:image\/svg+xml,%3Csvg xmlns=&#039;http:\/\/www.w3.org\/2000\/svg&#039; preserveAspectRatio=&#039;xMidYMid meet&#039; overflow=&#039;visible&#039; height=&#039;100%&#039; viewBox=&#039;0 0 126 26&#039; fill=&#039;black&#039; stroke=&#039;none&#039;%3E%3Cpath d=&#039;M46.8,7.8v11.5L36,18.6V7.8H46.8z M82.4,7.8L84,18.6l-12,0.7L70.4,7.8H82.4z M0,7.8l12,0.9v9.9H1.3L0,7.8z M30,7.8v10.8H19L18,7.8H30z M63.7,7.8L66,18.6H54V9.5L63.7,7.8z M89.8,7L102,7.8v10.8H91.2L89.8,7zM108,7.8l12,0.9v8.9l-12,1V7.8z&#039;\/%3E%3C\/svg%3E&quot;);\">\n\t\t\t<span class=\"elementor-divider-separator\">\n\t\t\t\t\t\t<\/span>\n\t\t<\/div>\n\t\t\t\t\t\t<\/div>\n\t\t\t\t<\/div>\n\t\t\t\t<div class=\"elementor-element elementor-element-14db2a52 elementor-widget elementor-widget-text-editor\" data-id=\"14db2a52\" data-element_type=\"widget\" data-e-type=\"widget\" data-widget_type=\"text-editor.default\">\n\t\t\t\t<div class=\"elementor-widget-container\">\n\t\t\t\t\t\t\t\t\t<p><strong>Programme:<\/strong> <br>ESF+ Social Innovation+ Initiative<\/p>\n<p><strong>Sufinanciraju:<\/strong> <br>Europska unija i European Social Fund Agency; Ured za udruge Vlade RH<\/p>\n<p><strong>Lead partner:<\/strong> <br><a href=\"http:\/\/comune.torino.it\/\">Comune di Torino<\/a><\/p>\n<p><strong style=\"font-style: inherit;\">Partners:<\/strong><\/p>\n<p><a href=\"https:\/\/act-grupa.hr\/en\/\"> ACT Grupa<\/a>, <a href=\"https:\/\/nora-novska.com\/\">Razvojna agencija Grada Novske \u201cNORA\u201d<\/a>, <a href=\"https:\/\/www.umn.hr\/\">Udruga mladih Novska,<\/a> <a href=\"https:\/\/www.efzg.unizg.hr\/\">Ekonomski fakultet Sveu\u010dili\u0161ta u Zagrebu<\/a> i <a href=\"https:\/\/cotrugli.org\/\">HashNet d.o.o.&nbsp;<\/a><\/p>\n<p><strong style=\"font-style: inherit;\">Total budget:<\/strong><\/p>\n<p>1.948.842 \u20ac<\/p>\n<p><strong>Duration:<\/strong> <br>Lipanj 2024 &#8211; &nbsp;lipanj 2027 (36 mjeseci)<\/p>\n<p><strong>Slu\u017ebena web stranica projekta: <\/strong><a href=\"https:\/\/www.seedeuproject.eu\/\">https:\/\/www.seedeuproject.eu<\/a><\/p>\t\t\t\t\t\t\t\t<\/div>\n\t\t\t\t<\/div>\n\t\t\t\t<div class=\"elementor-element elementor-element-3ff52ede elementor-widget-divider--separator-type-pattern elementor-widget-divider--no-spacing elementor-widget-divider--view-line elementor-widget elementor-widget-divider\" data-id=\"3ff52ede\" data-element_type=\"widget\" data-e-type=\"widget\" data-widget_type=\"divider.default\">\n\t\t\t\t<div class=\"elementor-widget-container\">\n\t\t\t\t\t\t\t<div class=\"elementor-divider\" style=\"--divider-pattern-url: url(&quot;data:image\/svg+xml,%3Csvg xmlns=&#039;http:\/\/www.w3.org\/2000\/svg&#039; preserveAspectRatio=&#039;xMidYMid meet&#039; overflow=&#039;visible&#039; height=&#039;100%&#039; viewBox=&#039;0 0 126 26&#039; fill=&#039;black&#039; stroke=&#039;none&#039;%3E%3Cpath d=&#039;M46.8,7.8v11.5L36,18.6V7.8H46.8z M82.4,7.8L84,18.6l-12,0.7L70.4,7.8H82.4z M0,7.8l12,0.9v9.9H1.3L0,7.8z M30,7.8v10.8H19L18,7.8H30z M63.7,7.8L66,18.6H54V9.5L63.7,7.8z M89.8,7L102,7.8v10.8H91.2L89.8,7zM108,7.8l12,0.9v8.9l-12,1V7.8z&#039;\/%3E%3C\/svg%3E&quot;);\">\n\t\t\t<span class=\"elementor-divider-separator\">\n\t\t\t\t\t\t<\/span>\n\t\t<\/div>\n\t\t\t\t\t\t<\/div>\n\t\t\t\t<\/div>\n\t\t\t\t\t<\/div>\n\t\t<\/div>\n\t\t\t\t\t<\/div>\n\t\t<\/section>\n\t\t\t\t<\/div>","protected":false},"excerpt":{"rendered":"<p>SEED2SCALE: seeding competences to scale up social innovation ecosystems Cjelokupni cilj projekta je uspostava Nacionalnog centra kompetencija za dru\u0161tvene inovacije u Hrvatskoj kako bi se podr\u017eao razvoj inovativnih dru\u0161tvenih rje\u0161enja. Projekt ima za cilj definirati pravni okvir i modele upravljanja Nacionalnim centrima kompetencija, osigurati profesionalne resurse i alate za potporu dru\u0161tvenim inovacijama, te podizati svijest [&hellip;]<\/p>\n","protected":false},"author":4,"featured_media":3780,"parent":157,"menu_order":0,"comment_status":"closed","ping_status":"closed","template":"","meta":{"site-sidebar-layout":"default","site-content-layout":"","ast-site-content-layout":"default","site-content-style":"default","site-sidebar-style":"default","ast-global-header-display":"","ast-banner-title-visibility":"","ast-main-header-display":"","ast-hfb-above-header-display":"","ast-hfb-below-header-display":"","ast-hfb-mobile-header-display":"","site-post-title":"disabled","ast-breadcrumbs-content":"","ast-featured-img":"","footer-sml-layout":"","ast-disable-related-posts":"","theme-transparent-header-meta":"","adv-header-id-meta":"","stick-header-meta":"","header-above-stick-meta":"","header-main-stick-meta":"","header-below-stick-meta":"","astra-migrate-meta-layouts":"set","ast-page-background-enabled":"default","ast-page-background-meta":{"desktop":{"background-color":"","background-image":"","background-repeat":"repeat","background-position":"center center","background-size":"auto","background-attachment":"scroll","background-type":"","background-media":"","overlay-type":"","overlay-color":"","overlay-opacity":"","overlay-gradient":""},"tablet":{"background-color":"","background-image":"","background-repeat":"repeat","background-position":"center center","background-size":"auto","background-attachment":"scroll","background-type":"","background-media":"","overlay-type":"","overlay-color":"","overlay-opacity":"","overlay-gradient":""},"mobile":{"background-color":"","background-image":"","background-repeat":"repeat","background-position":"center center","background-size":"auto","background-attachment":"scroll","background-type":"","background-media":"","overlay-type":"","overlay-color":"","overlay-opacity":"","overlay-gradient":""}},"ast-content-background-meta":{"desktop":{"background-color":"var(--ast-global-color-5)","background-image":"","background-repeat":"repeat","background-position":"center center","background-size":"auto","background-attachment":"scroll","background-type":"","background-media":"","overlay-type":"","overlay-color":"","overlay-opacity":"","overlay-gradient":""},"tablet":{"background-color":"var(--ast-global-color-5)","background-image":"","background-repeat":"repeat","background-position":"center center","background-size":"auto","background-attachment":"scroll","background-type":"","background-media":"","overlay-type":"","overlay-color":"","overlay-opacity":"","overlay-gradient":""},"mobile":{"background-color":"var(--ast-global-color-5)","background-image":"","background-repeat":"repeat","background-position":"center center","background-size":"auto","background-attachment":"scroll","background-type":"","background-media":"","overlay-type":"","overlay-color":"","overlay-opacity":"","overlay-gradient":""}},"footnotes":""},"class_list":["post-3778","page","type-page","status-publish","has-post-thumbnail","hentry"],"yoast_head":"<!-- This site is optimized with the Yoast SEO plugin v27.4 - https:\/\/yoast.com\/product\/yoast-seo-wordpress\/ -->\n<title>SEED2Scale - ACT Grupa<\/title>\n<meta name=\"robots\" content=\"index, follow, max-snippet:-1, max-image-preview:large, max-video-preview:-1\" \/>\n<link rel=\"canonical\" href=\"https:\/\/act-grupa.hr\/en\/projekti\/seed2scale-seeding-competences-to-scale-up-social-innovation-ecosystems\/\" \/>\n<meta property=\"og:locale\" content=\"en_GB\" \/>\n<meta property=\"og:type\" content=\"article\" \/>\n<meta property=\"og:title\" content=\"SEED2Scale - ACT Grupa\" \/>\n<meta property=\"og:description\" content=\"SEED2SCALE: seeding competences to scale up social innovation ecosystems Cjelokupni cilj projekta je uspostava Nacionalnog centra kompetencija za dru\u0161tvene inovacije u Hrvatskoj kako bi se podr\u017eao razvoj inovativnih dru\u0161tvenih rje\u0161enja. Projekt ima za cilj definirati pravni okvir i modele upravljanja Nacionalnim centrima kompetencija, osigurati profesionalne resurse i alate za potporu dru\u0161tvenim inovacijama, te podizati svijest [&hellip;]\" \/>\n<meta property=\"og:url\" content=\"https:\/\/act-grupa.hr\/en\/projekti\/seed2scale-seeding-competences-to-scale-up-social-innovation-ecosystems\/\" \/>\n<meta property=\"og:site_name\" content=\"ACT Grupa\" \/>\n<meta property=\"article:publisher\" content=\"https:\/\/www.facebook.com\/ACTGrupa\" \/>\n<meta property=\"article:modified_time\" content=\"2025-09-09T13:20:30+00:00\" \/>\n<meta property=\"og:image\" content=\"https:\/\/act-grupa.hr\/web\/wp-content\/uploads\/2025\/02\/seed2scele.png\" \/>\n\t<meta property=\"og:image:width\" content=\"1200\" \/>\n\t<meta property=\"og:image:height\" content=\"1200\" \/>\n\t<meta property=\"og:image:type\" content=\"image\/png\" \/>\n<meta name=\"twitter:card\" content=\"summary_large_image\" \/>\n<meta name=\"twitter:label1\" content=\"Estimated reading time\" \/>\n\t<meta name=\"twitter:data1\" content=\"1 minute\" \/>\n<script type=\"application\/ld+json\" class=\"yoast-schema-graph\">{\"@context\":\"https:\\\/\\\/schema.org\",\"@graph\":[{\"@type\":\"WebPage\",\"@id\":\"https:\\\/\\\/act-grupa.hr\\\/projekti\\\/seed2scale-seeding-competences-to-scale-up-social-innovation-ecosystems\\\/\",\"url\":\"https:\\\/\\\/act-grupa.hr\\\/projekti\\\/seed2scale-seeding-competences-to-scale-up-social-innovation-ecosystems\\\/\",\"name\":\"SEED2Scale - ACT Grupa\",\"isPartOf\":{\"@id\":\"https:\\\/\\\/act-grupa.hr\\\/#website\"},\"primaryImageOfPage\":{\"@id\":\"https:\\\/\\\/act-grupa.hr\\\/projekti\\\/seed2scale-seeding-competences-to-scale-up-social-innovation-ecosystems\\\/#primaryimage\"},\"image\":{\"@id\":\"https:\\\/\\\/act-grupa.hr\\\/projekti\\\/seed2scale-seeding-competences-to-scale-up-social-innovation-ecosystems\\\/#primaryimage\"},\"thumbnailUrl\":\"https:\\\/\\\/act-grupa.hr\\\/web\\\/wp-content\\\/uploads\\\/2025\\\/02\\\/seed2scele.png\",\"datePublished\":\"2025-02-04T12:08:12+00:00\",\"dateModified\":\"2025-09-09T13:20:30+00:00\",\"breadcrumb\":{\"@id\":\"https:\\\/\\\/act-grupa.hr\\\/projekti\\\/seed2scale-seeding-competences-to-scale-up-social-innovation-ecosystems\\\/#breadcrumb\"},\"inLanguage\":\"en-GB\",\"potentialAction\":[{\"@type\":\"ReadAction\",\"target\":[\"https:\\\/\\\/act-grupa.hr\\\/projekti\\\/seed2scale-seeding-competences-to-scale-up-social-innovation-ecosystems\\\/\"]}]},{\"@type\":\"ImageObject\",\"inLanguage\":\"en-GB\",\"@id\":\"https:\\\/\\\/act-grupa.hr\\\/projekti\\\/seed2scale-seeding-competences-to-scale-up-social-innovation-ecosystems\\\/#primaryimage\",\"url\":\"https:\\\/\\\/act-grupa.hr\\\/web\\\/wp-content\\\/uploads\\\/2025\\\/02\\\/seed2scele.png\",\"contentUrl\":\"https:\\\/\\\/act-grupa.hr\\\/web\\\/wp-content\\\/uploads\\\/2025\\\/02\\\/seed2scele.png\",\"width\":1200,\"height\":1200},{\"@type\":\"BreadcrumbList\",\"@id\":\"https:\\\/\\\/act-grupa.hr\\\/projekti\\\/seed2scale-seeding-competences-to-scale-up-social-innovation-ecosystems\\\/#breadcrumb\",\"itemListElement\":[{\"@type\":\"ListItem\",\"position\":1,\"name\":\"Home\",\"item\":\"https:\\\/\\\/act-grupa.hr\\\/\"},{\"@type\":\"ListItem\",\"position\":2,\"name\":\"Projekti\",\"item\":\"https:\\\/\\\/act-grupa.hr\\\/en\\\/projekti\\\/\"},{\"@type\":\"ListItem\",\"position\":3,\"name\":\"SEED2Scale\"}]},{\"@type\":\"WebSite\",\"@id\":\"https:\\\/\\\/act-grupa.hr\\\/#website\",\"url\":\"https:\\\/\\\/act-grupa.hr\\\/\",\"name\":\"ACT Grupa\",\"description\":\"Dobri za posao. Dobri za dru\u0161tvo.\",\"publisher\":{\"@id\":\"https:\\\/\\\/act-grupa.hr\\\/#organization\"},\"potentialAction\":[{\"@type\":\"SearchAction\",\"target\":{\"@type\":\"EntryPoint\",\"urlTemplate\":\"https:\\\/\\\/act-grupa.hr\\\/?s={search_term_string}\"},\"query-input\":{\"@type\":\"PropertyValueSpecification\",\"valueRequired\":true,\"valueName\":\"search_term_string\"}}],\"inLanguage\":\"en-GB\"},{\"@type\":\"Organization\",\"@id\":\"https:\\\/\\\/act-grupa.hr\\\/#organization\",\"name\":\"ACT Grupa\",\"url\":\"https:\\\/\\\/act-grupa.hr\\\/\",\"logo\":{\"@type\":\"ImageObject\",\"inLanguage\":\"en-GB\",\"@id\":\"https:\\\/\\\/act-grupa.hr\\\/#\\\/schema\\\/logo\\\/image\\\/\",\"url\":\"https:\\\/\\\/act-grupa.hr\\\/web\\\/wp-content\\\/uploads\\\/2026\\\/01\\\/AG_logo_transparent-scaled.png\",\"contentUrl\":\"https:\\\/\\\/act-grupa.hr\\\/web\\\/wp-content\\\/uploads\\\/2026\\\/01\\\/AG_logo_transparent-scaled.png\",\"width\":2560,\"height\":834,\"caption\":\"ACT Grupa\"},\"image\":{\"@id\":\"https:\\\/\\\/act-grupa.hr\\\/#\\\/schema\\\/logo\\\/image\\\/\"},\"sameAs\":[\"https:\\\/\\\/www.facebook.com\\\/ACTGrupa\",\"https:\\\/\\\/www.instagram.com\\\/actgrupa\\\/\",\"https:\\\/\\\/www.youtube.com\\\/@actgrupa\",\"https:\\\/\\\/www.linkedin.com\\\/company\\\/act-grupa\"]}]}<\/script>\n<!-- \/ Yoast SEO plugin. -->","yoast_head_json":{"title":"SEED2Scale - ACT Grupa","robots":{"index":"index","follow":"follow","max-snippet":"max-snippet:-1","max-image-preview":"max-image-preview:large","max-video-preview":"max-video-preview:-1"},"canonical":"https:\/\/act-grupa.hr\/en\/projekti\/seed2scale-seeding-competences-to-scale-up-social-innovation-ecosystems\/","og_locale":"en_GB","og_type":"article","og_title":"SEED2Scale - ACT Grupa","og_description":"SEED2SCALE: seeding competences to scale up social innovation ecosystems Cjelokupni cilj projekta je uspostava Nacionalnog centra kompetencija za dru\u0161tvene inovacije u Hrvatskoj kako bi se podr\u017eao razvoj inovativnih dru\u0161tvenih rje\u0161enja. Projekt ima za cilj definirati pravni okvir i modele upravljanja Nacionalnim centrima kompetencija, osigurati profesionalne resurse i alate za potporu dru\u0161tvenim inovacijama, te podizati svijest [&hellip;]","og_url":"https:\/\/act-grupa.hr\/en\/projekti\/seed2scale-seeding-competences-to-scale-up-social-innovation-ecosystems\/","og_site_name":"ACT Grupa","article_publisher":"https:\/\/www.facebook.com\/ACTGrupa","article_modified_time":"2025-09-09T13:20:30+00:00","og_image":[{"width":1200,"height":1200,"url":"https:\/\/act-grupa.hr\/web\/wp-content\/uploads\/2025\/02\/seed2scele.png","type":"image\/png"}],"twitter_card":"summary_large_image","twitter_misc":{"Estimated reading time":"1 minute"},"schema":{"@context":"https:\/\/schema.org","@graph":[{"@type":"WebPage","@id":"https:\/\/act-grupa.hr\/projekti\/seed2scale-seeding-competences-to-scale-up-social-innovation-ecosystems\/","url":"https:\/\/act-grupa.hr\/projekti\/seed2scale-seeding-competences-to-scale-up-social-innovation-ecosystems\/","name":"SEED2Scale - ACT Grupa","isPartOf":{"@id":"https:\/\/act-grupa.hr\/#website"},"primaryImageOfPage":{"@id":"https:\/\/act-grupa.hr\/projekti\/seed2scale-seeding-competences-to-scale-up-social-innovation-ecosystems\/#primaryimage"},"image":{"@id":"https:\/\/act-grupa.hr\/projekti\/seed2scale-seeding-competences-to-scale-up-social-innovation-ecosystems\/#primaryimage"},"thumbnailUrl":"https:\/\/act-grupa.hr\/web\/wp-content\/uploads\/2025\/02\/seed2scele.png","datePublished":"2025-02-04T12:08:12+00:00","dateModified":"2025-09-09T13:20:30+00:00","breadcrumb":{"@id":"https:\/\/act-grupa.hr\/projekti\/seed2scale-seeding-competences-to-scale-up-social-innovation-ecosystems\/#breadcrumb"},"inLanguage":"en-GB","potentialAction":[{"@type":"ReadAction","target":["https:\/\/act-grupa.hr\/projekti\/seed2scale-seeding-competences-to-scale-up-social-innovation-ecosystems\/"]}]},{"@type":"ImageObject","inLanguage":"en-GB","@id":"https:\/\/act-grupa.hr\/projekti\/seed2scale-seeding-competences-to-scale-up-social-innovation-ecosystems\/#primaryimage","url":"https:\/\/act-grupa.hr\/web\/wp-content\/uploads\/2025\/02\/seed2scele.png","contentUrl":"https:\/\/act-grupa.hr\/web\/wp-content\/uploads\/2025\/02\/seed2scele.png","width":1200,"height":1200},{"@type":"BreadcrumbList","@id":"https:\/\/act-grupa.hr\/projekti\/seed2scale-seeding-competences-to-scale-up-social-innovation-ecosystems\/#breadcrumb","itemListElement":[{"@type":"ListItem","position":1,"name":"Home","item":"https:\/\/act-grupa.hr\/"},{"@type":"ListItem","position":2,"name":"Projekti","item":"https:\/\/act-grupa.hr\/en\/projekti\/"},{"@type":"ListItem","position":3,"name":"SEED2Scale"}]},{"@type":"WebSite","@id":"https:\/\/act-grupa.hr\/#website","url":"https:\/\/act-grupa.hr\/","name":"ACT Grupa","description":"Dobri za posao. Dobri za dru\u0161tvo.","publisher":{"@id":"https:\/\/act-grupa.hr\/#organization"},"potentialAction":[{"@type":"SearchAction","target":{"@type":"EntryPoint","urlTemplate":"https:\/\/act-grupa.hr\/?s={search_term_string}"},"query-input":{"@type":"PropertyValueSpecification","valueRequired":true,"valueName":"search_term_string"}}],"inLanguage":"en-GB"},{"@type":"Organization","@id":"https:\/\/act-grupa.hr\/#organization","name":"ACT Grupa","url":"https:\/\/act-grupa.hr\/","logo":{"@type":"ImageObject","inLanguage":"en-GB","@id":"https:\/\/act-grupa.hr\/#\/schema\/logo\/image\/","url":"https:\/\/act-grupa.hr\/web\/wp-content\/uploads\/2026\/01\/AG_logo_transparent-scaled.png","contentUrl":"https:\/\/act-grupa.hr\/web\/wp-content\/uploads\/2026\/01\/AG_logo_transparent-scaled.png","width":2560,"height":834,"caption":"ACT Grupa"},"image":{"@id":"https:\/\/act-grupa.hr\/#\/schema\/logo\/image\/"},"sameAs":["https:\/\/www.facebook.com\/ACTGrupa","https:\/\/www.instagram.com\/actgrupa\/","https:\/\/www.youtube.com\/@actgrupa","https:\/\/www.linkedin.com\/company\/act-grupa"]}]}},"_links":{"self":[{"href":"https:\/\/act-grupa.hr\/en\/wp-json\/wp\/v2\/pages\/3778","targetHints":{"allow":["GET"]}}],"collection":[{"href":"https:\/\/act-grupa.hr\/en\/wp-json\/wp\/v2\/pages"}],"about":[{"href":"https:\/\/act-grupa.hr\/en\/wp-json\/wp\/v2\/types\/page"}],"author":[{"embeddable":true,"href":"https:\/\/act-grupa.hr\/en\/wp-json\/wp\/v2\/users\/4"}],"replies":[{"embeddable":true,"href":"https:\/\/act-grupa.hr\/en\/wp-json\/wp\/v2\/comments?post=3778"}],"version-history":[{"count":23,"href":"https:\/\/act-grupa.hr\/en\/wp-json\/wp\/v2\/pages\/3778\/revisions"}],"predecessor-version":[{"id":3946,"href":"https:\/\/act-grupa.hr\/en\/wp-json\/wp\/v2\/pages\/3778\/revisions\/3946"}],"up":[{"embeddable":true,"href":"https:\/\/act-grupa.hr\/en\/wp-json\/wp\/v2\/pages\/157"}],"wp:featuredmedia":[{"embeddable":true,"href":"https:\/\/act-grupa.hr\/en\/wp-json\/wp\/v2\/media\/3780"}],"wp:attachment":[{"href":"https:\/\/act-grupa.hr\/en\/wp-json\/wp\/v2\/media?parent=3778"}],"curies":[{"name":"wp","href":"https:\/\/api.w.org\/{rel}","templated":true}]}}