{"id":3827,"date":"2025-06-10T14:18:55","date_gmt":"2025-06-10T14:18:55","guid":{"rendered":"https:\/\/act-grupa.hr\/?page_id=3827"},"modified":"2026-01-09T13:40:45","modified_gmt":"2026-01-09T13:40:45","slug":"humanityhub","status":"publish","type":"page","link":"https:\/\/act-grupa.hr\/en\/projekti\/humanityhub\/","title":{"rendered":"HumanityHub"},"content":{"rendered":"<div data-elementor-type=\"wp-page\" data-elementor-id=\"3827\" class=\"elementor elementor-3827\" data-elementor-post-type=\"page\">\n\t\t\t\t\t\t<section class=\"elementor-section elementor-top-section elementor-element elementor-element-3c946e44 elementor-reverse-mobile elementor-section-boxed elementor-section-height-default elementor-section-height-default\" data-id=\"3c946e44\" data-element_type=\"section\" data-e-type=\"section\" data-settings=\"{&quot;background_background&quot;:&quot;classic&quot;}\">\n\t\t\t\t\t\t\t<div class=\"elementor-background-overlay\"><\/div>\n\t\t\t\t\t\t\t<div class=\"elementor-container elementor-column-gap-default\">\n\t\t\t\t\t<div class=\"elementor-column elementor-col-50 elementor-top-column elementor-element elementor-element-76604769\" data-id=\"76604769\" data-element_type=\"column\" data-e-type=\"column\" data-settings=\"{&quot;background_background&quot;:&quot;classic&quot;}\">\n\t\t\t<div class=\"elementor-widget-wrap elementor-element-populated\">\n\t\t\t\t\t\t<div class=\"elementor-element elementor-element-2ea457aa elementor-widget elementor-widget-spacer\" data-id=\"2ea457aa\" data-element_type=\"widget\" data-e-type=\"widget\" data-widget_type=\"spacer.default\">\n\t\t\t\t<div class=\"elementor-widget-container\">\n\t\t\t\t\t\t\t<div class=\"elementor-spacer\">\n\t\t\t<div class=\"elementor-spacer-inner\"><\/div>\n\t\t<\/div>\n\t\t\t\t\t\t<\/div>\n\t\t\t\t<\/div>\n\t\t\t\t<div class=\"elementor-element elementor-element-5c39a410 elementor-widget elementor-widget-image\" data-id=\"5c39a410\" data-element_type=\"widget\" data-e-type=\"widget\" data-widget_type=\"image.default\">\n\t\t\t\t<div class=\"elementor-widget-container\">\n\t\t\t\t\t\t\t\t\t\t\t\t\t\t\t<img fetchpriority=\"high\" decoding=\"async\" width=\"1920\" height=\"1080\" src=\"https:\/\/act-grupa.hr\/web\/wp-content\/uploads\/2025\/05\/HumanityHub-logo-proposal.pdf.png\" class=\"attachment-full size-full wp-image-3906\" alt=\"\" srcset=\"https:\/\/act-grupa.hr\/web\/wp-content\/uploads\/2025\/05\/HumanityHub-logo-proposal.pdf.png 1920w, https:\/\/act-grupa.hr\/web\/wp-content\/uploads\/2025\/05\/HumanityHub-logo-proposal.pdf-300x169.png 300w, https:\/\/act-grupa.hr\/web\/wp-content\/uploads\/2025\/05\/HumanityHub-logo-proposal.pdf-1024x576.png 1024w, https:\/\/act-grupa.hr\/web\/wp-content\/uploads\/2025\/05\/HumanityHub-logo-proposal.pdf-768x432.png 768w, https:\/\/act-grupa.hr\/web\/wp-content\/uploads\/2025\/05\/HumanityHub-logo-proposal.pdf-1536x864.png 1536w, https:\/\/act-grupa.hr\/web\/wp-content\/uploads\/2025\/05\/HumanityHub-logo-proposal.pdf-18x10.png 18w\" sizes=\"(max-width: 1920px) 100vw, 1920px\" \/>\t\t\t\t\t\t\t\t\t\t\t\t\t\t\t<\/div>\n\t\t\t\t<\/div>\n\t\t\t\t<div class=\"elementor-element elementor-element-9c3a002 elementor-widget elementor-widget-image\" data-id=\"9c3a002\" data-element_type=\"widget\" data-e-type=\"widget\" data-widget_type=\"image.default\">\n\t\t\t\t<div class=\"elementor-widget-container\">\n\t\t\t\t\t\t\t\t\t\t\t\t\t\t\t<img decoding=\"async\" width=\"2560\" height=\"571\" src=\"https:\/\/act-grupa.hr\/web\/wp-content\/uploads\/2025\/10\/EN_Co-fundedbytheEU_RGB_POS-scaled.png\" class=\"attachment-full size-full wp-image-3154\" alt=\"Eu sufinanciranje\" srcset=\"https:\/\/act-grupa.hr\/web\/wp-content\/uploads\/2025\/10\/EN_Co-fundedbytheEU_RGB_POS-scaled.png 2560w, https:\/\/act-grupa.hr\/web\/wp-content\/uploads\/2025\/10\/EN_Co-fundedbytheEU_RGB_POS-300x67.png 300w, https:\/\/act-grupa.hr\/web\/wp-content\/uploads\/2025\/10\/EN_Co-fundedbytheEU_RGB_POS-1024x228.png 1024w, https:\/\/act-grupa.hr\/web\/wp-content\/uploads\/2025\/10\/EN_Co-fundedbytheEU_RGB_POS-768x171.png 768w, https:\/\/act-grupa.hr\/web\/wp-content\/uploads\/2025\/10\/EN_Co-fundedbytheEU_RGB_POS-1536x343.png 1536w, https:\/\/act-grupa.hr\/web\/wp-content\/uploads\/2025\/10\/EN_Co-fundedbytheEU_RGB_POS-2048x457.png 2048w, https:\/\/act-grupa.hr\/web\/wp-content\/uploads\/2025\/10\/EN_Co-fundedbytheEU_RGB_POS-18x4.png 18w\" sizes=\"(max-width: 2560px) 100vw, 2560px\" \/>\t\t\t\t\t\t\t\t\t\t\t\t\t\t\t<\/div>\n\t\t\t\t<\/div>\n\t\t\t\t<div class=\"elementor-element elementor-element-552f29e8 elementor-widget elementor-widget-image\" data-id=\"552f29e8\" data-element_type=\"widget\" data-e-type=\"widget\" data-widget_type=\"image.default\">\n\t\t\t\t<div class=\"elementor-widget-container\">\n\t\t\t\t\t\t\t\t\t\t\t\t\t\t\t<img decoding=\"async\" width=\"1502\" height=\"654\" src=\"https:\/\/act-grupa.hr\/web\/wp-content\/uploads\/2025\/06\/SI-initiative.png\" class=\"attachment-full size-full wp-image-3829\" alt=\"Social Innovation + Initiative\" srcset=\"https:\/\/act-grupa.hr\/web\/wp-content\/uploads\/2025\/06\/SI-initiative.png 1502w, https:\/\/act-grupa.hr\/web\/wp-content\/uploads\/2025\/06\/SI-initiative-300x131.png 300w, https:\/\/act-grupa.hr\/web\/wp-content\/uploads\/2025\/06\/SI-initiative-1024x446.png 1024w, https:\/\/act-grupa.hr\/web\/wp-content\/uploads\/2025\/06\/SI-initiative-768x334.png 768w, https:\/\/act-grupa.hr\/web\/wp-content\/uploads\/2025\/06\/SI-initiative-18x8.png 18w\" sizes=\"(max-width: 1502px) 100vw, 1502px\" \/>\t\t\t\t\t\t\t\t\t\t\t\t\t\t\t<\/div>\n\t\t\t\t<\/div>\n\t\t\t\t<div class=\"elementor-element elementor-element-bd6ece2 elementor-widget elementor-widget-image\" data-id=\"bd6ece2\" data-element_type=\"widget\" data-e-type=\"widget\" data-widget_type=\"image.default\">\n\t\t\t\t<div class=\"elementor-widget-container\">\n\t\t\t\t\t\t\t\t\t\t\t\t\t\t\t<img loading=\"lazy\" decoding=\"async\" width=\"600\" height=\"142\" src=\"https:\/\/act-grupa.hr\/web\/wp-content\/uploads\/2023\/12\/ured-za-udruge-logo.webp\" class=\"attachment-full size-full wp-image-3237\" alt=\"Ured za udruge\" srcset=\"https:\/\/act-grupa.hr\/web\/wp-content\/uploads\/2023\/12\/ured-za-udruge-logo.webp 600w, https:\/\/act-grupa.hr\/web\/wp-content\/uploads\/2023\/12\/ured-za-udruge-logo-300x71.webp 300w, https:\/\/act-grupa.hr\/web\/wp-content\/uploads\/2023\/12\/ured-za-udruge-logo-18x4.webp 18w\" sizes=\"(max-width: 600px) 100vw, 600px\" \/>\t\t\t\t\t\t\t\t\t\t\t\t\t\t\t<\/div>\n\t\t\t\t<\/div>\n\t\t\t\t\t<\/div>\n\t\t<\/div>\n\t\t\t\t<div class=\"elementor-column elementor-col-50 elementor-top-column elementor-element elementor-element-55622d48\" data-id=\"55622d48\" data-element_type=\"column\" data-e-type=\"column\" data-settings=\"{&quot;background_background&quot;:&quot;classic&quot;}\">\n\t\t\t<div class=\"elementor-widget-wrap elementor-element-populated\">\n\t\t\t\t\t\t<div class=\"elementor-element elementor-element-11434f59 elementor-widget elementor-widget-heading\" data-id=\"11434f59\" data-element_type=\"widget\" data-e-type=\"widget\" data-widget_type=\"heading.default\">\n\t\t\t\t<div class=\"elementor-widget-container\">\n\t\t\t\t\t<h2 class=\"elementor-heading-title elementor-size-default\">HumanityHub: Where Cultural Inclusion Meets Economic Empowerment<\/h2>\t\t\t\t<\/div>\n\t\t\t\t<\/div>\n\t\t\t\t<div class=\"elementor-element elementor-element-42867e87 elementor-widget elementor-widget-heading\" data-id=\"42867e87\" data-element_type=\"widget\" data-e-type=\"widget\" data-widget_type=\"heading.default\">\n\t\t\t\t<div class=\"elementor-widget-container\">\n\t\t\t\t\t<h5 class=\"elementor-heading-title elementor-size-default\">Humanity Hub je usmjeren na rje\u0161avanje izazova ekonomske i dru\u0161tvene integracije s kojima se suo\u010davaju ukrajinske izbjeglice u Hrvatskoj i Italiji.<\/h5>\t\t\t\t<\/div>\n\t\t\t\t<\/div>\n\t\t\t\t<div class=\"elementor-element elementor-element-4bfdd97e elementor-widget-divider--separator-type-pattern elementor-widget-divider--no-spacing elementor-widget-divider--view-line elementor-widget elementor-widget-divider\" data-id=\"4bfdd97e\" data-element_type=\"widget\" data-e-type=\"widget\" data-widget_type=\"divider.default\">\n\t\t\t\t<div class=\"elementor-widget-container\">\n\t\t\t\t\t\t\t<div class=\"elementor-divider\" style=\"--divider-pattern-url: url(&quot;data:image\/svg+xml,%3Csvg xmlns=&#039;http:\/\/www.w3.org\/2000\/svg&#039; preserveAspectRatio=&#039;xMidYMid meet&#039; overflow=&#039;visible&#039; height=&#039;100%&#039; viewBox=&#039;0 0 126 26&#039; fill=&#039;black&#039; stroke=&#039;none&#039;%3E%3Cpath d=&#039;M46.8,7.8v11.5L36,18.6V7.8H46.8z M82.4,7.8L84,18.6l-12,0.7L70.4,7.8H82.4z M0,7.8l12,0.9v9.9H1.3L0,7.8z M30,7.8v10.8H19L18,7.8H30z M63.7,7.8L66,18.6H54V9.5L63.7,7.8z M89.8,7L102,7.8v10.8H91.2L89.8,7zM108,7.8l12,0.9v8.9l-12,1V7.8z&#039;\/%3E%3C\/svg%3E&quot;);\">\n\t\t\t<span class=\"elementor-divider-separator\">\n\t\t\t\t\t\t<\/span>\n\t\t<\/div>\n\t\t\t\t\t\t<\/div>\n\t\t\t\t<\/div>\n\t\t\t\t<div class=\"elementor-element elementor-element-2a4704f elementor-widget elementor-widget-text-editor\" data-id=\"2a4704f\" data-element_type=\"widget\" data-e-type=\"widget\" data-widget_type=\"text-editor.default\">\n\t\t\t\t<div class=\"elementor-widget-container\">\n\t\t\t\t\t\t\t\t\t<p><span style=\"font-weight: 400;\">Dru\u0161tvena inovacija proizlazi iz sveobuhvatnog razumijevanja specifi\u010dnih potreba i pote\u0161ko\u0107a s kojima se Ukrajinci i Ukrajinke susre\u0107u. Cilj projekta Humanity Hub je odgovoriti na te izazove putem holisti\u010dkog pristupa koji kombinira razli\u010dite mehanizme podr\u0161ke. Projekt se fokusira na unaprje\u0111enje ekonomske i dru\u0161tvene integracije kroz tri glavna podru\u010dja:<\/span><\/p><ol><li style=\"font-weight: 400;\" aria-level=\"1\"><span style=\"font-weight: 400;\">psihosocijalna podr\u0161ka i kulturna orijentacija,<\/span><\/li><li style=\"font-weight: 400;\" aria-level=\"1\"><span style=\"font-weight: 400;\"><a href=\"https:\/\/hh.act-grupa.hr\" target=\"_blank\" rel=\"noopener\">Nefinancijska podr\u0161ka za poduzetni\u0161tvo (inkubator i akceleracijski program)<\/a>,<\/span><\/li><li style=\"font-weight: 400;\" aria-level=\"1\"><span style=\"font-weight: 400;\">sna\u017ean sustav me\u0111usobne podr\u0161ke u svrhu zapo\u0161ljivosti.<\/span><\/li><\/ol><p><span style=\"font-weight: 400;\">Ovaj inovativni model, koji se temelji na individualnom i prilago\u0111enom pristupu, osmi\u0161ljen je kako bi potaknuo otpornost, samodostatnost i dru\u0161tvenu koheziju me\u0111u ukrajinskim izbjeglicama, odgovaraju\u0107i na njihove neposredne i dugoro\u010dne potrebe. Kombiniranjem ciljanih intervencija za ekonomsku, dru\u0161tvenu i psiholo\u0161ku podr\u0161ku, projekt nastoji stvoriti odr\u017eiv model integracije izbjeglica koji se mo\u017ee primijeniti i u drugim kontekstima.<\/span><\/p><p><strong>Programme:<\/strong> <br \/><span style=\"font-weight: 400;\">ESF+ Social Innovation+ Initiative<\/span><\/p><p><strong>Sinancira:<\/strong> <br \/><span style=\"font-weight: 400;\">Europska unija i European Social Fund Agency; Ured za udruge Vlade RH<\/span><\/p><p><strong>Lead partner:<\/strong> <br \/>RCT &#8211; Rehabilitacijski centar za stres i traumu<\/p><p><strong style=\"font-style: inherit;\">Partners:<\/strong><\/p><p><a href=\"https:\/\/rctzg.hr\/\" target=\"_blank\" rel=\"noopener\">Rehabilitacijski centar za stres i traumu<\/a>, <a href=\"https:\/\/act-grupa.hr\/en\/\">ACT Grupa<\/a> i <a href=\"https:\/\/danilodolci.org\/\" target=\"_blank\" rel=\"noopener\">Centro per lo Sviluppo Creativo \u201dDanilo Dolci\u201d \u2013 Ente del Terzo Settore<\/a><\/p><p><strong style=\"font-style: inherit;\">Total budget:<\/strong><\/p><p><span style=\"font-weight: 400;\">439.883,00<\/span> \u20ac<\/p><p><strong>Duration:<\/strong><\/p><p><span style=\"font-weight: 400;\">10. 4. 2025. &#8211; 10. 10. 2026. (18 mjeseci)<\/span><\/p>\t\t\t\t\t\t\t\t<\/div>\n\t\t\t\t<\/div>\n\t\t\t\t<div class=\"elementor-element elementor-element-34f8f095 elementor-widget-divider--separator-type-pattern elementor-widget-divider--no-spacing elementor-widget-divider--view-line elementor-widget elementor-widget-divider\" data-id=\"34f8f095\" data-element_type=\"widget\" data-e-type=\"widget\" data-widget_type=\"divider.default\">\n\t\t\t\t<div class=\"elementor-widget-container\">\n\t\t\t\t\t\t\t<div class=\"elementor-divider\" style=\"--divider-pattern-url: url(&quot;data:image\/svg+xml,%3Csvg xmlns=&#039;http:\/\/www.w3.org\/2000\/svg&#039; preserveAspectRatio=&#039;xMidYMid meet&#039; overflow=&#039;visible&#039; height=&#039;100%&#039; viewBox=&#039;0 0 126 26&#039; fill=&#039;black&#039; stroke=&#039;none&#039;%3E%3Cpath d=&#039;M46.8,7.8v11.5L36,18.6V7.8H46.8z M82.4,7.8L84,18.6l-12,0.7L70.4,7.8H82.4z M0,7.8l12,0.9v9.9H1.3L0,7.8z M30,7.8v10.8H19L18,7.8H30z M63.7,7.8L66,18.6H54V9.5L63.7,7.8z M89.8,7L102,7.8v10.8H91.2L89.8,7zM108,7.8l12,0.9v8.9l-12,1V7.8z&#039;\/%3E%3C\/svg%3E&quot;);\">\n\t\t\t<span class=\"elementor-divider-separator\">\n\t\t\t\t\t\t<\/span>\n\t\t<\/div>\n\t\t\t\t\t\t<\/div>\n\t\t\t\t<\/div>\n\t\t\t\t\t<\/div>\n\t\t<\/div>\n\t\t\t\t\t<\/div>\n\t\t<\/section>\n\t\t\t\t<\/div>","protected":false},"excerpt":{"rendered":"<p>HumanityHub: Where Cultural Inclusion Meets Economic Empowerment Humanity Hub je usmjeren na rje\u0161avanje izazova ekonomske i dru\u0161tvene integracije s kojima se suo\u010davaju ukrajinske izbjeglice u Hrvatskoj i Italiji. Dru\u0161tvena inovacija proizlazi iz sveobuhvatnog razumijevanja specifi\u010dnih potreba i pote\u0161ko\u0107a s kojima se Ukrajinci i Ukrajinke susre\u0107u. Cilj projekta Humanity Hub je odgovoriti na te izazove putem [&hellip;]<\/p>\n","protected":false},"author":1,"featured_media":0,"parent":157,"menu_order":0,"comment_status":"closed","ping_status":"closed","template":"","meta":{"site-sidebar-layout":"no-sidebar","site-content-layout":"page-builder","ast-site-content-layout":"full-width-container","site-content-style":"default","site-sidebar-style":"default","ast-global-header-display":"","ast-banner-title-visibility":"","ast-main-header-display":"","ast-hfb-above-header-display":"","ast-hfb-below-header-display":"","ast-hfb-mobile-header-display":"","site-post-title":"disabled","ast-breadcrumbs-content":"","ast-featured-img":"disabled","footer-sml-layout":"","ast-disable-related-posts":"","theme-transparent-header-meta":"","adv-header-id-meta":"","stick-header-meta":"","header-above-stick-meta":"","header-main-stick-meta":"","header-below-stick-meta":"","astra-migrate-meta-layouts":"set","ast-page-background-enabled":"default","ast-page-background-meta":{"desktop":{"background-color":"","background-image":"","background-repeat":"repeat","background-position":"center center","background-size":"auto","background-attachment":"scroll","background-type":"","background-media":"","overlay-type":"","overlay-color":"","overlay-opacity":"","overlay-gradient":""},"tablet":{"background-color":"","background-image":"","background-repeat":"repeat","background-position":"center center","background-size":"auto","background-attachment":"scroll","background-type":"","background-media":"","overlay-type":"","overlay-color":"","overlay-opacity":"","overlay-gradient":""},"mobile":{"background-color":"","background-image":"","background-repeat":"repeat","background-position":"center center","background-size":"auto","background-attachment":"scroll","background-type":"","background-media":"","overlay-type":"","overlay-color":"","overlay-opacity":"","overlay-gradient":""}},"ast-content-background-meta":{"desktop":{"background-color":"var(--ast-global-color-5)","background-image":"","background-repeat":"repeat","background-position":"center center","background-size":"auto","background-attachment":"scroll","background-type":"","background-media":"","overlay-type":"","overlay-color":"","overlay-opacity":"","overlay-gradient":""},"tablet":{"background-color":"var(--ast-global-color-5)","background-image":"","background-repeat":"repeat","background-position":"center center","background-size":"auto","background-attachment":"scroll","background-type":"","background-media":"","overlay-type":"","overlay-color":"","overlay-opacity":"","overlay-gradient":""},"mobile":{"background-color":"var(--ast-global-color-5)","background-image":"","background-repeat":"repeat","background-position":"center center","background-size":"auto","background-attachment":"scroll","background-type":"","background-media":"","overlay-type":"","overlay-color":"","overlay-opacity":"","overlay-gradient":""}},"footnotes":""},"class_list":["post-3827","page","type-page","status-publish","hentry"],"yoast_head":"<!-- This site is optimized with the Yoast SEO plugin v27.4 - https:\/\/yoast.com\/product\/yoast-seo-wordpress\/ -->\n<title>HumanityHub - ACT Grupa<\/title>\n<meta name=\"robots\" content=\"index, follow, max-snippet:-1, max-image-preview:large, max-video-preview:-1\" \/>\n<link rel=\"canonical\" href=\"https:\/\/act-grupa.hr\/en\/projekti\/humanityhub\/\" \/>\n<meta property=\"og:locale\" content=\"en_GB\" \/>\n<meta property=\"og:type\" content=\"article\" \/>\n<meta property=\"og:title\" content=\"HumanityHub - ACT Grupa\" \/>\n<meta property=\"og:description\" content=\"HumanityHub: Where Cultural Inclusion Meets Economic Empowerment Humanity Hub je usmjeren na rje\u0161avanje izazova ekonomske i dru\u0161tvene integracije s kojima se suo\u010davaju ukrajinske izbjeglice u Hrvatskoj i Italiji. Dru\u0161tvena inovacija proizlazi iz sveobuhvatnog razumijevanja specifi\u010dnih potreba i pote\u0161ko\u0107a s kojima se Ukrajinci i Ukrajinke susre\u0107u. Cilj projekta Humanity Hub je odgovoriti na te izazove putem [&hellip;]\" \/>\n<meta property=\"og:url\" content=\"https:\/\/act-grupa.hr\/en\/projekti\/humanityhub\/\" \/>\n<meta property=\"og:site_name\" content=\"ACT Grupa\" \/>\n<meta property=\"article:publisher\" content=\"https:\/\/www.facebook.com\/ACTGrupa\" \/>\n<meta property=\"article:modified_time\" content=\"2026-01-09T13:40:45+00:00\" \/>\n<meta property=\"og:image\" content=\"https:\/\/act-grupa.hr\/web\/wp-content\/uploads\/2025\/05\/HumanityHub-logo-proposal.pdf.png\" \/>\n\t<meta property=\"og:image:width\" content=\"1920\" \/>\n\t<meta property=\"og:image:height\" content=\"1080\" \/>\n\t<meta property=\"og:image:type\" content=\"image\/png\" \/>\n<meta name=\"twitter:card\" content=\"summary_large_image\" \/>\n<meta name=\"twitter:label1\" content=\"Estimated reading time\" \/>\n\t<meta name=\"twitter:data1\" content=\"1 minute\" \/>\n<script type=\"application\/ld+json\" class=\"yoast-schema-graph\">{\"@context\":\"https:\\\/\\\/schema.org\",\"@graph\":[{\"@type\":\"WebPage\",\"@id\":\"https:\\\/\\\/act-grupa.hr\\\/projekti\\\/humanityhub\\\/\",\"url\":\"https:\\\/\\\/act-grupa.hr\\\/projekti\\\/humanityhub\\\/\",\"name\":\"HumanityHub - ACT Grupa\",\"isPartOf\":{\"@id\":\"https:\\\/\\\/act-grupa.hr\\\/#website\"},\"primaryImageOfPage\":{\"@id\":\"https:\\\/\\\/act-grupa.hr\\\/projekti\\\/humanityhub\\\/#primaryimage\"},\"image\":{\"@id\":\"https:\\\/\\\/act-grupa.hr\\\/projekti\\\/humanityhub\\\/#primaryimage\"},\"thumbnailUrl\":\"https:\\\/\\\/act-grupa.hr\\\/web\\\/wp-content\\\/uploads\\\/2025\\\/05\\\/HumanityHub-logo-proposal.pdf.png\",\"datePublished\":\"2025-06-10T14:18:55+00:00\",\"dateModified\":\"2026-01-09T13:40:45+00:00\",\"breadcrumb\":{\"@id\":\"https:\\\/\\\/act-grupa.hr\\\/projekti\\\/humanityhub\\\/#breadcrumb\"},\"inLanguage\":\"en-GB\",\"potentialAction\":[{\"@type\":\"ReadAction\",\"target\":[\"https:\\\/\\\/act-grupa.hr\\\/projekti\\\/humanityhub\\\/\"]}]},{\"@type\":\"ImageObject\",\"inLanguage\":\"en-GB\",\"@id\":\"https:\\\/\\\/act-grupa.hr\\\/projekti\\\/humanityhub\\\/#primaryimage\",\"url\":\"https:\\\/\\\/act-grupa.hr\\\/web\\\/wp-content\\\/uploads\\\/2025\\\/05\\\/HumanityHub-logo-proposal.pdf.png\",\"contentUrl\":\"https:\\\/\\\/act-grupa.hr\\\/web\\\/wp-content\\\/uploads\\\/2025\\\/05\\\/HumanityHub-logo-proposal.pdf.png\"},{\"@type\":\"BreadcrumbList\",\"@id\":\"https:\\\/\\\/act-grupa.hr\\\/projekti\\\/humanityhub\\\/#breadcrumb\",\"itemListElement\":[{\"@type\":\"ListItem\",\"position\":1,\"name\":\"Home\",\"item\":\"https:\\\/\\\/act-grupa.hr\\\/\"},{\"@type\":\"ListItem\",\"position\":2,\"name\":\"Projekti\",\"item\":\"https:\\\/\\\/act-grupa.hr\\\/en\\\/projekti\\\/\"},{\"@type\":\"ListItem\",\"position\":3,\"name\":\"HumanityHub\"}]},{\"@type\":\"WebSite\",\"@id\":\"https:\\\/\\\/act-grupa.hr\\\/#website\",\"url\":\"https:\\\/\\\/act-grupa.hr\\\/\",\"name\":\"ACT Grupa\",\"description\":\"Dobri za posao. Dobri za dru\u0161tvo.\",\"publisher\":{\"@id\":\"https:\\\/\\\/act-grupa.hr\\\/#organization\"},\"potentialAction\":[{\"@type\":\"SearchAction\",\"target\":{\"@type\":\"EntryPoint\",\"urlTemplate\":\"https:\\\/\\\/act-grupa.hr\\\/?s={search_term_string}\"},\"query-input\":{\"@type\":\"PropertyValueSpecification\",\"valueRequired\":true,\"valueName\":\"search_term_string\"}}],\"inLanguage\":\"en-GB\"},{\"@type\":\"Organization\",\"@id\":\"https:\\\/\\\/act-grupa.hr\\\/#organization\",\"name\":\"ACT Grupa\",\"url\":\"https:\\\/\\\/act-grupa.hr\\\/\",\"logo\":{\"@type\":\"ImageObject\",\"inLanguage\":\"en-GB\",\"@id\":\"https:\\\/\\\/act-grupa.hr\\\/#\\\/schema\\\/logo\\\/image\\\/\",\"url\":\"https:\\\/\\\/act-grupa.hr\\\/web\\\/wp-content\\\/uploads\\\/2026\\\/01\\\/AG_logo_transparent-scaled.png\",\"contentUrl\":\"https:\\\/\\\/act-grupa.hr\\\/web\\\/wp-content\\\/uploads\\\/2026\\\/01\\\/AG_logo_transparent-scaled.png\",\"width\":2560,\"height\":834,\"caption\":\"ACT Grupa\"},\"image\":{\"@id\":\"https:\\\/\\\/act-grupa.hr\\\/#\\\/schema\\\/logo\\\/image\\\/\"},\"sameAs\":[\"https:\\\/\\\/www.facebook.com\\\/ACTGrupa\",\"https:\\\/\\\/www.instagram.com\\\/actgrupa\\\/\",\"https:\\\/\\\/www.youtube.com\\\/@actgrupa\",\"https:\\\/\\\/www.linkedin.com\\\/company\\\/act-grupa\"]}]}<\/script>\n<!-- \/ Yoast SEO plugin. -->","yoast_head_json":{"title":"HumanityHub - ACT Grupa","robots":{"index":"index","follow":"follow","max-snippet":"max-snippet:-1","max-image-preview":"max-image-preview:large","max-video-preview":"max-video-preview:-1"},"canonical":"https:\/\/act-grupa.hr\/en\/projekti\/humanityhub\/","og_locale":"en_GB","og_type":"article","og_title":"HumanityHub - ACT Grupa","og_description":"HumanityHub: Where Cultural Inclusion Meets Economic Empowerment Humanity Hub je usmjeren na rje\u0161avanje izazova ekonomske i dru\u0161tvene integracije s kojima se suo\u010davaju ukrajinske izbjeglice u Hrvatskoj i Italiji. Dru\u0161tvena inovacija proizlazi iz sveobuhvatnog razumijevanja specifi\u010dnih potreba i pote\u0161ko\u0107a s kojima se Ukrajinci i Ukrajinke susre\u0107u. Cilj projekta Humanity Hub je odgovoriti na te izazove putem [&hellip;]","og_url":"https:\/\/act-grupa.hr\/en\/projekti\/humanityhub\/","og_site_name":"ACT Grupa","article_publisher":"https:\/\/www.facebook.com\/ACTGrupa","article_modified_time":"2026-01-09T13:40:45+00:00","og_image":[{"width":1920,"height":1080,"url":"https:\/\/act-grupa.hr\/web\/wp-content\/uploads\/2025\/05\/HumanityHub-logo-proposal.pdf.png","type":"image\/png"}],"twitter_card":"summary_large_image","twitter_misc":{"Estimated reading time":"1 minute"},"schema":{"@context":"https:\/\/schema.org","@graph":[{"@type":"WebPage","@id":"https:\/\/act-grupa.hr\/projekti\/humanityhub\/","url":"https:\/\/act-grupa.hr\/projekti\/humanityhub\/","name":"HumanityHub - ACT Grupa","isPartOf":{"@id":"https:\/\/act-grupa.hr\/#website"},"primaryImageOfPage":{"@id":"https:\/\/act-grupa.hr\/projekti\/humanityhub\/#primaryimage"},"image":{"@id":"https:\/\/act-grupa.hr\/projekti\/humanityhub\/#primaryimage"},"thumbnailUrl":"https:\/\/act-grupa.hr\/web\/wp-content\/uploads\/2025\/05\/HumanityHub-logo-proposal.pdf.png","datePublished":"2025-06-10T14:18:55+00:00","dateModified":"2026-01-09T13:40:45+00:00","breadcrumb":{"@id":"https:\/\/act-grupa.hr\/projekti\/humanityhub\/#breadcrumb"},"inLanguage":"en-GB","potentialAction":[{"@type":"ReadAction","target":["https:\/\/act-grupa.hr\/projekti\/humanityhub\/"]}]},{"@type":"ImageObject","inLanguage":"en-GB","@id":"https:\/\/act-grupa.hr\/projekti\/humanityhub\/#primaryimage","url":"https:\/\/act-grupa.hr\/web\/wp-content\/uploads\/2025\/05\/HumanityHub-logo-proposal.pdf.png","contentUrl":"https:\/\/act-grupa.hr\/web\/wp-content\/uploads\/2025\/05\/HumanityHub-logo-proposal.pdf.png"},{"@type":"BreadcrumbList","@id":"https:\/\/act-grupa.hr\/projekti\/humanityhub\/#breadcrumb","itemListElement":[{"@type":"ListItem","position":1,"name":"Home","item":"https:\/\/act-grupa.hr\/"},{"@type":"ListItem","position":2,"name":"Projekti","item":"https:\/\/act-grupa.hr\/en\/projekti\/"},{"@type":"ListItem","position":3,"name":"HumanityHub"}]},{"@type":"WebSite","@id":"https:\/\/act-grupa.hr\/#website","url":"https:\/\/act-grupa.hr\/","name":"ACT Grupa","description":"Dobri za posao. Dobri za dru\u0161tvo.","publisher":{"@id":"https:\/\/act-grupa.hr\/#organization"},"potentialAction":[{"@type":"SearchAction","target":{"@type":"EntryPoint","urlTemplate":"https:\/\/act-grupa.hr\/?s={search_term_string}"},"query-input":{"@type":"PropertyValueSpecification","valueRequired":true,"valueName":"search_term_string"}}],"inLanguage":"en-GB"},{"@type":"Organization","@id":"https:\/\/act-grupa.hr\/#organization","name":"ACT Grupa","url":"https:\/\/act-grupa.hr\/","logo":{"@type":"ImageObject","inLanguage":"en-GB","@id":"https:\/\/act-grupa.hr\/#\/schema\/logo\/image\/","url":"https:\/\/act-grupa.hr\/web\/wp-content\/uploads\/2026\/01\/AG_logo_transparent-scaled.png","contentUrl":"https:\/\/act-grupa.hr\/web\/wp-content\/uploads\/2026\/01\/AG_logo_transparent-scaled.png","width":2560,"height":834,"caption":"ACT Grupa"},"image":{"@id":"https:\/\/act-grupa.hr\/#\/schema\/logo\/image\/"},"sameAs":["https:\/\/www.facebook.com\/ACTGrupa","https:\/\/www.instagram.com\/actgrupa\/","https:\/\/www.youtube.com\/@actgrupa","https:\/\/www.linkedin.com\/company\/act-grupa"]}]}},"_links":{"self":[{"href":"https:\/\/act-grupa.hr\/en\/wp-json\/wp\/v2\/pages\/3827","targetHints":{"allow":["GET"]}}],"collection":[{"href":"https:\/\/act-grupa.hr\/en\/wp-json\/wp\/v2\/pages"}],"about":[{"href":"https:\/\/act-grupa.hr\/en\/wp-json\/wp\/v2\/types\/page"}],"author":[{"embeddable":true,"href":"https:\/\/act-grupa.hr\/en\/wp-json\/wp\/v2\/users\/1"}],"replies":[{"embeddable":true,"href":"https:\/\/act-grupa.hr\/en\/wp-json\/wp\/v2\/comments?post=3827"}],"version-history":[{"count":31,"href":"https:\/\/act-grupa.hr\/en\/wp-json\/wp\/v2\/pages\/3827\/revisions"}],"predecessor-version":[{"id":4068,"href":"https:\/\/act-grupa.hr\/en\/wp-json\/wp\/v2\/pages\/3827\/revisions\/4068"}],"up":[{"embeddable":true,"href":"https:\/\/act-grupa.hr\/en\/wp-json\/wp\/v2\/pages\/157"}],"wp:attachment":[{"href":"https:\/\/act-grupa.hr\/en\/wp-json\/wp\/v2\/media?parent=3827"}],"curies":[{"name":"wp","href":"https:\/\/api.w.org\/{rel}","templated":true}]}}