{"id":4038,"date":"2026-01-08T10:44:23","date_gmt":"2026-01-08T10:44:23","guid":{"rendered":"https:\/\/act-grupa.hr\/?page_id=4038"},"modified":"2026-01-08T10:53:57","modified_gmt":"2026-01-08T10:53:57","slug":"impactseed","status":"publish","type":"page","link":"https:\/\/act-grupa.hr\/en\/projekti\/impactseed\/","title":{"rendered":"ImpactSeed"},"content":{"rendered":"<div data-elementor-type=\"wp-page\" data-elementor-id=\"4038\" class=\"elementor elementor-4038\" data-elementor-post-type=\"page\">\n\t\t\t\t\t\t<section class=\"elementor-section elementor-top-section elementor-element elementor-element-78704c74 elementor-reverse-mobile elementor-section-boxed elementor-section-height-default elementor-section-height-default\" data-id=\"78704c74\" data-element_type=\"section\" data-e-type=\"section\" data-settings=\"{&quot;background_background&quot;:&quot;classic&quot;}\">\n\t\t\t\t\t\t\t<div class=\"elementor-background-overlay\"><\/div>\n\t\t\t\t\t\t\t<div class=\"elementor-container elementor-column-gap-default\">\n\t\t\t\t\t<div class=\"elementor-column elementor-col-50 elementor-top-column elementor-element elementor-element-3db7a7a\" data-id=\"3db7a7a\" data-element_type=\"column\" data-e-type=\"column\" data-settings=\"{&quot;background_background&quot;:&quot;classic&quot;}\">\n\t\t\t<div class=\"elementor-widget-wrap elementor-element-populated\">\n\t\t\t\t\t\t<div class=\"elementor-element elementor-element-4ceb476c elementor-widget elementor-widget-image\" data-id=\"4ceb476c\" data-element_type=\"widget\" data-e-type=\"widget\" data-widget_type=\"image.default\">\n\t\t\t\t<div class=\"elementor-widget-container\">\n\t\t\t\t\t\t\t\t\t\t\t\t\t\t\t<img fetchpriority=\"high\" decoding=\"async\" width=\"1000\" height=\"700\" src=\"https:\/\/act-grupa.hr\/web\/wp-content\/uploads\/2026\/01\/ImpactSeed-logo.webp\" class=\"attachment-full size-full wp-image-4040\" alt=\"Impactseed logo\" srcset=\"https:\/\/act-grupa.hr\/web\/wp-content\/uploads\/2026\/01\/ImpactSeed-logo.webp 1000w, https:\/\/act-grupa.hr\/web\/wp-content\/uploads\/2026\/01\/ImpactSeed-logo-300x210.webp 300w, https:\/\/act-grupa.hr\/web\/wp-content\/uploads\/2026\/01\/ImpactSeed-logo-768x538.webp 768w, https:\/\/act-grupa.hr\/web\/wp-content\/uploads\/2026\/01\/ImpactSeed-logo-18x12.webp 18w\" sizes=\"(max-width: 1000px) 100vw, 1000px\" \/>\t\t\t\t\t\t\t\t\t\t\t\t\t\t\t<\/div>\n\t\t\t\t<\/div>\n\t\t\t\t<div class=\"elementor-element elementor-element-a94f1a3 elementor-widget elementor-widget-image\" data-id=\"a94f1a3\" data-element_type=\"widget\" data-e-type=\"widget\" data-widget_type=\"image.default\">\n\t\t\t\t<div class=\"elementor-widget-container\">\n\t\t\t\t\t\t\t\t\t\t\t\t\t\t\t<img decoding=\"async\" width=\"2560\" height=\"571\" src=\"https:\/\/act-grupa.hr\/web\/wp-content\/uploads\/2025\/10\/EN_Co-fundedbytheEU_RGB_POS-scaled.png\" class=\"attachment-full size-full wp-image-3154\" alt=\"Eu sufinanciranje\" srcset=\"https:\/\/act-grupa.hr\/web\/wp-content\/uploads\/2025\/10\/EN_Co-fundedbytheEU_RGB_POS-scaled.png 2560w, https:\/\/act-grupa.hr\/web\/wp-content\/uploads\/2025\/10\/EN_Co-fundedbytheEU_RGB_POS-300x67.png 300w, https:\/\/act-grupa.hr\/web\/wp-content\/uploads\/2025\/10\/EN_Co-fundedbytheEU_RGB_POS-1024x228.png 1024w, https:\/\/act-grupa.hr\/web\/wp-content\/uploads\/2025\/10\/EN_Co-fundedbytheEU_RGB_POS-768x171.png 768w, https:\/\/act-grupa.hr\/web\/wp-content\/uploads\/2025\/10\/EN_Co-fundedbytheEU_RGB_POS-1536x343.png 1536w, https:\/\/act-grupa.hr\/web\/wp-content\/uploads\/2025\/10\/EN_Co-fundedbytheEU_RGB_POS-2048x457.png 2048w, https:\/\/act-grupa.hr\/web\/wp-content\/uploads\/2025\/10\/EN_Co-fundedbytheEU_RGB_POS-18x4.png 18w\" sizes=\"(max-width: 2560px) 100vw, 2560px\" \/>\t\t\t\t\t\t\t\t\t\t\t\t\t\t\t<\/div>\n\t\t\t\t<\/div>\n\t\t\t\t\t<\/div>\n\t\t<\/div>\n\t\t\t\t<div class=\"elementor-column elementor-col-50 elementor-top-column elementor-element elementor-element-320d7261\" data-id=\"320d7261\" data-element_type=\"column\" data-e-type=\"column\" data-settings=\"{&quot;background_background&quot;:&quot;classic&quot;}\">\n\t\t\t<div class=\"elementor-widget-wrap elementor-element-populated\">\n\t\t\t\t\t\t<div class=\"elementor-element elementor-element-49621470 elementor-widget elementor-widget-heading\" data-id=\"49621470\" data-element_type=\"widget\" data-e-type=\"widget\" data-widget_type=\"heading.default\">\n\t\t\t\t<div class=\"elementor-widget-container\">\n\t\t\t\t\t<h2 class=\"elementor-heading-title elementor-size-default\"><p style=\"margin-bottom: 0px;font-style: normal;font-size: 10px;line-height: normal;font-family: Helvetica;white-space: normal\"><br><\/p>ImpactSeed - Cultivating Cross-Border Social Impact Investing in the CEE and beyond<\/h2>\t\t\t\t<\/div>\n\t\t\t\t<\/div>\n\t\t\t\t<div class=\"elementor-element elementor-element-6be7278d elementor-widget elementor-widget-heading\" data-id=\"6be7278d\" data-element_type=\"widget\" data-e-type=\"widget\" data-widget_type=\"heading.default\">\n\t\t\t\t<div class=\"elementor-widget-container\">\n\t\t\t\t\t<h5 class=\"elementor-heading-title elementor-size-default\">Razvoj inovativnog financijskog instrumenta za ja\u010danje tr\u017ei\u0161ta ulaganja s dru\u0161tvenim utjecajem i pove\u0107anje pristupa kapitalu za dru\u0161tvena poduze\u0107a u srednjoj i isto\u010dnoj Europi.<\/h5>\t\t\t\t<\/div>\n\t\t\t\t<\/div>\n\t\t\t\t<div class=\"elementor-element elementor-element-4fa058e5 elementor-widget-divider--separator-type-pattern elementor-widget-divider--no-spacing elementor-widget-divider--view-line elementor-widget elementor-widget-divider\" data-id=\"4fa058e5\" data-element_type=\"widget\" data-e-type=\"widget\" data-widget_type=\"divider.default\">\n\t\t\t\t<div class=\"elementor-widget-container\">\n\t\t\t\t\t\t\t<div class=\"elementor-divider\" style=\"--divider-pattern-url: url(&quot;data:image\/svg+xml,%3Csvg xmlns=&#039;http:\/\/www.w3.org\/2000\/svg&#039; preserveAspectRatio=&#039;xMidYMid meet&#039; overflow=&#039;visible&#039; height=&#039;100%&#039; viewBox=&#039;0 0 126 26&#039; fill=&#039;black&#039; stroke=&#039;none&#039;%3E%3Cpath d=&#039;M46.8,7.8v11.5L36,18.6V7.8H46.8z M82.4,7.8L84,18.6l-12,0.7L70.4,7.8H82.4z M0,7.8l12,0.9v9.9H1.3L0,7.8z M30,7.8v10.8H19L18,7.8H30z M63.7,7.8L66,18.6H54V9.5L63.7,7.8z M89.8,7L102,7.8v10.8H91.2L89.8,7zM108,7.8l12,0.9v8.9l-12,1V7.8z&#039;\/%3E%3C\/svg%3E&quot;);\">\n\t\t\t<span class=\"elementor-divider-separator\">\n\t\t\t\t\t\t<\/span>\n\t\t<\/div>\n\t\t\t\t\t\t<\/div>\n\t\t\t\t<\/div>\n\t\t\t\t<div class=\"elementor-element elementor-element-774b2c6e elementor-widget elementor-widget-text-editor\" data-id=\"774b2c6e\" data-element_type=\"widget\" data-e-type=\"widget\" data-widget_type=\"text-editor.default\">\n\t\t\t\t<div class=\"elementor-widget-container\">\n\t\t\t\t\t\t\t\t\t<p data-start=\"568\" data-end=\"684\"><strong data-start=\"568\" data-end=\"582\">Programme:<\/strong><br data-start=\"582\" data-end=\"585\" \/>ESF-2023-SUPPLY-DEMAND \u2013 Actions to boost the development of finance markets for social enterprises<\/p><p data-start=\"686\" data-end=\"754\"><strong data-start=\"686\" data-end=\"702\">Co-financed by:<\/strong><br data-start=\"702\" data-end=\"705\" \/>Europska unija kroz Europski socijalni fond (ESF)<\/p><p data-start=\"836\" data-end=\"918\"><strong data-start=\"836\" data-end=\"849\">Partners:<br \/><\/strong><span style=\"font-size: 16px;\">Impact Europe, Euclid Network, FeelsGood Capital, ACT Grupa, FUND2740<\/span><\/p><p data-start=\"836\" data-end=\"918\"><strong data-start=\"1270\" data-end=\"1297\">Ukupna potpora iz ESF-a:<\/strong><br data-start=\"1297\" data-end=\"1300\" \/>399.524,26 \u20ac<\/p><p data-start=\"1314\" data-end=\"1340\"><strong data-start=\"1314\" data-end=\"1327\">Duration:<\/strong><br data-start=\"1327\" data-end=\"1330\" \/>Sije\u010dan 2025. &#8211; prosinac 2027.<\/p><p data-start=\"1342\" data-end=\"1356\"><strong data-start=\"1342\" data-end=\"1354\">Opis projekta:<br \/><\/strong>Projekt ImpactSeed usmjeren je na razvoj novog financijskog instrumenta za dru\u0161tvena poduze\u0107a u Hrvatskoj i Sloveniji, uz postupno \u0161irenje na zemlje srednje i isto\u010dne Europe te zapadnog Balkana. Projekt odgovara na prepoznati manjak prilago\u0111enih financijskih instrumenata za dru\u0161tvena poduze\u0107a, posebno u rasponu manjih ulaganja, te na nedostatak prekograni\u010dne suradnje izme\u0111u investitora i aktera dru\u0161tvene ekonomije.<\/p><p data-start=\"1778\" data-end=\"2169\">Kroz kombinaciju ulaganja s dru\u0161tvenim utjecajem i modela sufinanciranja, projekt ja\u010da ponudu kapitala, ali i potra\u017enju, kroz sustavne aktivnosti izgradnje kapaciteta dru\u0161tvenih poduze\u0107a. Poseban naglasak stavljen je na me\u0111usobno u\u010denje i razmjenu znanja izme\u0111u investitora, dru\u0161tvenih poduze\u0107a i organizacija za podr\u0161ku, \u010dime se smanjuje jaz izme\u0111u financijskog sektora i dru\u0161tvene ekonomije.<\/p><p data-start=\"2171\" data-end=\"2469\">U prvoj fazi projekta provodi se analiza tr\u017ei\u0161ta, razvoj strukture fonda, strategije i pravnog okvira te mapiranje potencijalnih ulaganja. U drugoj fazi projekt se \u0161iri na \u0161iru CEE regiju, oslanjaju\u0107i se na ste\u010dena znanja i testirane modele, uz ja\u010danje regionalne suradnje i prijenos dobrih praksi<\/p>\t\t\t\t\t\t\t\t<\/div>\n\t\t\t\t<\/div>\n\t\t\t\t<div class=\"elementor-element elementor-element-75a942fa elementor-widget-divider--separator-type-pattern elementor-widget-divider--no-spacing elementor-widget-divider--view-line elementor-widget elementor-widget-divider\" data-id=\"75a942fa\" data-element_type=\"widget\" data-e-type=\"widget\" data-widget_type=\"divider.default\">\n\t\t\t\t<div class=\"elementor-widget-container\">\n\t\t\t\t\t\t\t<div class=\"elementor-divider\" style=\"--divider-pattern-url: url(&quot;data:image\/svg+xml,%3Csvg xmlns=&#039;http:\/\/www.w3.org\/2000\/svg&#039; preserveAspectRatio=&#039;xMidYMid meet&#039; overflow=&#039;visible&#039; height=&#039;100%&#039; viewBox=&#039;0 0 126 26&#039; fill=&#039;black&#039; stroke=&#039;none&#039;%3E%3Cpath d=&#039;M46.8,7.8v11.5L36,18.6V7.8H46.8z M82.4,7.8L84,18.6l-12,0.7L70.4,7.8H82.4z M0,7.8l12,0.9v9.9H1.3L0,7.8z M30,7.8v10.8H19L18,7.8H30z M63.7,7.8L66,18.6H54V9.5L63.7,7.8z M89.8,7L102,7.8v10.8H91.2L89.8,7zM108,7.8l12,0.9v8.9l-12,1V7.8z&#039;\/%3E%3C\/svg%3E&quot;);\">\n\t\t\t<span class=\"elementor-divider-separator\">\n\t\t\t\t\t\t<\/span>\n\t\t<\/div>\n\t\t\t\t\t\t<\/div>\n\t\t\t\t<\/div>\n\t\t\t\t\t<\/div>\n\t\t<\/div>\n\t\t\t\t\t<\/div>\n\t\t<\/section>\n\t\t\t\t<\/div>","protected":false},"excerpt":{"rendered":"<p>ImpactSeed &#8211; Cultivating Cross-Border Social Impact Investing in the CEE and beyond Razvoj inovativnog financijskog instrumenta za ja\u010danje tr\u017ei\u0161ta ulaganja s dru\u0161tvenim utjecajem i pove\u0107anje pristupa kapitalu za dru\u0161tvena poduze\u0107a u srednjoj i isto\u010dnoj Europi. Program:ESF-2023-SUPPLY-DEMAND \u2013 Actions to boost the development of finance markets for social enterprises Financira:Europska unija kroz Europski socijalni fond (ESF) [&hellip;]<\/p>\n","protected":false},"author":1,"featured_media":4040,"parent":157,"menu_order":0,"comment_status":"closed","ping_status":"closed","template":"","meta":{"site-sidebar-layout":"no-sidebar","site-content-layout":"page-builder","ast-site-content-layout":"full-width-container","site-content-style":"default","site-sidebar-style":"default","ast-global-header-display":"","ast-banner-title-visibility":"","ast-main-header-display":"","ast-hfb-above-header-display":"","ast-hfb-below-header-display":"","ast-hfb-mobile-header-display":"","site-post-title":"disabled","ast-breadcrumbs-content":"","ast-featured-img":"disabled","footer-sml-layout":"","ast-disable-related-posts":"","theme-transparent-header-meta":"","adv-header-id-meta":"","stick-header-meta":"","header-above-stick-meta":"","header-main-stick-meta":"","header-below-stick-meta":"","astra-migrate-meta-layouts":"set","ast-page-background-enabled":"default","ast-page-background-meta":{"desktop":{"background-color":"","background-image":"","background-repeat":"repeat","background-position":"center center","background-size":"auto","background-attachment":"scroll","background-type":"","background-media":"","overlay-type":"","overlay-color":"","overlay-opacity":"","overlay-gradient":""},"tablet":{"background-color":"","background-image":"","background-repeat":"repeat","background-position":"center center","background-size":"auto","background-attachment":"scroll","background-type":"","background-media":"","overlay-type":"","overlay-color":"","overlay-opacity":"","overlay-gradient":""},"mobile":{"background-color":"","background-image":"","background-repeat":"repeat","background-position":"center center","background-size":"auto","background-attachment":"scroll","background-type":"","background-media":"","overlay-type":"","overlay-color":"","overlay-opacity":"","overlay-gradient":""}},"ast-content-background-meta":{"desktop":{"background-color":"var(--ast-global-color-5)","background-image":"","background-repeat":"repeat","background-position":"center center","background-size":"auto","background-attachment":"scroll","background-type":"","background-media":"","overlay-type":"","overlay-color":"","overlay-opacity":"","overlay-gradient":""},"tablet":{"background-color":"var(--ast-global-color-5)","background-image":"","background-repeat":"repeat","background-position":"center center","background-size":"auto","background-attachment":"scroll","background-type":"","background-media":"","overlay-type":"","overlay-color":"","overlay-opacity":"","overlay-gradient":""},"mobile":{"background-color":"var(--ast-global-color-5)","background-image":"","background-repeat":"repeat","background-position":"center center","background-size":"auto","background-attachment":"scroll","background-type":"","background-media":"","overlay-type":"","overlay-color":"","overlay-opacity":"","overlay-gradient":""}},"footnotes":""},"class_list":["post-4038","page","type-page","status-publish","has-post-thumbnail","hentry"],"yoast_head":"<!-- This site is optimized with the Yoast SEO plugin v27.4 - https:\/\/yoast.com\/product\/yoast-seo-wordpress\/ -->\n<title>ImpactSeed - ACT Grupa<\/title>\n<meta name=\"robots\" content=\"index, follow, max-snippet:-1, max-image-preview:large, max-video-preview:-1\" \/>\n<link rel=\"canonical\" href=\"https:\/\/act-grupa.hr\/en\/projekti\/impactseed\/\" \/>\n<meta property=\"og:locale\" content=\"en_GB\" \/>\n<meta property=\"og:type\" content=\"article\" \/>\n<meta property=\"og:title\" content=\"ImpactSeed - ACT Grupa\" \/>\n<meta property=\"og:description\" content=\"ImpactSeed &#8211; Cultivating Cross-Border Social Impact Investing in the CEE and beyond Razvoj inovativnog financijskog instrumenta za ja\u010danje tr\u017ei\u0161ta ulaganja s dru\u0161tvenim utjecajem i pove\u0107anje pristupa kapitalu za dru\u0161tvena poduze\u0107a u srednjoj i isto\u010dnoj Europi. Program:ESF-2023-SUPPLY-DEMAND \u2013 Actions to boost the development of finance markets for social enterprises Financira:Europska unija kroz Europski socijalni fond (ESF) [&hellip;]\" \/>\n<meta property=\"og:url\" content=\"https:\/\/act-grupa.hr\/en\/projekti\/impactseed\/\" \/>\n<meta property=\"og:site_name\" content=\"ACT Grupa\" \/>\n<meta property=\"article:publisher\" content=\"https:\/\/www.facebook.com\/ACTGrupa\" \/>\n<meta property=\"article:modified_time\" content=\"2026-01-08T10:53:57+00:00\" \/>\n<meta property=\"og:image\" content=\"https:\/\/act-grupa.hr\/web\/wp-content\/uploads\/2026\/01\/ImpactSeed-logo.webp\" \/>\n\t<meta property=\"og:image:width\" content=\"1000\" \/>\n\t<meta property=\"og:image:height\" content=\"700\" \/>\n\t<meta property=\"og:image:type\" content=\"image\/webp\" \/>\n<meta name=\"twitter:card\" content=\"summary_large_image\" \/>\n<meta name=\"twitter:label1\" content=\"Estimated reading time\" \/>\n\t<meta name=\"twitter:data1\" content=\"1 minute\" \/>\n<script type=\"application\/ld+json\" class=\"yoast-schema-graph\">{\"@context\":\"https:\\\/\\\/schema.org\",\"@graph\":[{\"@type\":\"WebPage\",\"@id\":\"https:\\\/\\\/act-grupa.hr\\\/projekti\\\/impactseed\\\/\",\"url\":\"https:\\\/\\\/act-grupa.hr\\\/projekti\\\/impactseed\\\/\",\"name\":\"ImpactSeed - ACT Grupa\",\"isPartOf\":{\"@id\":\"https:\\\/\\\/act-grupa.hr\\\/#website\"},\"primaryImageOfPage\":{\"@id\":\"https:\\\/\\\/act-grupa.hr\\\/projekti\\\/impactseed\\\/#primaryimage\"},\"image\":{\"@id\":\"https:\\\/\\\/act-grupa.hr\\\/projekti\\\/impactseed\\\/#primaryimage\"},\"thumbnailUrl\":\"https:\\\/\\\/act-grupa.hr\\\/web\\\/wp-content\\\/uploads\\\/2026\\\/01\\\/ImpactSeed-logo.webp\",\"datePublished\":\"2026-01-08T10:44:23+00:00\",\"dateModified\":\"2026-01-08T10:53:57+00:00\",\"breadcrumb\":{\"@id\":\"https:\\\/\\\/act-grupa.hr\\\/projekti\\\/impactseed\\\/#breadcrumb\"},\"inLanguage\":\"en-GB\",\"potentialAction\":[{\"@type\":\"ReadAction\",\"target\":[\"https:\\\/\\\/act-grupa.hr\\\/projekti\\\/impactseed\\\/\"]}]},{\"@type\":\"ImageObject\",\"inLanguage\":\"en-GB\",\"@id\":\"https:\\\/\\\/act-grupa.hr\\\/projekti\\\/impactseed\\\/#primaryimage\",\"url\":\"https:\\\/\\\/act-grupa.hr\\\/web\\\/wp-content\\\/uploads\\\/2026\\\/01\\\/ImpactSeed-logo.webp\",\"contentUrl\":\"https:\\\/\\\/act-grupa.hr\\\/web\\\/wp-content\\\/uploads\\\/2026\\\/01\\\/ImpactSeed-logo.webp\",\"width\":1000,\"height\":700,\"caption\":\"Impactseed logo\"},{\"@type\":\"BreadcrumbList\",\"@id\":\"https:\\\/\\\/act-grupa.hr\\\/projekti\\\/impactseed\\\/#breadcrumb\",\"itemListElement\":[{\"@type\":\"ListItem\",\"position\":1,\"name\":\"Home\",\"item\":\"https:\\\/\\\/act-grupa.hr\\\/\"},{\"@type\":\"ListItem\",\"position\":2,\"name\":\"Projekti\",\"item\":\"https:\\\/\\\/act-grupa.hr\\\/en\\\/projekti\\\/\"},{\"@type\":\"ListItem\",\"position\":3,\"name\":\"ImpactSeed\"}]},{\"@type\":\"WebSite\",\"@id\":\"https:\\\/\\\/act-grupa.hr\\\/#website\",\"url\":\"https:\\\/\\\/act-grupa.hr\\\/\",\"name\":\"ACT Grupa\",\"description\":\"Dobri za posao. Dobri za dru\u0161tvo.\",\"publisher\":{\"@id\":\"https:\\\/\\\/act-grupa.hr\\\/#organization\"},\"potentialAction\":[{\"@type\":\"SearchAction\",\"target\":{\"@type\":\"EntryPoint\",\"urlTemplate\":\"https:\\\/\\\/act-grupa.hr\\\/?s={search_term_string}\"},\"query-input\":{\"@type\":\"PropertyValueSpecification\",\"valueRequired\":true,\"valueName\":\"search_term_string\"}}],\"inLanguage\":\"en-GB\"},{\"@type\":\"Organization\",\"@id\":\"https:\\\/\\\/act-grupa.hr\\\/#organization\",\"name\":\"ACT Grupa\",\"url\":\"https:\\\/\\\/act-grupa.hr\\\/\",\"logo\":{\"@type\":\"ImageObject\",\"inLanguage\":\"en-GB\",\"@id\":\"https:\\\/\\\/act-grupa.hr\\\/#\\\/schema\\\/logo\\\/image\\\/\",\"url\":\"https:\\\/\\\/act-grupa.hr\\\/web\\\/wp-content\\\/uploads\\\/2026\\\/01\\\/AG_logo_transparent-scaled.png\",\"contentUrl\":\"https:\\\/\\\/act-grupa.hr\\\/web\\\/wp-content\\\/uploads\\\/2026\\\/01\\\/AG_logo_transparent-scaled.png\",\"width\":2560,\"height\":834,\"caption\":\"ACT Grupa\"},\"image\":{\"@id\":\"https:\\\/\\\/act-grupa.hr\\\/#\\\/schema\\\/logo\\\/image\\\/\"},\"sameAs\":[\"https:\\\/\\\/www.facebook.com\\\/ACTGrupa\",\"https:\\\/\\\/www.instagram.com\\\/actgrupa\\\/\",\"https:\\\/\\\/www.youtube.com\\\/@actgrupa\",\"https:\\\/\\\/www.linkedin.com\\\/company\\\/act-grupa\"]}]}<\/script>\n<!-- \/ Yoast SEO plugin. -->","yoast_head_json":{"title":"ImpactSeed - ACT Grupa","robots":{"index":"index","follow":"follow","max-snippet":"max-snippet:-1","max-image-preview":"max-image-preview:large","max-video-preview":"max-video-preview:-1"},"canonical":"https:\/\/act-grupa.hr\/en\/projekti\/impactseed\/","og_locale":"en_GB","og_type":"article","og_title":"ImpactSeed - ACT Grupa","og_description":"ImpactSeed &#8211; Cultivating Cross-Border Social Impact Investing in the CEE and beyond Razvoj inovativnog financijskog instrumenta za ja\u010danje tr\u017ei\u0161ta ulaganja s dru\u0161tvenim utjecajem i pove\u0107anje pristupa kapitalu za dru\u0161tvena poduze\u0107a u srednjoj i isto\u010dnoj Europi. Program:ESF-2023-SUPPLY-DEMAND \u2013 Actions to boost the development of finance markets for social enterprises Financira:Europska unija kroz Europski socijalni fond (ESF) [&hellip;]","og_url":"https:\/\/act-grupa.hr\/en\/projekti\/impactseed\/","og_site_name":"ACT Grupa","article_publisher":"https:\/\/www.facebook.com\/ACTGrupa","article_modified_time":"2026-01-08T10:53:57+00:00","og_image":[{"width":1000,"height":700,"url":"https:\/\/act-grupa.hr\/web\/wp-content\/uploads\/2026\/01\/ImpactSeed-logo.webp","type":"image\/webp"}],"twitter_card":"summary_large_image","twitter_misc":{"Estimated reading time":"1 minute"},"schema":{"@context":"https:\/\/schema.org","@graph":[{"@type":"WebPage","@id":"https:\/\/act-grupa.hr\/projekti\/impactseed\/","url":"https:\/\/act-grupa.hr\/projekti\/impactseed\/","name":"ImpactSeed - ACT Grupa","isPartOf":{"@id":"https:\/\/act-grupa.hr\/#website"},"primaryImageOfPage":{"@id":"https:\/\/act-grupa.hr\/projekti\/impactseed\/#primaryimage"},"image":{"@id":"https:\/\/act-grupa.hr\/projekti\/impactseed\/#primaryimage"},"thumbnailUrl":"https:\/\/act-grupa.hr\/web\/wp-content\/uploads\/2026\/01\/ImpactSeed-logo.webp","datePublished":"2026-01-08T10:44:23+00:00","dateModified":"2026-01-08T10:53:57+00:00","breadcrumb":{"@id":"https:\/\/act-grupa.hr\/projekti\/impactseed\/#breadcrumb"},"inLanguage":"en-GB","potentialAction":[{"@type":"ReadAction","target":["https:\/\/act-grupa.hr\/projekti\/impactseed\/"]}]},{"@type":"ImageObject","inLanguage":"en-GB","@id":"https:\/\/act-grupa.hr\/projekti\/impactseed\/#primaryimage","url":"https:\/\/act-grupa.hr\/web\/wp-content\/uploads\/2026\/01\/ImpactSeed-logo.webp","contentUrl":"https:\/\/act-grupa.hr\/web\/wp-content\/uploads\/2026\/01\/ImpactSeed-logo.webp","width":1000,"height":700,"caption":"Impactseed logo"},{"@type":"BreadcrumbList","@id":"https:\/\/act-grupa.hr\/projekti\/impactseed\/#breadcrumb","itemListElement":[{"@type":"ListItem","position":1,"name":"Home","item":"https:\/\/act-grupa.hr\/"},{"@type":"ListItem","position":2,"name":"Projekti","item":"https:\/\/act-grupa.hr\/en\/projekti\/"},{"@type":"ListItem","position":3,"name":"ImpactSeed"}]},{"@type":"WebSite","@id":"https:\/\/act-grupa.hr\/#website","url":"https:\/\/act-grupa.hr\/","name":"ACT Grupa","description":"Dobri za posao. Dobri za dru\u0161tvo.","publisher":{"@id":"https:\/\/act-grupa.hr\/#organization"},"potentialAction":[{"@type":"SearchAction","target":{"@type":"EntryPoint","urlTemplate":"https:\/\/act-grupa.hr\/?s={search_term_string}"},"query-input":{"@type":"PropertyValueSpecification","valueRequired":true,"valueName":"search_term_string"}}],"inLanguage":"en-GB"},{"@type":"Organization","@id":"https:\/\/act-grupa.hr\/#organization","name":"ACT Grupa","url":"https:\/\/act-grupa.hr\/","logo":{"@type":"ImageObject","inLanguage":"en-GB","@id":"https:\/\/act-grupa.hr\/#\/schema\/logo\/image\/","url":"https:\/\/act-grupa.hr\/web\/wp-content\/uploads\/2026\/01\/AG_logo_transparent-scaled.png","contentUrl":"https:\/\/act-grupa.hr\/web\/wp-content\/uploads\/2026\/01\/AG_logo_transparent-scaled.png","width":2560,"height":834,"caption":"ACT Grupa"},"image":{"@id":"https:\/\/act-grupa.hr\/#\/schema\/logo\/image\/"},"sameAs":["https:\/\/www.facebook.com\/ACTGrupa","https:\/\/www.instagram.com\/actgrupa\/","https:\/\/www.youtube.com\/@actgrupa","https:\/\/www.linkedin.com\/company\/act-grupa"]}]}},"_links":{"self":[{"href":"https:\/\/act-grupa.hr\/en\/wp-json\/wp\/v2\/pages\/4038","targetHints":{"allow":["GET"]}}],"collection":[{"href":"https:\/\/act-grupa.hr\/en\/wp-json\/wp\/v2\/pages"}],"about":[{"href":"https:\/\/act-grupa.hr\/en\/wp-json\/wp\/v2\/types\/page"}],"author":[{"embeddable":true,"href":"https:\/\/act-grupa.hr\/en\/wp-json\/wp\/v2\/users\/1"}],"replies":[{"embeddable":true,"href":"https:\/\/act-grupa.hr\/en\/wp-json\/wp\/v2\/comments?post=4038"}],"version-history":[{"count":16,"href":"https:\/\/act-grupa.hr\/en\/wp-json\/wp\/v2\/pages\/4038\/revisions"}],"predecessor-version":[{"id":4060,"href":"https:\/\/act-grupa.hr\/en\/wp-json\/wp\/v2\/pages\/4038\/revisions\/4060"}],"up":[{"embeddable":true,"href":"https:\/\/act-grupa.hr\/en\/wp-json\/wp\/v2\/pages\/157"}],"wp:featuredmedia":[{"embeddable":true,"href":"https:\/\/act-grupa.hr\/en\/wp-json\/wp\/v2\/media\/4040"}],"wp:attachment":[{"href":"https:\/\/act-grupa.hr\/en\/wp-json\/wp\/v2\/media?parent=4038"}],"curies":[{"name":"wp","href":"https:\/\/api.w.org\/{rel}","templated":true}]}}