{"id":4100,"date":"2026-03-13T11:53:24","date_gmt":"2026-03-13T11:53:24","guid":{"rendered":"https:\/\/act-grupa.hr\/?page_id=4100"},"modified":"2026-03-13T12:54:41","modified_gmt":"2026-03-13T12:54:41","slug":"snap-strengthening-knowledge-and-participation","status":"publish","type":"page","link":"https:\/\/act-grupa.hr\/en\/projekti\/snap-strengthening-knowledge-and-participation\/","title":{"rendered":"SNAP (Strengthening, Knowledge and Participation)"},"content":{"rendered":"<div data-elementor-type=\"wp-page\" data-elementor-id=\"4100\" class=\"elementor elementor-4100\" data-elementor-post-type=\"page\">\n\t\t\t\t\t\t<section class=\"elementor-section elementor-top-section elementor-element elementor-element-1d6dbae0 elementor-reverse-mobile elementor-section-boxed elementor-section-height-default elementor-section-height-default\" data-id=\"1d6dbae0\" data-element_type=\"section\" data-e-type=\"section\" data-settings=\"{&quot;background_background&quot;:&quot;classic&quot;}\">\n\t\t\t\t\t\t\t<div class=\"elementor-background-overlay\"><\/div>\n\t\t\t\t\t\t\t<div class=\"elementor-container elementor-column-gap-default\">\n\t\t\t\t\t<div class=\"elementor-column elementor-col-50 elementor-top-column elementor-element elementor-element-30018012\" data-id=\"30018012\" data-element_type=\"column\" data-e-type=\"column\" data-settings=\"{&quot;background_background&quot;:&quot;classic&quot;}\">\n\t\t\t<div class=\"elementor-widget-wrap elementor-element-populated\">\n\t\t\t\t\t\t<div class=\"elementor-element elementor-element-4d8e5120 elementor-widget elementor-widget-spacer\" data-id=\"4d8e5120\" data-element_type=\"widget\" data-e-type=\"widget\" data-widget_type=\"spacer.default\">\n\t\t\t\t<div class=\"elementor-widget-container\">\n\t\t\t\t\t\t\t<div class=\"elementor-spacer\">\n\t\t\t<div class=\"elementor-spacer-inner\"><\/div>\n\t\t<\/div>\n\t\t\t\t\t\t<\/div>\n\t\t\t\t<\/div>\n\t\t\t\t<div class=\"elementor-element elementor-element-39a8cee2 elementor-widget elementor-widget-image\" data-id=\"39a8cee2\" data-element_type=\"widget\" data-e-type=\"widget\" data-widget_type=\"image.default\">\n\t\t\t\t<div class=\"elementor-widget-container\">\n\t\t\t\t\t\t\t\t\t\t\t\t\t\t\t<img fetchpriority=\"high\" decoding=\"async\" width=\"1200\" height=\"1200\" src=\"https:\/\/act-grupa.hr\/web\/wp-content\/uploads\/2026\/03\/S-1200x1200-1.jpg\" class=\"attachment-full size-full wp-image-4101\" alt=\"SNAP Strengthening, Knowledge And Participation\" srcset=\"https:\/\/act-grupa.hr\/web\/wp-content\/uploads\/2026\/03\/S-1200x1200-1.jpg 1200w, https:\/\/act-grupa.hr\/web\/wp-content\/uploads\/2026\/03\/S-1200x1200-1-300x300.jpg 300w, https:\/\/act-grupa.hr\/web\/wp-content\/uploads\/2026\/03\/S-1200x1200-1-1024x1024.jpg 1024w, https:\/\/act-grupa.hr\/web\/wp-content\/uploads\/2026\/03\/S-1200x1200-1-150x150.jpg 150w, https:\/\/act-grupa.hr\/web\/wp-content\/uploads\/2026\/03\/S-1200x1200-1-768x768.jpg 768w, https:\/\/act-grupa.hr\/web\/wp-content\/uploads\/2026\/03\/S-1200x1200-1-12x12.jpg 12w\" sizes=\"(max-width: 1200px) 100vw, 1200px\" \/>\t\t\t\t\t\t\t\t\t\t\t\t\t\t\t<\/div>\n\t\t\t\t<\/div>\n\t\t\t\t<div class=\"elementor-element elementor-element-1910b7ab elementor-widget elementor-widget-image\" data-id=\"1910b7ab\" data-element_type=\"widget\" data-e-type=\"widget\" data-widget_type=\"image.default\">\n\t\t\t\t<div class=\"elementor-widget-container\">\n\t\t\t\t\t\t\t\t\t\t\t\t\t\t\t<img decoding=\"async\" width=\"884\" height=\"272\" src=\"https:\/\/act-grupa.hr\/web\/wp-content\/uploads\/2026\/03\/snap-donatori.webp\" class=\"attachment-full size-full wp-image-4104\" alt=\"SNAP donatori\" srcset=\"https:\/\/act-grupa.hr\/web\/wp-content\/uploads\/2026\/03\/snap-donatori.webp 884w, https:\/\/act-grupa.hr\/web\/wp-content\/uploads\/2026\/03\/snap-donatori-300x92.webp 300w, https:\/\/act-grupa.hr\/web\/wp-content\/uploads\/2026\/03\/snap-donatori-768x236.webp 768w, https:\/\/act-grupa.hr\/web\/wp-content\/uploads\/2026\/03\/snap-donatori-18x6.webp 18w\" sizes=\"(max-width: 884px) 100vw, 884px\" \/>\t\t\t\t\t\t\t\t\t\t\t\t\t\t\t<\/div>\n\t\t\t\t<\/div>\n\t\t\t\t\t<\/div>\n\t\t<\/div>\n\t\t\t\t<div class=\"elementor-column elementor-col-50 elementor-top-column elementor-element elementor-element-66e0a87b\" data-id=\"66e0a87b\" data-element_type=\"column\" data-e-type=\"column\" data-settings=\"{&quot;background_background&quot;:&quot;classic&quot;}\">\n\t\t\t<div class=\"elementor-widget-wrap elementor-element-populated\">\n\t\t\t\t\t\t<div class=\"elementor-element elementor-element-209456ee elementor-widget elementor-widget-heading\" data-id=\"209456ee\" data-element_type=\"widget\" data-e-type=\"widget\" data-widget_type=\"heading.default\">\n\t\t\t\t<div class=\"elementor-widget-container\">\n\t\t\t\t\t<h2 class=\"elementor-heading-title elementor-size-default\">SNAP (Strengthening, Knowledge And Participation)\n<\/h2>\t\t\t\t<\/div>\n\t\t\t\t<\/div>\n\t\t\t\t<div class=\"elementor-element elementor-element-5774c2c elementor-widget elementor-widget-heading\" data-id=\"5774c2c\" data-element_type=\"widget\" data-e-type=\"widget\" data-widget_type=\"heading.default\">\n\t\t\t\t<div class=\"elementor-widget-container\">\n\t\t\t\t\t<h5 class=\"elementor-heading-title elementor-size-default\">Ja\u010danje civilnog dru\u0161tva: razmjena znanja i poticanje sudjelovanja<\/h5>\t\t\t\t<\/div>\n\t\t\t\t<\/div>\n\t\t\t\t<div class=\"elementor-element elementor-element-13005004 elementor-widget-divider--separator-type-pattern elementor-widget-divider--no-spacing elementor-widget-divider--view-line elementor-widget elementor-widget-divider\" data-id=\"13005004\" data-element_type=\"widget\" data-e-type=\"widget\" data-widget_type=\"divider.default\">\n\t\t\t\t<div class=\"elementor-widget-container\">\n\t\t\t\t\t\t\t<div class=\"elementor-divider\" style=\"--divider-pattern-url: url(&quot;data:image\/svg+xml,%3Csvg xmlns=&#039;http:\/\/www.w3.org\/2000\/svg&#039; preserveAspectRatio=&#039;xMidYMid meet&#039; overflow=&#039;visible&#039; height=&#039;100%&#039; viewBox=&#039;0 0 126 26&#039; fill=&#039;black&#039; stroke=&#039;none&#039;%3E%3Cpath d=&#039;M46.8,7.8v11.5L36,18.6V7.8H46.8z M82.4,7.8L84,18.6l-12,0.7L70.4,7.8H82.4z M0,7.8l12,0.9v9.9H1.3L0,7.8z M30,7.8v10.8H19L18,7.8H30z M63.7,7.8L66,18.6H54V9.5L63.7,7.8z M89.8,7L102,7.8v10.8H91.2L89.8,7zM108,7.8l12,0.9v8.9l-12,1V7.8z&#039;\/%3E%3C\/svg%3E&quot;);\">\n\t\t\t<span class=\"elementor-divider-separator\">\n\t\t\t\t\t\t<\/span>\n\t\t<\/div>\n\t\t\t\t\t\t<\/div>\n\t\t\t\t<\/div>\n\t\t\t\t<div class=\"elementor-element elementor-element-4e7feec9 elementor-widget elementor-widget-text-editor\" data-id=\"4e7feec9\" data-element_type=\"widget\" data-e-type=\"widget\" data-widget_type=\"text-editor.default\">\n\t\t\t\t<div class=\"elementor-widget-container\">\n\t\t\t\t\t\t\t\t\t<p>Projekt se bavi ja\u010danjem civilnog dru\u0161tva pru\u017eanjem boljeg pristupa informacijama o zdravlju i socijalnim pitanjima za ranjive skupine \u2013 posebno na otoku Lastovu u Hrvatskoj \u2013 kroz obrazovanje i osposobljavanje. Razvijaju se kapaciteti i vje\u0161tine kako bi se potaknulo sudjelovanje i uklju\u010divanje te pobolj\u0161ao pristup informacijama vezanim uz skrb. Tako\u0111er se podupire dijalog o socijalnoj pravdi i zdravstvenoj skrbi, a posebna se pozornost posve\u0107uje ja\u010danju digitalnih vje\u0161tina.<\/p><p><strong>Cilj projekta<\/strong><br \/>Glavni cilj projekta je oja\u010dati civilno dru\u0161tvo kroz izgradnju kapaciteta i vje\u0161tina, osobito za ranjive skupine na otoku Lastovu.<\/p><p>Mjere uklju\u010duju:<\/p><ul><li>Te\u010dajeve, seminare i radionice o zdravstvenim i socijalnim temama.<\/li><li>Promicanje digitalnih vje\u0161tina kako bi se omogu\u0107ilo sudjelovanje u online uslugama.<\/li><li>Pobolj\u0161anje pristupa informacijama vezanim uz skrb i socijalne usluge.<\/li><li>Poticanje dijaloga o socijalnoj pravdi i zdravstvenoj skrbi.<\/li><li>Razvoj prenosivog koncepta edukacije koji se mo\u017ee primijeniti u drugim strukturno slabijim regijama.<\/li><\/ul><p>Projekt je usmjeren na odr\u017eiv utjecaj, integraciju u lokalne strukture te prijenos rezultata u druge regije.<\/p><p><b>Partneri<\/b>:\u00a0Diakonie Baden (vode\u0107i partner), VAL Lastovo, ACT Grupa<\/p><p><strong>Duration: <\/strong><span style=\"font-size: 16px;\">1. o\u017eujka 2026. &#8211; <\/span><span style=\"font-size: 16px;\">\u00a028. velja\u010de 2027.<\/span><\/p><p><strong>Prora\u010dun:<\/strong> 49.764,51 \u20ac<\/p><p><strong>Suinanciranje<\/strong>: <span style=\"font-size: 16px;\">Perspective Danube \u2013 komponenta B, <\/span><span style=\"font-size: 16px;\">Zaklada Baden-W\u00fcrttemberg<\/span><\/p>\t\t\t\t\t\t\t\t<\/div>\n\t\t\t\t<\/div>\n\t\t\t\t<div class=\"elementor-element elementor-element-21f3b723 elementor-widget__width-initial elementor-widget-divider--separator-type-pattern elementor-widget-divider--no-spacing elementor-widget-divider--view-line elementor-widget elementor-widget-divider\" data-id=\"21f3b723\" data-element_type=\"widget\" data-e-type=\"widget\" data-widget_type=\"divider.default\">\n\t\t\t\t<div class=\"elementor-widget-container\">\n\t\t\t\t\t\t\t<div class=\"elementor-divider\" style=\"--divider-pattern-url: url(&quot;data:image\/svg+xml,%3Csvg xmlns=&#039;http:\/\/www.w3.org\/2000\/svg&#039; preserveAspectRatio=&#039;xMidYMid meet&#039; overflow=&#039;visible&#039; height=&#039;100%&#039; viewBox=&#039;0 0 126 26&#039; fill=&#039;black&#039; stroke=&#039;none&#039;%3E%3Cpath d=&#039;M46.8,7.8v11.5L36,18.6V7.8H46.8z M82.4,7.8L84,18.6l-12,0.7L70.4,7.8H82.4z M0,7.8l12,0.9v9.9H1.3L0,7.8z M30,7.8v10.8H19L18,7.8H30z M63.7,7.8L66,18.6H54V9.5L63.7,7.8z M89.8,7L102,7.8v10.8H91.2L89.8,7zM108,7.8l12,0.9v8.9l-12,1V7.8z&#039;\/%3E%3C\/svg%3E&quot;);\">\n\t\t\t<span class=\"elementor-divider-separator\">\n\t\t\t\t\t\t<\/span>\n\t\t<\/div>\n\t\t\t\t\t\t<\/div>\n\t\t\t\t<\/div>\n\t\t\t\t\t<\/div>\n\t\t<\/div>\n\t\t\t\t\t<\/div>\n\t\t<\/section>\n\t\t\t\t<\/div>","protected":false},"excerpt":{"rendered":"<p>SNAP (Strengthening, Knowledge And Participation) Ja\u010danje civilnog dru\u0161tva: razmjena znanja i poticanje sudjelovanja Projekt se bavi ja\u010danjem civilnog dru\u0161tva pru\u017eanjem boljeg pristupa informacijama o zdravlju i socijalnim pitanjima za ranjive skupine \u2013 posebno na otoku Lastovu u Hrvatskoj \u2013 kroz obrazovanje i osposobljavanje. Razvijaju se kapaciteti i vje\u0161tine kako bi se potaknulo sudjelovanje i uklju\u010divanje [&hellip;]<\/p>\n","protected":false},"author":1,"featured_media":4101,"parent":157,"menu_order":0,"comment_status":"closed","ping_status":"closed","template":"","meta":{"site-sidebar-layout":"no-sidebar","site-content-layout":"page-builder","ast-site-content-layout":"full-width-container","site-content-style":"default","site-sidebar-style":"default","ast-global-header-display":"","ast-banner-title-visibility":"","ast-main-header-display":"","ast-hfb-above-header-display":"","ast-hfb-below-header-display":"","ast-hfb-mobile-header-display":"","site-post-title":"","ast-breadcrumbs-content":"","ast-featured-img":"disabled","footer-sml-layout":"","ast-disable-related-posts":"","theme-transparent-header-meta":"","adv-header-id-meta":"","stick-header-meta":"","header-above-stick-meta":"","header-main-stick-meta":"","header-below-stick-meta":"","astra-migrate-meta-layouts":"set","ast-page-background-enabled":"default","ast-page-background-meta":{"desktop":{"background-color":"","background-image":"","background-repeat":"repeat","background-position":"center center","background-size":"auto","background-attachment":"scroll","background-type":"","background-media":"","overlay-type":"","overlay-color":"","overlay-opacity":"","overlay-gradient":""},"tablet":{"background-color":"","background-image":"","background-repeat":"repeat","background-position":"center center","background-size":"auto","background-attachment":"scroll","background-type":"","background-media":"","overlay-type":"","overlay-color":"","overlay-opacity":"","overlay-gradient":""},"mobile":{"background-color":"","background-image":"","background-repeat":"repeat","background-position":"center center","background-size":"auto","background-attachment":"scroll","background-type":"","background-media":"","overlay-type":"","overlay-color":"","overlay-opacity":"","overlay-gradient":""}},"ast-content-background-meta":{"desktop":{"background-color":"var(--ast-global-color-5)","background-image":"","background-repeat":"repeat","background-position":"center center","background-size":"auto","background-attachment":"scroll","background-type":"","background-media":"","overlay-type":"","overlay-color":"","overlay-opacity":"","overlay-gradient":""},"tablet":{"background-color":"var(--ast-global-color-5)","background-image":"","background-repeat":"repeat","background-position":"center center","background-size":"auto","background-attachment":"scroll","background-type":"","background-media":"","overlay-type":"","overlay-color":"","overlay-opacity":"","overlay-gradient":""},"mobile":{"background-color":"var(--ast-global-color-5)","background-image":"","background-repeat":"repeat","background-position":"center center","background-size":"auto","background-attachment":"scroll","background-type":"","background-media":"","overlay-type":"","overlay-color":"","overlay-opacity":"","overlay-gradient":""}},"footnotes":""},"class_list":["post-4100","page","type-page","status-publish","has-post-thumbnail","hentry"],"yoast_head":"<!-- This site is optimized with the Yoast SEO plugin v27.4 - https:\/\/yoast.com\/product\/yoast-seo-wordpress\/ -->\n<title>SNAP (Strengthening, Knowledge and Participation) - ACT Grupa<\/title>\n<meta name=\"robots\" content=\"index, follow, max-snippet:-1, max-image-preview:large, max-video-preview:-1\" \/>\n<link rel=\"canonical\" href=\"https:\/\/act-grupa.hr\/en\/projekti\/snap-strengthening-knowledge-and-participation\/\" \/>\n<meta property=\"og:locale\" content=\"en_GB\" \/>\n<meta property=\"og:type\" content=\"article\" \/>\n<meta property=\"og:title\" content=\"SNAP (Strengthening, Knowledge and Participation) - ACT Grupa\" \/>\n<meta property=\"og:description\" content=\"SNAP (Strengthening, Knowledge And Participation) Ja\u010danje civilnog dru\u0161tva: razmjena znanja i poticanje sudjelovanja Projekt se bavi ja\u010danjem civilnog dru\u0161tva pru\u017eanjem boljeg pristupa informacijama o zdravlju i socijalnim pitanjima za ranjive skupine \u2013 posebno na otoku Lastovu u Hrvatskoj \u2013 kroz obrazovanje i osposobljavanje. Razvijaju se kapaciteti i vje\u0161tine kako bi se potaknulo sudjelovanje i uklju\u010divanje [&hellip;]\" \/>\n<meta property=\"og:url\" content=\"https:\/\/act-grupa.hr\/en\/projekti\/snap-strengthening-knowledge-and-participation\/\" \/>\n<meta property=\"og:site_name\" content=\"ACT Grupa\" \/>\n<meta property=\"article:publisher\" content=\"https:\/\/www.facebook.com\/ACTGrupa\" \/>\n<meta property=\"article:modified_time\" content=\"2026-03-13T12:54:41+00:00\" \/>\n<meta property=\"og:image\" content=\"https:\/\/act-grupa.hr\/web\/wp-content\/uploads\/2026\/03\/S-1200x1200-1.jpg\" \/>\n\t<meta property=\"og:image:width\" content=\"1200\" \/>\n\t<meta property=\"og:image:height\" content=\"1200\" \/>\n\t<meta property=\"og:image:type\" content=\"image\/jpeg\" \/>\n<meta name=\"twitter:card\" content=\"summary_large_image\" \/>\n<meta name=\"twitter:label1\" content=\"Estimated reading time\" \/>\n\t<meta name=\"twitter:data1\" content=\"1 minute\" \/>\n<script type=\"application\/ld+json\" class=\"yoast-schema-graph\">{\"@context\":\"https:\\\/\\\/schema.org\",\"@graph\":[{\"@type\":\"WebPage\",\"@id\":\"https:\\\/\\\/act-grupa.hr\\\/projekti\\\/snap-strengthening-knowledge-and-participation\\\/\",\"url\":\"https:\\\/\\\/act-grupa.hr\\\/projekti\\\/snap-strengthening-knowledge-and-participation\\\/\",\"name\":\"SNAP (Strengthening, Knowledge and Participation) - ACT Grupa\",\"isPartOf\":{\"@id\":\"https:\\\/\\\/act-grupa.hr\\\/#website\"},\"primaryImageOfPage\":{\"@id\":\"https:\\\/\\\/act-grupa.hr\\\/projekti\\\/snap-strengthening-knowledge-and-participation\\\/#primaryimage\"},\"image\":{\"@id\":\"https:\\\/\\\/act-grupa.hr\\\/projekti\\\/snap-strengthening-knowledge-and-participation\\\/#primaryimage\"},\"thumbnailUrl\":\"https:\\\/\\\/act-grupa.hr\\\/web\\\/wp-content\\\/uploads\\\/2026\\\/03\\\/S-1200x1200-1.jpg\",\"datePublished\":\"2026-03-13T11:53:24+00:00\",\"dateModified\":\"2026-03-13T12:54:41+00:00\",\"breadcrumb\":{\"@id\":\"https:\\\/\\\/act-grupa.hr\\\/projekti\\\/snap-strengthening-knowledge-and-participation\\\/#breadcrumb\"},\"inLanguage\":\"en-GB\",\"potentialAction\":[{\"@type\":\"ReadAction\",\"target\":[\"https:\\\/\\\/act-grupa.hr\\\/projekti\\\/snap-strengthening-knowledge-and-participation\\\/\"]}]},{\"@type\":\"ImageObject\",\"inLanguage\":\"en-GB\",\"@id\":\"https:\\\/\\\/act-grupa.hr\\\/projekti\\\/snap-strengthening-knowledge-and-participation\\\/#primaryimage\",\"url\":\"https:\\\/\\\/act-grupa.hr\\\/web\\\/wp-content\\\/uploads\\\/2026\\\/03\\\/S-1200x1200-1.jpg\",\"contentUrl\":\"https:\\\/\\\/act-grupa.hr\\\/web\\\/wp-content\\\/uploads\\\/2026\\\/03\\\/S-1200x1200-1.jpg\",\"width\":1200,\"height\":1200,\"caption\":\"SNAP Strengthening, Knowledge And Participation\"},{\"@type\":\"BreadcrumbList\",\"@id\":\"https:\\\/\\\/act-grupa.hr\\\/projekti\\\/snap-strengthening-knowledge-and-participation\\\/#breadcrumb\",\"itemListElement\":[{\"@type\":\"ListItem\",\"position\":1,\"name\":\"Home\",\"item\":\"https:\\\/\\\/act-grupa.hr\\\/\"},{\"@type\":\"ListItem\",\"position\":2,\"name\":\"Projekti\",\"item\":\"https:\\\/\\\/act-grupa.hr\\\/en\\\/projekti\\\/\"},{\"@type\":\"ListItem\",\"position\":3,\"name\":\"SNAP (Strengthening, Knowledge and Participation)\"}]},{\"@type\":\"WebSite\",\"@id\":\"https:\\\/\\\/act-grupa.hr\\\/#website\",\"url\":\"https:\\\/\\\/act-grupa.hr\\\/\",\"name\":\"ACT Grupa\",\"description\":\"Dobri za posao. Dobri za dru\u0161tvo.\",\"publisher\":{\"@id\":\"https:\\\/\\\/act-grupa.hr\\\/#organization\"},\"potentialAction\":[{\"@type\":\"SearchAction\",\"target\":{\"@type\":\"EntryPoint\",\"urlTemplate\":\"https:\\\/\\\/act-grupa.hr\\\/?s={search_term_string}\"},\"query-input\":{\"@type\":\"PropertyValueSpecification\",\"valueRequired\":true,\"valueName\":\"search_term_string\"}}],\"inLanguage\":\"en-GB\"},{\"@type\":\"Organization\",\"@id\":\"https:\\\/\\\/act-grupa.hr\\\/#organization\",\"name\":\"ACT Grupa\",\"url\":\"https:\\\/\\\/act-grupa.hr\\\/\",\"logo\":{\"@type\":\"ImageObject\",\"inLanguage\":\"en-GB\",\"@id\":\"https:\\\/\\\/act-grupa.hr\\\/#\\\/schema\\\/logo\\\/image\\\/\",\"url\":\"https:\\\/\\\/act-grupa.hr\\\/web\\\/wp-content\\\/uploads\\\/2026\\\/01\\\/AG_logo_transparent-scaled.png\",\"contentUrl\":\"https:\\\/\\\/act-grupa.hr\\\/web\\\/wp-content\\\/uploads\\\/2026\\\/01\\\/AG_logo_transparent-scaled.png\",\"width\":2560,\"height\":834,\"caption\":\"ACT Grupa\"},\"image\":{\"@id\":\"https:\\\/\\\/act-grupa.hr\\\/#\\\/schema\\\/logo\\\/image\\\/\"},\"sameAs\":[\"https:\\\/\\\/www.facebook.com\\\/ACTGrupa\",\"https:\\\/\\\/www.instagram.com\\\/actgrupa\\\/\",\"https:\\\/\\\/www.youtube.com\\\/@actgrupa\",\"https:\\\/\\\/www.linkedin.com\\\/company\\\/act-grupa\"]}]}<\/script>\n<!-- \/ Yoast SEO plugin. -->","yoast_head_json":{"title":"SNAP (Strengthening, Knowledge and Participation) - ACT Grupa","robots":{"index":"index","follow":"follow","max-snippet":"max-snippet:-1","max-image-preview":"max-image-preview:large","max-video-preview":"max-video-preview:-1"},"canonical":"https:\/\/act-grupa.hr\/en\/projekti\/snap-strengthening-knowledge-and-participation\/","og_locale":"en_GB","og_type":"article","og_title":"SNAP (Strengthening, Knowledge and Participation) - ACT Grupa","og_description":"SNAP (Strengthening, Knowledge And Participation) Ja\u010danje civilnog dru\u0161tva: razmjena znanja i poticanje sudjelovanja Projekt se bavi ja\u010danjem civilnog dru\u0161tva pru\u017eanjem boljeg pristupa informacijama o zdravlju i socijalnim pitanjima za ranjive skupine \u2013 posebno na otoku Lastovu u Hrvatskoj \u2013 kroz obrazovanje i osposobljavanje. Razvijaju se kapaciteti i vje\u0161tine kako bi se potaknulo sudjelovanje i uklju\u010divanje [&hellip;]","og_url":"https:\/\/act-grupa.hr\/en\/projekti\/snap-strengthening-knowledge-and-participation\/","og_site_name":"ACT Grupa","article_publisher":"https:\/\/www.facebook.com\/ACTGrupa","article_modified_time":"2026-03-13T12:54:41+00:00","og_image":[{"width":1200,"height":1200,"url":"https:\/\/act-grupa.hr\/web\/wp-content\/uploads\/2026\/03\/S-1200x1200-1.jpg","type":"image\/jpeg"}],"twitter_card":"summary_large_image","twitter_misc":{"Estimated reading time":"1 minute"},"schema":{"@context":"https:\/\/schema.org","@graph":[{"@type":"WebPage","@id":"https:\/\/act-grupa.hr\/projekti\/snap-strengthening-knowledge-and-participation\/","url":"https:\/\/act-grupa.hr\/projekti\/snap-strengthening-knowledge-and-participation\/","name":"SNAP (Strengthening, Knowledge and Participation) - ACT Grupa","isPartOf":{"@id":"https:\/\/act-grupa.hr\/#website"},"primaryImageOfPage":{"@id":"https:\/\/act-grupa.hr\/projekti\/snap-strengthening-knowledge-and-participation\/#primaryimage"},"image":{"@id":"https:\/\/act-grupa.hr\/projekti\/snap-strengthening-knowledge-and-participation\/#primaryimage"},"thumbnailUrl":"https:\/\/act-grupa.hr\/web\/wp-content\/uploads\/2026\/03\/S-1200x1200-1.jpg","datePublished":"2026-03-13T11:53:24+00:00","dateModified":"2026-03-13T12:54:41+00:00","breadcrumb":{"@id":"https:\/\/act-grupa.hr\/projekti\/snap-strengthening-knowledge-and-participation\/#breadcrumb"},"inLanguage":"en-GB","potentialAction":[{"@type":"ReadAction","target":["https:\/\/act-grupa.hr\/projekti\/snap-strengthening-knowledge-and-participation\/"]}]},{"@type":"ImageObject","inLanguage":"en-GB","@id":"https:\/\/act-grupa.hr\/projekti\/snap-strengthening-knowledge-and-participation\/#primaryimage","url":"https:\/\/act-grupa.hr\/web\/wp-content\/uploads\/2026\/03\/S-1200x1200-1.jpg","contentUrl":"https:\/\/act-grupa.hr\/web\/wp-content\/uploads\/2026\/03\/S-1200x1200-1.jpg","width":1200,"height":1200,"caption":"SNAP Strengthening, Knowledge And Participation"},{"@type":"BreadcrumbList","@id":"https:\/\/act-grupa.hr\/projekti\/snap-strengthening-knowledge-and-participation\/#breadcrumb","itemListElement":[{"@type":"ListItem","position":1,"name":"Home","item":"https:\/\/act-grupa.hr\/"},{"@type":"ListItem","position":2,"name":"Projekti","item":"https:\/\/act-grupa.hr\/en\/projekti\/"},{"@type":"ListItem","position":3,"name":"SNAP (Strengthening, Knowledge and Participation)"}]},{"@type":"WebSite","@id":"https:\/\/act-grupa.hr\/#website","url":"https:\/\/act-grupa.hr\/","name":"ACT Grupa","description":"Dobri za posao. Dobri za dru\u0161tvo.","publisher":{"@id":"https:\/\/act-grupa.hr\/#organization"},"potentialAction":[{"@type":"SearchAction","target":{"@type":"EntryPoint","urlTemplate":"https:\/\/act-grupa.hr\/?s={search_term_string}"},"query-input":{"@type":"PropertyValueSpecification","valueRequired":true,"valueName":"search_term_string"}}],"inLanguage":"en-GB"},{"@type":"Organization","@id":"https:\/\/act-grupa.hr\/#organization","name":"ACT Grupa","url":"https:\/\/act-grupa.hr\/","logo":{"@type":"ImageObject","inLanguage":"en-GB","@id":"https:\/\/act-grupa.hr\/#\/schema\/logo\/image\/","url":"https:\/\/act-grupa.hr\/web\/wp-content\/uploads\/2026\/01\/AG_logo_transparent-scaled.png","contentUrl":"https:\/\/act-grupa.hr\/web\/wp-content\/uploads\/2026\/01\/AG_logo_transparent-scaled.png","width":2560,"height":834,"caption":"ACT Grupa"},"image":{"@id":"https:\/\/act-grupa.hr\/#\/schema\/logo\/image\/"},"sameAs":["https:\/\/www.facebook.com\/ACTGrupa","https:\/\/www.instagram.com\/actgrupa\/","https:\/\/www.youtube.com\/@actgrupa","https:\/\/www.linkedin.com\/company\/act-grupa"]}]}},"_links":{"self":[{"href":"https:\/\/act-grupa.hr\/en\/wp-json\/wp\/v2\/pages\/4100","targetHints":{"allow":["GET"]}}],"collection":[{"href":"https:\/\/act-grupa.hr\/en\/wp-json\/wp\/v2\/pages"}],"about":[{"href":"https:\/\/act-grupa.hr\/en\/wp-json\/wp\/v2\/types\/page"}],"author":[{"embeddable":true,"href":"https:\/\/act-grupa.hr\/en\/wp-json\/wp\/v2\/users\/1"}],"replies":[{"embeddable":true,"href":"https:\/\/act-grupa.hr\/en\/wp-json\/wp\/v2\/comments?post=4100"}],"version-history":[{"count":13,"href":"https:\/\/act-grupa.hr\/en\/wp-json\/wp\/v2\/pages\/4100\/revisions"}],"predecessor-version":[{"id":4129,"href":"https:\/\/act-grupa.hr\/en\/wp-json\/wp\/v2\/pages\/4100\/revisions\/4129"}],"up":[{"embeddable":true,"href":"https:\/\/act-grupa.hr\/en\/wp-json\/wp\/v2\/pages\/157"}],"wp:featuredmedia":[{"embeddable":true,"href":"https:\/\/act-grupa.hr\/en\/wp-json\/wp\/v2\/media\/4101"}],"wp:attachment":[{"href":"https:\/\/act-grupa.hr\/en\/wp-json\/wp\/v2\/media?parent=4100"}],"curies":[{"name":"wp","href":"https:\/\/api.w.org\/{rel}","templated":true}]}}