{"id":558,"date":"2021-04-23T16:02:14","date_gmt":"2021-04-23T16:02:14","guid":{"rendered":"https:\/\/www.act-grupa.hr\/web\/?page_id=558"},"modified":"2021-05-12T19:24:43","modified_gmt":"2021-05-12T19:24:43","slug":"europski-monitor-drustvenih-poduzeca","status":"publish","type":"page","link":"https:\/\/act-grupa.hr\/en\/projekti\/europski-monitor-drustvenih-poduzeca\/","title":{"rendered":"Europski monitor dru\u0161tvenih poduze\u0107a"},"content":{"rendered":"<div data-elementor-type=\"wp-page\" data-elementor-id=\"558\" class=\"elementor elementor-558\" data-elementor-post-type=\"page\">\n\t\t\t\t\t\t<section class=\"elementor-section elementor-top-section elementor-element elementor-element-dabb8c8 elementor-reverse-mobile elementor-section-boxed elementor-section-height-default elementor-section-height-default\" data-id=\"dabb8c8\" data-element_type=\"section\" data-e-type=\"section\" data-settings=\"{&quot;background_background&quot;:&quot;classic&quot;}\">\n\t\t\t\t\t\t\t<div class=\"elementor-background-overlay\"><\/div>\n\t\t\t\t\t\t\t<div class=\"elementor-container elementor-column-gap-default\">\n\t\t\t\t\t<div class=\"elementor-column elementor-col-50 elementor-top-column elementor-element elementor-element-0ae65ec\" data-id=\"0ae65ec\" data-element_type=\"column\" data-e-type=\"column\" data-settings=\"{&quot;background_background&quot;:&quot;classic&quot;}\">\n\t\t\t<div class=\"elementor-widget-wrap elementor-element-populated\">\n\t\t\t\t\t\t<div class=\"elementor-element elementor-element-d4a924d elementor-widget elementor-widget-spacer\" data-id=\"d4a924d\" data-element_type=\"widget\" data-e-type=\"widget\" data-widget_type=\"spacer.default\">\n\t\t\t\t<div class=\"elementor-widget-container\">\n\t\t\t\t\t\t\t<div class=\"elementor-spacer\">\n\t\t\t<div class=\"elementor-spacer-inner\"><\/div>\n\t\t<\/div>\n\t\t\t\t\t\t<\/div>\n\t\t\t\t<\/div>\n\t\t\t\t<div class=\"elementor-element elementor-element-1ed05de elementor-widget elementor-widget-image\" data-id=\"1ed05de\" data-element_type=\"widget\" data-e-type=\"widget\" data-widget_type=\"image.default\">\n\t\t\t\t<div class=\"elementor-widget-container\">\n\t\t\t\t\t\t\t\t\t\t\t\t\t\t\t<img fetchpriority=\"high\" decoding=\"async\" width=\"597\" height=\"817\" src=\"https:\/\/act-grupa.hr\/web\/wp-content\/uploads\/2021\/04\/logoemdp.jpg\" class=\"attachment-full size-full wp-image-560\" alt=\"\" srcset=\"https:\/\/act-grupa.hr\/web\/wp-content\/uploads\/2021\/04\/logoemdp.jpg 597w, https:\/\/act-grupa.hr\/web\/wp-content\/uploads\/2021\/04\/logoemdp-219x300.jpg 219w\" sizes=\"(max-width: 597px) 100vw, 597px\" \/>\t\t\t\t\t\t\t\t\t\t\t\t\t\t\t<\/div>\n\t\t\t\t<\/div>\n\t\t\t\t\t<\/div>\n\t\t<\/div>\n\t\t\t\t<div class=\"elementor-column elementor-col-50 elementor-top-column elementor-element elementor-element-a7170cb\" data-id=\"a7170cb\" data-element_type=\"column\" data-e-type=\"column\" data-settings=\"{&quot;background_background&quot;:&quot;classic&quot;}\">\n\t\t\t<div class=\"elementor-widget-wrap elementor-element-populated\">\n\t\t\t\t\t\t<div class=\"elementor-element elementor-element-fb08c38 elementor-widget elementor-widget-heading\" data-id=\"fb08c38\" data-element_type=\"widget\" data-e-type=\"widget\" data-widget_type=\"heading.default\">\n\t\t\t\t<div class=\"elementor-widget-container\">\n\t\t\t\t\t<h2 class=\"elementor-heading-title elementor-size-default\">Europski monitor dru\u0161tvenih poduze\u0107a<\/h2>\t\t\t\t<\/div>\n\t\t\t\t<\/div>\n\t\t\t\t<div class=\"elementor-element elementor-element-f408169 elementor-widget elementor-widget-heading\" data-id=\"f408169\" data-element_type=\"widget\" data-e-type=\"widget\" data-widget_type=\"heading.default\">\n\t\t\t\t<div class=\"elementor-widget-container\">\n\t\t\t\t\t<h5 class=\"elementor-heading-title elementor-size-default\">Europski monitor dru\u0161tvenih poduze\u0107a (European Social Entreprise Monitor \/ ESEM) je panel istra\u017eivanje koje prikuplja podatke za usporedbu dru\u0161tvenih poduze\u0107a i start-upova \u0161irom Europske unije. <\/h5>\t\t\t\t<\/div>\n\t\t\t\t<\/div>\n\t\t\t\t<div class=\"elementor-element elementor-element-851e435 elementor-widget-divider--separator-type-pattern elementor-widget-divider--no-spacing elementor-widget-divider--view-line elementor-widget elementor-widget-divider\" data-id=\"851e435\" data-element_type=\"widget\" data-e-type=\"widget\" data-widget_type=\"divider.default\">\n\t\t\t\t<div class=\"elementor-widget-container\">\n\t\t\t\t\t\t\t<div class=\"elementor-divider\" style=\"--divider-pattern-url: url(&quot;data:image\/svg+xml,%3Csvg xmlns=&#039;http:\/\/www.w3.org\/2000\/svg&#039; preserveAspectRatio=&#039;xMidYMid meet&#039; overflow=&#039;visible&#039; height=&#039;100%&#039; viewBox=&#039;0 0 126 26&#039; fill=&#039;black&#039; stroke=&#039;none&#039;%3E%3Cpath d=&#039;M46.8,7.8v11.5L36,18.6V7.8H46.8z M82.4,7.8L84,18.6l-12,0.7L70.4,7.8H82.4z M0,7.8l12,0.9v9.9H1.3L0,7.8z M30,7.8v10.8H19L18,7.8H30z M63.7,7.8L66,18.6H54V9.5L63.7,7.8z M89.8,7L102,7.8v10.8H91.2L89.8,7zM108,7.8l12,0.9v8.9l-12,1V7.8z&#039;\/%3E%3C\/svg%3E&quot;);\">\n\t\t\t<span class=\"elementor-divider-separator\">\n\t\t\t\t\t\t<\/span>\n\t\t<\/div>\n\t\t\t\t\t\t<\/div>\n\t\t\t\t<\/div>\n\t\t\t\t<div class=\"elementor-element elementor-element-875b3ff elementor-widget elementor-widget-text-editor\" data-id=\"875b3ff\" data-element_type=\"widget\" data-e-type=\"widget\" data-widget_type=\"text-editor.default\">\n\t\t\t\t<div class=\"elementor-widget-container\">\n\t\t\t\t\t\t\t\t\t<p>ESEM \u0107e pozitivno utjecati na dru\u0161tvena poduze\u0107a i socijalnu i solidarnu ekonomiju u Europi i \u0161ire. O\u010dekivani u\u010dinak monitora je sljede\u0107i:<\/p><p>\u2022 Podaci o dru\u0161tvenom poduzetni\u0161tvu lako su dostupni donositeljima odluka, akademicima i onima koji rade s utjecajem.<\/p><p>\u2022 Politike financiranje od strane Europske unije vi\u0161e odgovaraju potrebama dru\u0161tvenih poduzetnika.<\/p><p>\u2022 Dr\u017eavne politike vi\u0161e odgovaraju potrebama dru\u0161tvenih poduzetnika<\/p><p>\u2022 Dru\u0161tveni investitori i organizacije za potporu vi\u0161e odgovaraju potrebama socijalnih poduzetnika.<\/p><p>\u2022 Partneri u zemlji svjesniji su me\u0111usobnih politika i u\u010de jedni od drugih.<\/p><p>\u2022 U\u010dinkovitije financiranje i dru\u0161tveno poduzetni\u0161tvo ubrzat \u0107e postizanje ciljeva odr\u017eivog razvoja Ujedinjenih naroda do 2030. godine.<br \/>Program je u svojoj pilot fazi. Inicijativu su pokrenuli i imaju ulogu koordinatora &#8211; Europska mre\u017ea potpornih organizacija dru\u0161tvenim poduzetnicima \/ EUCLID.<\/p><p><strong>Glavni rezultat:<\/strong> <br \/>ESEM \u0107e svake godine\/svake dve godine proizvesti studiju koja opisuje rezultate istra\u017eivanja &#8211; europsko izvje\u0161\u0107e i nacionalna izvje\u0161\u0107a za sve zemlje koje sudjeluju.<\/p><p><strong>Partneri koji sudjeluju u prvoj, pilot fazi istra\u017eivanja:<\/strong><br \/>\u2022 Hrvatska: ActGrupa (AG)<br \/>\u2022 Danska: Sociale Entreprenor i Denmark (SED)<br \/>\u2022 Estonia: Estonian Social Enterprise Network (ESEN)<br \/>\u2022 Njema\u010dka: Social Entrepreneurship Network Germany (SEND e.V.)<br \/>\u2022 Portugal: ESLIDER-PORTUGAL \u2013 National Network of Social Entrepreneurs and Civil Society Leaders<br \/>\u2022 \u0160panjolska: ESADE<br \/>\u2022 \u0160vedska: Forum for Social Innovation Sweden<br \/>\u2022 Ujedinjeno kraljevstvo: Social Enterprise UK<br \/>\u2022 Nizozemska: Social Entreprise NL<\/p><p><strong>Duration:<\/strong><br \/>Po\u010detak je 9\/2020, trajanje je kontinuirano, svake godine.<\/p><p><strong>Total budget:<\/strong> <br \/>projekt u svojoj pilot fazi nema bud\u017eet.<\/p>\t\t\t\t\t\t\t\t<\/div>\n\t\t\t\t<\/div>\n\t\t\t\t<div class=\"elementor-element elementor-element-87dbbd2 elementor-widget-divider--separator-type-pattern elementor-widget-divider--no-spacing elementor-widget-divider--view-line elementor-widget elementor-widget-divider\" data-id=\"87dbbd2\" data-element_type=\"widget\" data-e-type=\"widget\" data-widget_type=\"divider.default\">\n\t\t\t\t<div class=\"elementor-widget-container\">\n\t\t\t\t\t\t\t<div class=\"elementor-divider\" style=\"--divider-pattern-url: url(&quot;data:image\/svg+xml,%3Csvg xmlns=&#039;http:\/\/www.w3.org\/2000\/svg&#039; preserveAspectRatio=&#039;xMidYMid meet&#039; overflow=&#039;visible&#039; height=&#039;100%&#039; viewBox=&#039;0 0 126 26&#039; fill=&#039;black&#039; stroke=&#039;none&#039;%3E%3Cpath d=&#039;M46.8,7.8v11.5L36,18.6V7.8H46.8z M82.4,7.8L84,18.6l-12,0.7L70.4,7.8H82.4z M0,7.8l12,0.9v9.9H1.3L0,7.8z M30,7.8v10.8H19L18,7.8H30z M63.7,7.8L66,18.6H54V9.5L63.7,7.8z M89.8,7L102,7.8v10.8H91.2L89.8,7zM108,7.8l12,0.9v8.9l-12,1V7.8z&#039;\/%3E%3C\/svg%3E&quot;);\">\n\t\t\t<span class=\"elementor-divider-separator\">\n\t\t\t\t\t\t<\/span>\n\t\t<\/div>\n\t\t\t\t\t\t<\/div>\n\t\t\t\t<\/div>\n\t\t\t\t<div class=\"elementor-element elementor-element-93d90f1 elementor-widget elementor-widget-heading\" data-id=\"93d90f1\" data-element_type=\"widget\" data-e-type=\"widget\" data-widget_type=\"heading.default\">\n\t\t\t\t<div class=\"elementor-widget-container\">\n\t\t\t\t\t<h5 class=\"elementor-heading-title elementor-size-default\">Glavni rezultat:\nESEM \u0107e svake godine\/svake dve godine proizvesti studiju koja opisuje rezultate istra\u017eivanja - europsko izvje\u0161\u0107e i nacionalna izvje\u0161\u0107a za sve zemlje koje sudjeluju.<\/h5>\t\t\t\t<\/div>\n\t\t\t\t<\/div>\n\t\t\t\t\t<\/div>\n\t\t<\/div>\n\t\t\t\t\t<\/div>\n\t\t<\/section>\n\t\t\t\t<\/div>","protected":false},"excerpt":{"rendered":"<p>Europski monitor dru\u0161tvenih poduze\u0107a Europski monitor dru\u0161tvenih poduze\u0107a (European Social Entreprise Monitor \/ ESEM) je panel istra\u017eivanje koje prikuplja podatke za usporedbu dru\u0161tvenih poduze\u0107a i start-upova \u0161irom Europske unije. ESEM \u0107e pozitivno utjecati na dru\u0161tvena poduze\u0107a i socijalnu i solidarnu ekonomiju u Europi i \u0161ire. O\u010dekivani u\u010dinak monitora je sljede\u0107i: \u2022 Podaci o dru\u0161tvenom poduzetni\u0161tvu [&hellip;]<\/p>\n","protected":false},"author":2,"featured_media":0,"parent":157,"menu_order":0,"comment_status":"closed","ping_status":"closed","template":"","meta":{"site-sidebar-layout":"no-sidebar","site-content-layout":"page-builder","ast-site-content-layout":"default","site-content-style":"default","site-sidebar-style":"default","ast-global-header-display":"","ast-banner-title-visibility":"","ast-main-header-display":"","ast-hfb-above-header-display":"","ast-hfb-below-header-display":"","ast-hfb-mobile-header-display":"","site-post-title":"disabled","ast-breadcrumbs-content":"","ast-featured-img":"disabled","footer-sml-layout":"","ast-disable-related-posts":"","theme-transparent-header-meta":"default","adv-header-id-meta":"","stick-header-meta":"default","header-above-stick-meta":"","header-main-stick-meta":"","header-below-stick-meta":"","astra-migrate-meta-layouts":"default","ast-page-background-enabled":"default","ast-page-background-meta":{"desktop":{"background-color":"","background-image":"","background-repeat":"repeat","background-position":"center center","background-size":"auto","background-attachment":"scroll","background-type":"","background-media":"","overlay-type":"","overlay-color":"","overlay-opacity":"","overlay-gradient":""},"tablet":{"background-color":"","background-image":"","background-repeat":"repeat","background-position":"center center","background-size":"auto","background-attachment":"scroll","background-type":"","background-media":"","overlay-type":"","overlay-color":"","overlay-opacity":"","overlay-gradient":""},"mobile":{"background-color":"","background-image":"","background-repeat":"repeat","background-position":"center center","background-size":"auto","background-attachment":"scroll","background-type":"","background-media":"","overlay-type":"","overlay-color":"","overlay-opacity":"","overlay-gradient":""}},"ast-content-background-meta":{"desktop":{"background-color":"var(--ast-global-color-5)","background-image":"","background-repeat":"repeat","background-position":"center center","background-size":"auto","background-attachment":"scroll","background-type":"","background-media":"","overlay-type":"","overlay-color":"","overlay-opacity":"","overlay-gradient":""},"tablet":{"background-color":"var(--ast-global-color-5)","background-image":"","background-repeat":"repeat","background-position":"center center","background-size":"auto","background-attachment":"scroll","background-type":"","background-media":"","overlay-type":"","overlay-color":"","overlay-opacity":"","overlay-gradient":""},"mobile":{"background-color":"var(--ast-global-color-5)","background-image":"","background-repeat":"repeat","background-position":"center center","background-size":"auto","background-attachment":"scroll","background-type":"","background-media":"","overlay-type":"","overlay-color":"","overlay-opacity":"","overlay-gradient":""}},"footnotes":""},"class_list":["post-558","page","type-page","status-publish","hentry"],"yoast_head":"<!-- This site is optimized with the Yoast SEO plugin v27.3 - https:\/\/yoast.com\/product\/yoast-seo-wordpress\/ -->\n<title>Europski monitor dru\u0161tvenih poduze\u0107a - ACT Grupa<\/title>\n<meta name=\"robots\" content=\"index, follow, max-snippet:-1, max-image-preview:large, max-video-preview:-1\" \/>\n<link rel=\"canonical\" href=\"https:\/\/act-grupa.hr\/en\/projekti\/europski-monitor-drustvenih-poduzeca\/\" \/>\n<meta property=\"og:locale\" content=\"en_GB\" \/>\n<meta property=\"og:type\" content=\"article\" \/>\n<meta property=\"og:title\" content=\"Europski monitor dru\u0161tvenih poduze\u0107a - ACT Grupa\" \/>\n<meta property=\"og:description\" content=\"Europski monitor dru\u0161tvenih poduze\u0107a Europski monitor dru\u0161tvenih poduze\u0107a (European Social Entreprise Monitor \/ ESEM) je panel istra\u017eivanje koje prikuplja podatke za usporedbu dru\u0161tvenih poduze\u0107a i start-upova \u0161irom Europske unije. ESEM \u0107e pozitivno utjecati na dru\u0161tvena poduze\u0107a i socijalnu i solidarnu ekonomiju u Europi i \u0161ire. O\u010dekivani u\u010dinak monitora je sljede\u0107i: \u2022 Podaci o dru\u0161tvenom poduzetni\u0161tvu [&hellip;]\" \/>\n<meta property=\"og:url\" content=\"https:\/\/act-grupa.hr\/en\/projekti\/europski-monitor-drustvenih-poduzeca\/\" \/>\n<meta property=\"og:site_name\" content=\"ACT Grupa\" \/>\n<meta property=\"article:publisher\" content=\"https:\/\/www.facebook.com\/ACTGrupa\" \/>\n<meta property=\"article:modified_time\" content=\"2021-05-12T19:24:43+00:00\" \/>\n<meta property=\"og:image\" content=\"http:\/\/www.act-grupa.hr\/web\/wp-content\/uploads\/2021\/04\/logoemdp.jpg\" \/>\n<meta name=\"twitter:card\" content=\"summary_large_image\" \/>\n<meta name=\"twitter:label1\" content=\"Estimated reading time\" \/>\n\t<meta name=\"twitter:data1\" content=\"2 minutes\" \/>\n<script type=\"application\/ld+json\" class=\"yoast-schema-graph\">{\"@context\":\"https:\\\/\\\/schema.org\",\"@graph\":[{\"@type\":\"WebPage\",\"@id\":\"https:\\\/\\\/act-grupa.hr\\\/en\\\/projekti\\\/europski-monitor-drustvenih-poduzeca\\\/\",\"url\":\"https:\\\/\\\/act-grupa.hr\\\/en\\\/projekti\\\/europski-monitor-drustvenih-poduzeca\\\/\",\"name\":\"Europski monitor dru\u0161tvenih poduze\u0107a - ACT Grupa\",\"isPartOf\":{\"@id\":\"https:\\\/\\\/act-grupa.hr\\\/#website\"},\"primaryImageOfPage\":{\"@id\":\"https:\\\/\\\/act-grupa.hr\\\/en\\\/projekti\\\/europski-monitor-drustvenih-poduzeca\\\/#primaryimage\"},\"image\":{\"@id\":\"https:\\\/\\\/act-grupa.hr\\\/en\\\/projekti\\\/europski-monitor-drustvenih-poduzeca\\\/#primaryimage\"},\"thumbnailUrl\":\"http:\\\/\\\/www.act-grupa.hr\\\/web\\\/wp-content\\\/uploads\\\/2021\\\/04\\\/logoemdp.jpg\",\"datePublished\":\"2021-04-23T16:02:14+00:00\",\"dateModified\":\"2021-05-12T19:24:43+00:00\",\"breadcrumb\":{\"@id\":\"https:\\\/\\\/act-grupa.hr\\\/en\\\/projekti\\\/europski-monitor-drustvenih-poduzeca\\\/#breadcrumb\"},\"inLanguage\":\"en-GB\",\"potentialAction\":[{\"@type\":\"ReadAction\",\"target\":[\"https:\\\/\\\/act-grupa.hr\\\/en\\\/projekti\\\/europski-monitor-drustvenih-poduzeca\\\/\"]}]},{\"@type\":\"ImageObject\",\"inLanguage\":\"en-GB\",\"@id\":\"https:\\\/\\\/act-grupa.hr\\\/en\\\/projekti\\\/europski-monitor-drustvenih-poduzeca\\\/#primaryimage\",\"url\":\"http:\\\/\\\/www.act-grupa.hr\\\/web\\\/wp-content\\\/uploads\\\/2021\\\/04\\\/logoemdp.jpg\",\"contentUrl\":\"http:\\\/\\\/www.act-grupa.hr\\\/web\\\/wp-content\\\/uploads\\\/2021\\\/04\\\/logoemdp.jpg\"},{\"@type\":\"BreadcrumbList\",\"@id\":\"https:\\\/\\\/act-grupa.hr\\\/en\\\/projekti\\\/europski-monitor-drustvenih-poduzeca\\\/#breadcrumb\",\"itemListElement\":[{\"@type\":\"ListItem\",\"position\":1,\"name\":\"Home\",\"item\":\"https:\\\/\\\/act-grupa.hr\\\/\"},{\"@type\":\"ListItem\",\"position\":2,\"name\":\"Projekti\",\"item\":\"https:\\\/\\\/act-grupa.hr\\\/en\\\/projekti\\\/\"},{\"@type\":\"ListItem\",\"position\":3,\"name\":\"Europski monitor dru\u0161tvenih poduze\u0107a\"}]},{\"@type\":\"WebSite\",\"@id\":\"https:\\\/\\\/act-grupa.hr\\\/#website\",\"url\":\"https:\\\/\\\/act-grupa.hr\\\/\",\"name\":\"ACT Grupa\",\"description\":\"Dobri za posao. Dobri za dru\u0161tvo.\",\"publisher\":{\"@id\":\"https:\\\/\\\/act-grupa.hr\\\/#organization\"},\"potentialAction\":[{\"@type\":\"SearchAction\",\"target\":{\"@type\":\"EntryPoint\",\"urlTemplate\":\"https:\\\/\\\/act-grupa.hr\\\/?s={search_term_string}\"},\"query-input\":{\"@type\":\"PropertyValueSpecification\",\"valueRequired\":true,\"valueName\":\"search_term_string\"}}],\"inLanguage\":\"en-GB\"},{\"@type\":\"Organization\",\"@id\":\"https:\\\/\\\/act-grupa.hr\\\/#organization\",\"name\":\"ACT Grupa\",\"url\":\"https:\\\/\\\/act-grupa.hr\\\/\",\"logo\":{\"@type\":\"ImageObject\",\"inLanguage\":\"en-GB\",\"@id\":\"https:\\\/\\\/act-grupa.hr\\\/#\\\/schema\\\/logo\\\/image\\\/\",\"url\":\"https:\\\/\\\/act-grupa.hr\\\/web\\\/wp-content\\\/uploads\\\/2026\\\/01\\\/AG_logo_transparent-scaled.png\",\"contentUrl\":\"https:\\\/\\\/act-grupa.hr\\\/web\\\/wp-content\\\/uploads\\\/2026\\\/01\\\/AG_logo_transparent-scaled.png\",\"width\":2560,\"height\":834,\"caption\":\"ACT Grupa\"},\"image\":{\"@id\":\"https:\\\/\\\/act-grupa.hr\\\/#\\\/schema\\\/logo\\\/image\\\/\"},\"sameAs\":[\"https:\\\/\\\/www.facebook.com\\\/ACTGrupa\",\"https:\\\/\\\/www.instagram.com\\\/actgrupa\\\/\",\"https:\\\/\\\/www.youtube.com\\\/@actgrupa\",\"https:\\\/\\\/www.linkedin.com\\\/company\\\/act-grupa\"]}]}<\/script>\n<!-- \/ Yoast SEO plugin. -->","yoast_head_json":{"title":"Europski monitor dru\u0161tvenih poduze\u0107a - ACT Grupa","robots":{"index":"index","follow":"follow","max-snippet":"max-snippet:-1","max-image-preview":"max-image-preview:large","max-video-preview":"max-video-preview:-1"},"canonical":"https:\/\/act-grupa.hr\/en\/projekti\/europski-monitor-drustvenih-poduzeca\/","og_locale":"en_GB","og_type":"article","og_title":"Europski monitor dru\u0161tvenih poduze\u0107a - ACT Grupa","og_description":"Europski monitor dru\u0161tvenih poduze\u0107a Europski monitor dru\u0161tvenih poduze\u0107a (European Social Entreprise Monitor \/ ESEM) je panel istra\u017eivanje koje prikuplja podatke za usporedbu dru\u0161tvenih poduze\u0107a i start-upova \u0161irom Europske unije. ESEM \u0107e pozitivno utjecati na dru\u0161tvena poduze\u0107a i socijalnu i solidarnu ekonomiju u Europi i \u0161ire. O\u010dekivani u\u010dinak monitora je sljede\u0107i: \u2022 Podaci o dru\u0161tvenom poduzetni\u0161tvu [&hellip;]","og_url":"https:\/\/act-grupa.hr\/en\/projekti\/europski-monitor-drustvenih-poduzeca\/","og_site_name":"ACT Grupa","article_publisher":"https:\/\/www.facebook.com\/ACTGrupa","article_modified_time":"2021-05-12T19:24:43+00:00","og_image":[{"url":"http:\/\/www.act-grupa.hr\/web\/wp-content\/uploads\/2021\/04\/logoemdp.jpg","type":"","width":"","height":""}],"twitter_card":"summary_large_image","twitter_misc":{"Estimated reading time":"2 minutes"},"schema":{"@context":"https:\/\/schema.org","@graph":[{"@type":"WebPage","@id":"https:\/\/act-grupa.hr\/en\/projekti\/europski-monitor-drustvenih-poduzeca\/","url":"https:\/\/act-grupa.hr\/en\/projekti\/europski-monitor-drustvenih-poduzeca\/","name":"Europski monitor dru\u0161tvenih poduze\u0107a - ACT Grupa","isPartOf":{"@id":"https:\/\/act-grupa.hr\/#website"},"primaryImageOfPage":{"@id":"https:\/\/act-grupa.hr\/en\/projekti\/europski-monitor-drustvenih-poduzeca\/#primaryimage"},"image":{"@id":"https:\/\/act-grupa.hr\/en\/projekti\/europski-monitor-drustvenih-poduzeca\/#primaryimage"},"thumbnailUrl":"http:\/\/www.act-grupa.hr\/web\/wp-content\/uploads\/2021\/04\/logoemdp.jpg","datePublished":"2021-04-23T16:02:14+00:00","dateModified":"2021-05-12T19:24:43+00:00","breadcrumb":{"@id":"https:\/\/act-grupa.hr\/en\/projekti\/europski-monitor-drustvenih-poduzeca\/#breadcrumb"},"inLanguage":"en-GB","potentialAction":[{"@type":"ReadAction","target":["https:\/\/act-grupa.hr\/en\/projekti\/europski-monitor-drustvenih-poduzeca\/"]}]},{"@type":"ImageObject","inLanguage":"en-GB","@id":"https:\/\/act-grupa.hr\/en\/projekti\/europski-monitor-drustvenih-poduzeca\/#primaryimage","url":"http:\/\/www.act-grupa.hr\/web\/wp-content\/uploads\/2021\/04\/logoemdp.jpg","contentUrl":"http:\/\/www.act-grupa.hr\/web\/wp-content\/uploads\/2021\/04\/logoemdp.jpg"},{"@type":"BreadcrumbList","@id":"https:\/\/act-grupa.hr\/en\/projekti\/europski-monitor-drustvenih-poduzeca\/#breadcrumb","itemListElement":[{"@type":"ListItem","position":1,"name":"Home","item":"https:\/\/act-grupa.hr\/"},{"@type":"ListItem","position":2,"name":"Projekti","item":"https:\/\/act-grupa.hr\/en\/projekti\/"},{"@type":"ListItem","position":3,"name":"Europski monitor dru\u0161tvenih poduze\u0107a"}]},{"@type":"WebSite","@id":"https:\/\/act-grupa.hr\/#website","url":"https:\/\/act-grupa.hr\/","name":"ACT Grupa","description":"Dobri za posao. Dobri za dru\u0161tvo.","publisher":{"@id":"https:\/\/act-grupa.hr\/#organization"},"potentialAction":[{"@type":"SearchAction","target":{"@type":"EntryPoint","urlTemplate":"https:\/\/act-grupa.hr\/?s={search_term_string}"},"query-input":{"@type":"PropertyValueSpecification","valueRequired":true,"valueName":"search_term_string"}}],"inLanguage":"en-GB"},{"@type":"Organization","@id":"https:\/\/act-grupa.hr\/#organization","name":"ACT Grupa","url":"https:\/\/act-grupa.hr\/","logo":{"@type":"ImageObject","inLanguage":"en-GB","@id":"https:\/\/act-grupa.hr\/#\/schema\/logo\/image\/","url":"https:\/\/act-grupa.hr\/web\/wp-content\/uploads\/2026\/01\/AG_logo_transparent-scaled.png","contentUrl":"https:\/\/act-grupa.hr\/web\/wp-content\/uploads\/2026\/01\/AG_logo_transparent-scaled.png","width":2560,"height":834,"caption":"ACT Grupa"},"image":{"@id":"https:\/\/act-grupa.hr\/#\/schema\/logo\/image\/"},"sameAs":["https:\/\/www.facebook.com\/ACTGrupa","https:\/\/www.instagram.com\/actgrupa\/","https:\/\/www.youtube.com\/@actgrupa","https:\/\/www.linkedin.com\/company\/act-grupa"]}]}},"_links":{"self":[{"href":"https:\/\/act-grupa.hr\/en\/wp-json\/wp\/v2\/pages\/558","targetHints":{"allow":["GET"]}}],"collection":[{"href":"https:\/\/act-grupa.hr\/en\/wp-json\/wp\/v2\/pages"}],"about":[{"href":"https:\/\/act-grupa.hr\/en\/wp-json\/wp\/v2\/types\/page"}],"author":[{"embeddable":true,"href":"https:\/\/act-grupa.hr\/en\/wp-json\/wp\/v2\/users\/2"}],"replies":[{"embeddable":true,"href":"https:\/\/act-grupa.hr\/en\/wp-json\/wp\/v2\/comments?post=558"}],"version-history":[{"count":7,"href":"https:\/\/act-grupa.hr\/en\/wp-json\/wp\/v2\/pages\/558\/revisions"}],"predecessor-version":[{"id":1316,"href":"https:\/\/act-grupa.hr\/en\/wp-json\/wp\/v2\/pages\/558\/revisions\/1316"}],"up":[{"embeddable":true,"href":"https:\/\/act-grupa.hr\/en\/wp-json\/wp\/v2\/pages\/157"}],"wp:attachment":[{"href":"https:\/\/act-grupa.hr\/en\/wp-json\/wp\/v2\/media?parent=558"}],"curies":[{"name":"wp","href":"https:\/\/api.w.org\/{rel}","templated":true}]}}